{"id":5844,"date":"2020-11-02T15:18:44","date_gmt":"2020-11-02T14:18:44","guid":{"rendered":"https:\/\/dulac-iseltwald.ch\/idees-dexcursions\/"},"modified":"2026-04-03T10:21:56","modified_gmt":"2026-04-03T08:21:56","slug":"idees-dexcursions","status":"publish","type":"page","link":"https:\/\/dulac-iseltwald.ch\/fr\/idees-dexcursions\/","title":{"rendered":"Id\u00e9es d\u2019excursions"},"content":{"rendered":"<div class=\"gb-container gb-container-334a7efc\"><div class=\"gb-inside-container\">\n\n<p class=\"gb-headline gb-headline-83bb8f80 gb-headline-text\">Notre h\u00f4tel n\u2019est pas seulement l\u2019endroit id\u00e9al pour se laisser choyer sur le plan culinaire, mais gr\u00e2ce \u00e0 la nature environnante, nous sommes \u00e9galement le point de d\u00e9part parfait pour une excursion d\u2019une journ\u00e9e. En tant que client de l\u2019h\u00f4tel, vous pouvez obtenir chez nous un pique-nique typique et \u00eatre ainsi parfaitement \u00e9quip\u00e9 pour une excursion ou une randonn\u00e9e. <\/p>\n\n<\/div><\/div><div class=\"gb-container gb-container-93ab6d2f\"><div class=\"gb-inside-container\">\n<div class=\"gb-grid-wrapper gb-grid-wrapper-35d5f9ba\">\n<div class=\"gb-grid-column gb-grid-column-4b11026f\"><div class=\"gb-container gb-container-4b11026f\"><div class=\"gb-inside-container\">\n\n<h2 class=\"gb-headline gb-headline-e16840e5 gb-headline-text\">Chutes du Giessbach<\/h2>\n\n\n\n<p class=\"gb-headline gb-headline-9dad4d63 gb-headline-text\">Le Giessbach est un torrent de montagne suisse de l\u2019Oberland bernois qui se jette dans la partie nord-est du lac de Brienz, au sud de l\u2019alpage de l\u2019Axalp, dans le canton de Berne.<\/p>\n\n\n<div class=\"gb-button-wrapper gb-button-wrapper-0e3488ce\">\n\n<a class=\"gb-button gb-button-20dff8d4 gb-button-text\" href=\"https:\/\/dulac-iseltwald.ch\/fr\/randonnee-diseltwald-aux-chutes-du-giessbach\/\"><strong>Voir l\u2019itin\u00e9raire de randonn\u00e9e<\/strong><\/a>\n\n<\/div>\n<\/div><\/div><\/div>\n\n<div class=\"gb-grid-column gb-grid-column-e6e5e244\"><div class=\"gb-container gb-container-e6e5e244\"><div class=\"gb-inside-container\">\n\n<figure class=\"wp-block-image size-large\"><img loading=\"lazy\" decoding=\"async\" width=\"1024\" height=\"684\" src=\"https:\/\/dulac-iseltwald.ch\/wp-content\/uploads\/2020\/11\/Giesbach-Wasserfall-Iseltwald-1024x684.jpg\" alt=\"Chutes du Giessbach\" class=\"wp-image-5239\" srcset=\"https:\/\/dulac-iseltwald.ch\/wp-content\/uploads\/2020\/11\/Giesbach-Wasserfall-Iseltwald-1024x684.jpg 1024w, https:\/\/dulac-iseltwald.ch\/wp-content\/uploads\/2020\/11\/Giesbach-Wasserfall-Iseltwald-300x200.jpg 300w, https:\/\/dulac-iseltwald.ch\/wp-content\/uploads\/2020\/11\/Giesbach-Wasserfall-Iseltwald-1536x1026.jpg 1536w, https:\/\/dulac-iseltwald.ch\/wp-content\/uploads\/2020\/11\/Giesbach-Wasserfall-Iseltwald-745x497.jpg 745w, https:\/\/dulac-iseltwald.ch\/wp-content\/uploads\/2020\/11\/Giesbach-Wasserfall-Iseltwald-735x491.jpg 735w, https:\/\/dulac-iseltwald.ch\/wp-content\/uploads\/2020\/11\/Giesbach-Wasserfall-Iseltwald-295x197.jpg 295w, https:\/\/dulac-iseltwald.ch\/wp-content\/uploads\/2020\/11\/Giesbach-Wasserfall-Iseltwald-375x250.jpg 375w, https:\/\/dulac-iseltwald.ch\/wp-content\/uploads\/2020\/11\/Giesbach-Wasserfall-Iseltwald.jpg 1920w\" sizes=\"auto, (max-width: 1024px) 100vw, 1024px\" \/><\/figure>\n\n<\/div><\/div><\/div>\n<\/div>\n<\/div><\/div><div class=\"gb-container gb-container-674f1555\"><div class=\"gb-inside-container\">\n<div class=\"gb-grid-wrapper gb-grid-wrapper-a159c36b\">\n<div class=\"gb-grid-column gb-grid-column-fb773f56\"><div class=\"gb-container gb-container-fb773f56\"><div class=\"gb-inside-container\">\n\n<figure class=\"wp-block-image size-large\"><img loading=\"lazy\" decoding=\"async\" width=\"1024\" height=\"683\" src=\"https:\/\/dulac-iseltwald.ch\/wp-content\/uploads\/2020\/11\/Crash-Landing-on-You-Steg-Iseltwald-1024x683.jpg\" alt=\"Ponton de Crash Landing on You &#xE0; Iseltwald\" class=\"wp-image-5240\" srcset=\"https:\/\/dulac-iseltwald.ch\/wp-content\/uploads\/2020\/11\/Crash-Landing-on-You-Steg-Iseltwald-1024x683.jpg 1024w, https:\/\/dulac-iseltwald.ch\/wp-content\/uploads\/2020\/11\/Crash-Landing-on-You-Steg-Iseltwald-300x200.jpg 300w, https:\/\/dulac-iseltwald.ch\/wp-content\/uploads\/2020\/11\/Crash-Landing-on-You-Steg-Iseltwald-1536x1024.jpg 1536w, https:\/\/dulac-iseltwald.ch\/wp-content\/uploads\/2020\/11\/Crash-Landing-on-You-Steg-Iseltwald-745x497.jpg 745w, https:\/\/dulac-iseltwald.ch\/wp-content\/uploads\/2020\/11\/Crash-Landing-on-You-Steg-Iseltwald-735x490.jpg 735w, https:\/\/dulac-iseltwald.ch\/wp-content\/uploads\/2020\/11\/Crash-Landing-on-You-Steg-Iseltwald-295x197.jpg 295w, https:\/\/dulac-iseltwald.ch\/wp-content\/uploads\/2020\/11\/Crash-Landing-on-You-Steg-Iseltwald-375x250.jpg 375w, https:\/\/dulac-iseltwald.ch\/wp-content\/uploads\/2020\/11\/Crash-Landing-on-You-Steg-Iseltwald.jpg 1920w\" sizes=\"auto, (max-width: 1024px) 100vw, 1024px\" \/><\/figure>\n\n<\/div><\/div><\/div>\n\n<div class=\"gb-grid-column gb-grid-column-97c9925f\"><div class=\"gb-container gb-container-97c9925f\"><div class=\"gb-inside-container\">\n\n<h2 class=\"gb-headline gb-headline-d6039765 gb-headline-text\">\u00ab <strong>Ponton de Crash Landing on You<\/strong> \u00bb<\/h2>\n\n\n\n<p class=\"gb-headline gb-headline-873780f9 gb-headline-text\">Saviez-vous que l\u2019une des s\u00e9ries cor\u00e9ennes les plus c\u00e9l\u00e8bres de Netflix a \u00e9t\u00e9 tourn\u00e9e \u00e0 Iseltwald ? Certains de ces lieux sont tout simplement magnifiques. Nous nous ferons un plaisir de vous en dire plus, notamment sur la mani\u00e8re de vous rendre au ponton.  <\/p>\n\n\n<div class=\"gb-button-wrapper gb-button-wrapper-6329cd87\">\n\n<a class=\"gb-button gb-button-9f97ec31 gb-button-text\" href=\"https:\/\/dulac-iseltwald.ch\/fr\/sur-les-traces-de-crash-landing-on-you-a-iseltwald\/\"><strong>En savoir plus<\/strong><\/a>\n\n<\/div>\n<\/div><\/div><\/div>\n<\/div>\n<\/div><\/div><div class=\"gb-container gb-container-e595df39\"><div class=\"gb-inside-container\">\n<div class=\"gb-grid-wrapper gb-grid-wrapper-bf676e1e\">\n<div class=\"gb-grid-column gb-grid-column-9ae51ed1\"><div class=\"gb-container gb-container-9ae51ed1\"><div class=\"gb-inside-container\">\n\n<h2 class=\"gb-headline gb-headline-2c5a3063 gb-headline-text\">Point de vue de Senggflue<\/h2>\n\n\n\n<p class=\"gb-headline gb-headline-a56fc5e0 gb-headline-text\">Apr\u00e8s une randonn\u00e9e de 45 minutes, vous atteindrez le magnifique point de vue de Senggflue. De l\u00e0-haut, vous profiterez d\u2019une vue imprenable sur Iseltwald jusqu\u2019\u00e0 Brienz. <\/p>\n\n\n<div class=\"gb-button-wrapper gb-button-wrapper-0c35bf19\">\n\n<a class=\"gb-button gb-button-716857b6 gb-button-text\" href=\"https:\/\/dulac-iseltwald.ch\/fr\/randonnee-diseltwald-au-point-de-vue-de-senggflue\/\"><strong>Voir l\u2019itin\u00e9raire de randonn\u00e9e<\/strong><\/a>\n\n<\/div>\n<\/div><\/div><\/div>\n\n<div class=\"gb-grid-column gb-grid-column-d07e6f21\"><div class=\"gb-container gb-container-d07e6f21\"><div class=\"gb-inside-container\">\n\n<figure class=\"wp-block-image size-large\"><img loading=\"lazy\" decoding=\"async\" width=\"1024\" height=\"683\" src=\"https:\/\/dulac-iseltwald.ch\/wp-content\/uploads\/2020\/11\/aussichtspunkt-sengg-Iseltwald-1024x683.jpg\" alt=\"point-de-vue-sengg Iseltwald\" class=\"wp-image-5241\" srcset=\"https:\/\/dulac-iseltwald.ch\/wp-content\/uploads\/2020\/11\/aussichtspunkt-sengg-Iseltwald-1024x683.jpg 1024w, https:\/\/dulac-iseltwald.ch\/wp-content\/uploads\/2020\/11\/aussichtspunkt-sengg-Iseltwald-300x200.jpg 300w, https:\/\/dulac-iseltwald.ch\/wp-content\/uploads\/2020\/11\/aussichtspunkt-sengg-Iseltwald-1536x1024.jpg 1536w, https:\/\/dulac-iseltwald.ch\/wp-content\/uploads\/2020\/11\/aussichtspunkt-sengg-Iseltwald-745x497.jpg 745w, https:\/\/dulac-iseltwald.ch\/wp-content\/uploads\/2020\/11\/aussichtspunkt-sengg-Iseltwald-735x490.jpg 735w, https:\/\/dulac-iseltwald.ch\/wp-content\/uploads\/2020\/11\/aussichtspunkt-sengg-Iseltwald-295x197.jpg 295w, https:\/\/dulac-iseltwald.ch\/wp-content\/uploads\/2020\/11\/aussichtspunkt-sengg-Iseltwald-375x250.jpg 375w, https:\/\/dulac-iseltwald.ch\/wp-content\/uploads\/2020\/11\/aussichtspunkt-sengg-Iseltwald.jpg 1920w\" sizes=\"auto, (max-width: 1024px) 100vw, 1024px\" \/><\/figure>\n\n<\/div><\/div><\/div>\n<\/div>\n<\/div><\/div>","protected":false},"excerpt":{"rendered":"<p>Notre h\u00f4tel n\u2019est pas seulement l\u2019endroit id\u00e9al pour se laisser choyer sur le plan culinaire, mais gr\u00e2ce \u00e0 la nature environnante, nous sommes \u00e9galement le point de d\u00e9part parfait pour une excursion d\u2019une journ\u00e9e. En tant que client de l\u2019h\u00f4tel, vous pouvez obtenir chez nous un pique-nique typique et \u00eatre ainsi parfaitement \u00e9quip\u00e9 pour une &#8230; <a title=\"Id\u00e9es d\u2019excursions\" class=\"read-more\" href=\"https:\/\/dulac-iseltwald.ch\/fr\/idees-dexcursions\/\" aria-label=\"En savoir plus sur Id\u00e9es d\u2019excursions\">Lire plus<\/a><\/p>\n","protected":false},"author":2,"featured_media":0,"parent":0,"menu_order":0,"comment_status":"closed","ping_status":"closed","template":"","meta":{"footnotes":""},"class_list":["post-5844","page","type-page","status-publish"],"_links":{"self":[{"href":"https:\/\/dulac-iseltwald.ch\/fr\/wp-json\/wp\/v2\/pages\/5844","targetHints":{"allow":["GET"]}}],"collection":[{"href":"https:\/\/dulac-iseltwald.ch\/fr\/wp-json\/wp\/v2\/pages"}],"about":[{"href":"https:\/\/dulac-iseltwald.ch\/fr\/wp-json\/wp\/v2\/types\/page"}],"author":[{"embeddable":true,"href":"https:\/\/dulac-iseltwald.ch\/fr\/wp-json\/wp\/v2\/users\/2"}],"replies":[{"embeddable":true,"href":"https:\/\/dulac-iseltwald.ch\/fr\/wp-json\/wp\/v2\/comments?post=5844"}],"version-history":[{"count":1,"href":"https:\/\/dulac-iseltwald.ch\/fr\/wp-json\/wp\/v2\/pages\/5844\/revisions"}],"predecessor-version":[{"id":5845,"href":"https:\/\/dulac-iseltwald.ch\/fr\/wp-json\/wp\/v2\/pages\/5844\/revisions\/5845"}],"wp:attachment":[{"href":"https:\/\/dulac-iseltwald.ch\/fr\/wp-json\/wp\/v2\/media?parent=5844"}],"curies":[{"name":"wp","href":"https:\/\/api.w.org\/{rel}","templated":true}]}}