{"id":5852,"date":"2020-11-02T14:34:04","date_gmt":"2020-11-02T13:34:04","guid":{"rendered":"https:\/\/dulac-iseltwald.ch\/vos-hotes\/"},"modified":"2026-04-03T10:22:22","modified_gmt":"2026-04-03T08:22:22","slug":"vos-hotes","status":"publish","type":"page","link":"https:\/\/dulac-iseltwald.ch\/fr\/vos-hotes\/","title":{"rendered":"Vos h\u00f4tes"},"content":{"rendered":"<div class=\"gb-container gb-container-4a2780b1\"><div class=\"gb-inside-container\">\n\n<h2 class=\"gb-headline gb-headline-9045e68c gb-headline-text\">Avec c\u0153ur et passion<\/h2>\n\n\n\n<p class=\"has-text-align-center\">Depuis 2005, Sascha &amp; Susanne Abegglen dirigent le Chalet Du Lac, repr\u00e9sentant la 5e g\u00e9n\u00e9ration. Ils se r\u00e9jouissent, avec leur \u00e9quipe de 25 collaborateurs, de vous accueillir au restaurant et \u00e0 l\u2019h\u00f4tel. <\/p>\n\n<\/div><\/div><div class=\"gb-container gb-container-b004b642\"><div class=\"gb-inside-container\">\n\n<div class=\"wp-block-image\"><figure class=\"aligncenter size-large\"><img loading=\"lazy\" decoding=\"async\" width=\"1024\" height=\"683\" src=\"https:\/\/dulac-iseltwald.ch\/wp-content\/uploads\/2020\/11\/Hotel-Chalet-Du-Lac-Familie-Abegglen-Gastgeber-1024x683.jpg\" alt=\"H&#xF4;tel-Chalet-Du-Lac-Famille-Abegglen-H&#xF4;tes\" class=\"wp-image-5233\" srcset=\"https:\/\/dulac-iseltwald.ch\/wp-content\/uploads\/2020\/11\/Hotel-Chalet-Du-Lac-Familie-Abegglen-Gastgeber-1024x683.jpg 1024w, https:\/\/dulac-iseltwald.ch\/wp-content\/uploads\/2020\/11\/Hotel-Chalet-Du-Lac-Familie-Abegglen-Gastgeber-300x200.jpg 300w, https:\/\/dulac-iseltwald.ch\/wp-content\/uploads\/2020\/11\/Hotel-Chalet-Du-Lac-Familie-Abegglen-Gastgeber-1536x1024.jpg 1536w, https:\/\/dulac-iseltwald.ch\/wp-content\/uploads\/2020\/11\/Hotel-Chalet-Du-Lac-Familie-Abegglen-Gastgeber-745x497.jpg 745w, https:\/\/dulac-iseltwald.ch\/wp-content\/uploads\/2020\/11\/Hotel-Chalet-Du-Lac-Familie-Abegglen-Gastgeber-735x490.jpg 735w, https:\/\/dulac-iseltwald.ch\/wp-content\/uploads\/2020\/11\/Hotel-Chalet-Du-Lac-Familie-Abegglen-Gastgeber-295x197.jpg 295w, https:\/\/dulac-iseltwald.ch\/wp-content\/uploads\/2020\/11\/Hotel-Chalet-Du-Lac-Familie-Abegglen-Gastgeber-375x250.jpg 375w, https:\/\/dulac-iseltwald.ch\/wp-content\/uploads\/2020\/11\/Hotel-Chalet-Du-Lac-Familie-Abegglen-Gastgeber.jpg 1920w\" sizes=\"auto, (max-width: 1024px) 100vw, 1024px\" \/><\/figure><\/div>\n\n<\/div><\/div>\n<p><\/p>\n","protected":false},"excerpt":{"rendered":"<p>Avec c\u0153ur et passion Depuis 2005, Sascha &amp; Susanne Abegglen dirigent le Chalet Du Lac, repr\u00e9sentant la 5e g\u00e9n\u00e9ration. Ils se r\u00e9jouissent, avec leur \u00e9quipe de 25 collaborateurs, de vous accueillir au restaurant et \u00e0 l\u2019h\u00f4tel.<\/p>\n","protected":false},"author":2,"featured_media":0,"parent":0,"menu_order":0,"comment_status":"closed","ping_status":"closed","template":"","meta":{"footnotes":""},"class_list":["post-5852","page","type-page","status-publish"],"_links":{"self":[{"href":"https:\/\/dulac-iseltwald.ch\/fr\/wp-json\/wp\/v2\/pages\/5852","targetHints":{"allow":["GET"]}}],"collection":[{"href":"https:\/\/dulac-iseltwald.ch\/fr\/wp-json\/wp\/v2\/pages"}],"about":[{"href":"https:\/\/dulac-iseltwald.ch\/fr\/wp-json\/wp\/v2\/types\/page"}],"author":[{"embeddable":true,"href":"https:\/\/dulac-iseltwald.ch\/fr\/wp-json\/wp\/v2\/users\/2"}],"replies":[{"embeddable":true,"href":"https:\/\/dulac-iseltwald.ch\/fr\/wp-json\/wp\/v2\/comments?post=5852"}],"version-history":[{"count":1,"href":"https:\/\/dulac-iseltwald.ch\/fr\/wp-json\/wp\/v2\/pages\/5852\/revisions"}],"predecessor-version":[{"id":5853,"href":"https:\/\/dulac-iseltwald.ch\/fr\/wp-json\/wp\/v2\/pages\/5852\/revisions\/5853"}],"wp:attachment":[{"href":"https:\/\/dulac-iseltwald.ch\/fr\/wp-json\/wp\/v2\/media?parent=5852"}],"curies":[{"name":"wp","href":"https:\/\/api.w.org\/{rel}","templated":true}]}}