{"id":5865,"date":"2020-10-12T16:51:47","date_gmt":"2020-10-12T14:51:47","guid":{"rendered":"https:\/\/dulac-iseltwald.ch\/declaration-de-confidentialite\/"},"modified":"2026-04-03T10:23:58","modified_gmt":"2026-04-03T08:23:58","slug":"declaration-de-confidentialite","status":"publish","type":"page","link":"https:\/\/dulac-iseltwald.ch\/fr\/declaration-de-confidentialite\/","title":{"rendered":"D\u00c9CLARATION DE CONFIDENTIALIT\u00c9"},"content":{"rendered":"\n<div class=\"gb-container gb-container-a11d7390\"><div class=\"gb-inside-container\">\n<p>Sascha Abegglen, Hotel Ch\u00e2let Du Lac, g\u00e8re l&rsquo;h\u00f4tel Hotel Ch\u00e2let Du Lac \u00e0 Iseltwald et est l&rsquo;exploitant du site web dulac-iseltwald.c. \u00c0 ce titre, il est responsable de la collecte, du traitement et de l&rsquo;utilisation de vos donn\u00e9es personnelles ainsi que de la conformit\u00e9 du traitement des donn\u00e9es avec le droit applicable en mati\u00e8re de protection des donn\u00e9es.<br\/>Votre confiance nous tient \u00e0 c\u0153ur, c&rsquo;est pourquoi nous prenons le sujet de la protection des donn\u00e9es au s\u00e9rieux et veillons \u00e0 une s\u00e9curit\u00e9 appropri\u00e9e. Nous respectons naturellement les dispositions l\u00e9gales de la Loi f\u00e9d\u00e9rale sur la protection des donn\u00e9es (LPD), de l&rsquo;Ordonnance relative \u00e0 la loi f\u00e9d\u00e9rale sur la protection des donn\u00e9es (OLPD), de la Loi sur les t\u00e9l\u00e9communications (LTC) et d&rsquo;autres dispositions \u00e9ventuelles du droit suisse ou de l&rsquo;UE en mati\u00e8re de protection des donn\u00e9es, en particulier le R\u00e8glement g\u00e9n\u00e9ral sur la protection des donn\u00e9es (RGPD). Afin que vous sachiez quelles donn\u00e9es \u00e0 caract\u00e8re personnel nous collectons aupr\u00e8s de vous et \u00e0 quelles fins nous les utilisons, veuillez prendre connaissance des informations ci-dessous.  <\/p>\n\n\n\n<h3 class=\"wp-block-heading\">A. Traitement des donn\u00e9es en relation avec notre site web<\/h3>\n\n\n\n<p><strong>0. Chiffrement SSL<\/strong><\/p>\n\n\n\n<p>Afin de prot\u00e9ger au mieux vos donn\u00e9es transmises, les exploitants du site web utilisent un chiffrement SSL. Vous reconnaissez ces connexions chiffr\u00e9es au pr\u00e9fixe \u00ab https:\/\/ \u00bb dans le lien de la page dans la barre d&rsquo;adresse de votre navigateur. Les pages non chiffr\u00e9es sont signal\u00e9es par \u00ab http:\/\/ \u00bb.<br\/>Toutes les donn\u00e9es que vous transmettez \u00e0 ce site web \u2013 par exemple lors de demandes ou de connexions \u2013 ne peuvent pas \u00eatre lues par des tiers gr\u00e2ce au chiffrement SSL.   <\/p>\n\n\n\n<p><strong>1. Consultation de notre site web<\/strong><\/p>\n\n\n\n<p>Lors de la visite de notre site web, nos serveurs enregistrent temporairement chaque acc\u00e8s dans un fichier journal. Les donn\u00e9es techniques suivantes sont alors saisies sans votre intervention, comme c&rsquo;est le cas pour toute connexion \u00e0 un serveur web, et enregistr\u00e9es jusqu&rsquo;\u00e0 leur suppression automatis\u00e9e : <\/p>\n\n\n\n<ul class=\"wp-block-list\"><li>l&rsquo;adresse IP de l&rsquo;ordinateur demandeur,<\/li><li>le nom du d\u00e9tenteur de la plage d&rsquo;adresses IP (g\u00e9n\u00e9ralement votre fournisseur d&rsquo;acc\u00e8s Internet),<\/li><li>la date et l&rsquo;heure de l&rsquo;acc\u00e8s,<\/li><li>le site web \u00e0 partir duquel l&rsquo;acc\u00e8s a eu lieu (URL de r\u00e9f\u00e9rence), le cas \u00e9ch\u00e9ant avec le mot-cl\u00e9 de recherche utilis\u00e9,<\/li><li>le nom et l&rsquo;URL du fichier consult\u00e9,<\/li><li>le code d&rsquo;\u00e9tat (par ex. message d&rsquo;erreur),<\/li><li>le syst\u00e8me d&rsquo;exploitation de votre ordinateur,<\/li><li>le navigateur que vous utilisez (type, version et langue),<\/li><li>le protocole de transfert utilis\u00e9 (par ex. HTTP\/1.1) et<\/li><li>le cas \u00e9ch\u00e9ant, votre nom d&rsquo;utilisateur issu d&rsquo;une inscription\/authentification<\/li><\/ul>\n\n\n\n<p>La collecte et le traitement de ces donn\u00e9es sont effectu\u00e9s dans le but de permettre l&rsquo;utilisation de notre site web (\u00e9tablissement de la connexion), de garantir durablement la s\u00e9curit\u00e9 et la stabilit\u00e9 du syst\u00e8me, de permettre l&rsquo;optimisation de notre offre Internet ainsi qu&rsquo;\u00e0 des fins statistiques internes. C&rsquo;est en cela que r\u00e9side notre int\u00e9r\u00eat l\u00e9gitime au traitement des donn\u00e9es au sens de l&rsquo;art. 6, al. 1, let. f du RGPD. L&rsquo;adresse IP est en outre analys\u00e9e avec les autres donn\u00e9es en cas d&rsquo;attaques sur l&rsquo;infrastructure r\u00e9seau ou d&rsquo;autres utilisations illicites ou abusives du site web \u00e0 des fins de clarification et de d\u00e9fense, et le cas \u00e9ch\u00e9ant, utilis\u00e9e dans le cadre d&rsquo;une proc\u00e9dure p\u00e9nale pour l&rsquo;identification et l&rsquo;action civile et p\u00e9nale contre les utilisateurs concern\u00e9s. C&rsquo;est en cela que r\u00e9side notre int\u00e9r\u00eat l\u00e9gitime au traitement des donn\u00e9es au sens de l&rsquo;art. 6, al. 1, let. f du RGPD.       <\/p>\n\n\n\n<p><strong>2. Utilisation de notre formulaire de contact<\/strong><\/p>\n\n\n\n<p>Vous avez la possibilit\u00e9 d&rsquo;utiliser un formulaire de contact pour nous contacter afin de commander un bon d&rsquo;achat. Pour ce faire, nous avons imp\u00e9rativement besoin des informations suivantes : <\/p>\n\n\n\n<ul class=\"wp-block-list\"><li>Pr\u00e9nom et nom<\/li><li>adresse compl\u00e8te<\/li><li>Num\u00e9ro de t\u00e9l\u00e9phone<\/li><li>Adresse e-mail<\/li><li>valeur et type du bon d&rsquo;achat<\/li><li>\u00e9ventuel message \/ remarque<\/li><\/ul>\n\n\n\n<p><\/p>\n\n\n\n<p>Nous utilisons ces donn\u00e9es uniquement pour pouvoir r\u00e9pondre \u00e0 votre demande de la mani\u00e8re la plus personnalis\u00e9e possible. Le traitement de ces donn\u00e9es est donc n\u00e9cessaire au sens de l&rsquo;art. 6, al. 1, let. b du RGPD pour l&rsquo;ex\u00e9cution de mesures pr\u00e9contractuelles ou rel\u00e8ve de notre int\u00e9r\u00eat l\u00e9gitime conform\u00e9ment \u00e0 l&rsquo;art. 6, al. 1, let. f du RGPD.      <\/p>\n\n\n\n<p><strong>3. R\u00e9servation sur le site web, par correspondance ou par appel t\u00e9l\u00e9phonique<\/strong><br\/>Lorsque vous effectuez des r\u00e9servations soit via notre site web, par correspondance (e-mail ou courrier postal) ou par appel t\u00e9l\u00e9phonique, nous avons imp\u00e9rativement besoin des donn\u00e9es suivantes pour l&rsquo;ex\u00e9cution du contrat :<\/p>\n\n\n\n<ul class=\"wp-block-list\"><li>Civilit\u00e9<\/li><li>Pr\u00e9nom et nom<\/li><li>Adresse postale<\/li><li>Date de naissance<\/li><li>Num\u00e9ro de t\u00e9l\u00e9phone<\/li><li>Langue<\/li><li>Informations de carte de cr\u00e9dit<\/li><li>Adresse e-mail<\/li><\/ul>\n\n\n\n<p>Nous n&rsquo;utiliserons ces donn\u00e9es ainsi que d&rsquo;autres informations fournies volontairement par vos soins (par ex. heure d&rsquo;arriv\u00e9e pr\u00e9vue, plaque d&rsquo;immatriculation du v\u00e9hicule, pr\u00e9f\u00e9rences, remarques) que pour l&rsquo;ex\u00e9cution du contrat, sauf mention contraire dans la pr\u00e9sente d\u00e9claration de confidentialit\u00e9 ou si vous n&rsquo;y avez pas consenti s\u00e9par\u00e9ment. Nous traiterons les donn\u00e9es notamment pour enregistrer votre r\u00e9servation conform\u00e9ment \u00e0 vos souhaits, pour fournir les prestations r\u00e9serv\u00e9es, pour vous contacter en cas d&rsquo;incertitudes ou de probl\u00e8mes et pour garantir le paiement correct. La base juridique du traitement des donn\u00e9es \u00e0 cette fin r\u00e9side dans l&rsquo;ex\u00e9cution d&rsquo;un contrat selon l&rsquo;art. 6, al. 1, let. b du RGPD. En cas de r\u00e9servation via notre syst\u00e8me de r\u00e9servation en ligne \u00ab SuperBooking \u00bb de la soci\u00e9t\u00e9 GHIX AG, Stanserstrasse 7, 6362 Stansstad, Suisse, nous renvoyons \u00e0 la d\u00e9claration de confidentialit\u00e9 de la soci\u00e9t\u00e9 GHIX, que vous trouverez dans le pied de page de la page de r\u00e9servation.     <br\/><br\/><strong>4. Cookie<\/strong>s<\/p>\n\n\n\n<p>Nous utilisons des cookies sur notre site Internet. Les cookies sont de petits fichiers texte ou d&rsquo;autres technologies de stockage qui sont d\u00e9pos\u00e9s et enregistr\u00e9s sur votre terminal par le navigateur Internet que vous utilisez. Ces cookies permettent de traiter certaines informations vous concernant dans une mesure individuelle, comme par exemple vos donn\u00e9es de navigation ou de localisation ou votre adresse IP.   <br\/>Les cookies aident, sous de nombreux aspects, \u00e0 rendre votre visite sur notre site web plus simple, plus agr\u00e9able et plus pertinente. Nous utilisons par exemple des cookies pour enregistrer temporairement les prestations que vous avez s\u00e9lectionn\u00e9es et les donn\u00e9es saisies lors du remplissage d&rsquo;un formulaire sur le site web, afin que vous n&rsquo;ayez pas \u00e0 r\u00e9p\u00e9ter la saisie lors de la consultation d&rsquo;une autre sous-page. Les cookies sont \u00e9galement utilis\u00e9s, le cas \u00e9ch\u00e9ant, pour pouvoir vous identifier en tant qu&rsquo;utilisateur enregistr\u00e9 apr\u00e8s votre inscription sur le site web, sans que vous ayez \u00e0 vous reconnecter lors de la consultation d&rsquo;une autre sous-page.  <\/p>\n\n\n\n<p>La plupart des navigateurs Internet acceptent automatiquement les cookies. Vous pouvez cependant configurer votre navigateur de mani\u00e8re \u00e0 ce qu&rsquo;aucun cookie ne soit enregistr\u00e9 sur votre ordinateur ou qu&rsquo;un message apparaisse syst\u00e9matiquement lorsque vous recevez un nouveau cookie. La d\u00e9sactivation des cookies peut toutefois vous emp\u00eacher d&rsquo;utiliser toutes les fonctions de notre site web.  <\/p>\n\n\n\n<h3 class=\"wp-block-heading\">B. Traitement des donn\u00e9es en relation avec votre s\u00e9jour<\/h3>\n\n\n\n<p><\/p>\n\n\n\n<p><strong>5. Traitement des donn\u00e9es pour l&rsquo;ex\u00e9cution des obligations l\u00e9gales de d\u00e9claration<\/strong><br\/>\u00c0 votre arriv\u00e9e dans notre h\u00f4tel, nous avons \u00e9ventuellement besoin des informations suivantes de votre part et de celle des personnes qui vous accompagnent :<\/p>\n\n\n\n<ul class=\"wp-block-list\"><li>Pr\u00e9nom et nom<\/li><li>Adresse postale et canton<\/li><li>Date de naissance<\/li><li>Lieu de naissance<\/li><li>Nationalit\u00e9<\/li><li>Pi\u00e8ce d&rsquo;identit\u00e9 officielle et num\u00e9ro<\/li><li>Jour d&rsquo;arriv\u00e9e et de d\u00e9part<\/li><li>Num\u00e9ro de chambre<\/li><\/ul>\n\n\n\n<p>Nous collectons ces informations pour remplir les obligations l\u00e9gales de d\u00e9claration qui d\u00e9coulent notamment du droit de l&rsquo;h\u00f4tellerie ou de la police. Dans la mesure o\u00f9 nous y sommes tenus par les prescriptions applicables, nous transmettons ces informations aux autorit\u00e9s de police comp\u00e9tentes. Notre int\u00e9r\u00eat l\u00e9gitime au sens de l&rsquo;art. 6, al. 1, let. f du RGPD r\u00e9side dans le respect des prescriptions l\u00e9gales.   <\/p>\n\n\n\n<p><strong>6. Saisie des prestations consomm\u00e9es<\/strong><br\/>Si vous b\u00e9n\u00e9ficiez de prestations suppl\u00e9mentaires dans le cadre de votre s\u00e9jour (par ex. consommations au restaurant), l&rsquo;objet de la prestation ainsi que le moment de la consommation sont saisis par nos soins \u00e0 des fins de facturation. Le traitement de ces donn\u00e9es est n\u00e9cessaire au sens de l&rsquo;art. 6, al. 1, let. b du RGPD pour l&rsquo;ex\u00e9cution du contrat avec nous.   <\/p>\n\n\n\n<h3 class=\"wp-block-heading\">C. Stockage et \u00e9change de donn\u00e9es avec des tiers<\/h3>\n\n\n\n<p><strong>7. Plateformes de r\u00e9servation<\/strong><\/p>\n\n\n\n<p>Si vous effectuez des r\u00e9servations via une plateforme tierce (telle que Booking.com), nous recevons diverses informations personnelles de la part de l&rsquo;exploitant de la plateforme concern\u00e9e. Il s&rsquo;agit en r\u00e8gle g\u00e9n\u00e9rale des donn\u00e9es \u00e9num\u00e9r\u00e9es au point 3 de la pr\u00e9sente d\u00e9claration de confidentialit\u00e9. En outre, des demandes concernant votre r\u00e9servation nous sont \u00e9ventuellement transmises. Nous traiterons ces donn\u00e9es notamment pour enregistrer votre r\u00e9servation conform\u00e9ment \u00e0 vos souhaits et pour fournir les prestations r\u00e9serv\u00e9es. La base juridique du traitement des donn\u00e9es \u00e0 cette fin r\u00e9side dans l&rsquo;ex\u00e9cution d&rsquo;un contrat selon l&rsquo;art. 6, al. 1, let. b du RGPD. Enfin, nous serons \u00e9ventuellement inform\u00e9s par les exploitants de plateformes de litiges en rapport avec une r\u00e9servation. Dans ce cadre, nous recevons parfois aussi des donn\u00e9es relatives au processus de r\u00e9servation, ce qui peut inclure une copie de la confirmation de r\u00e9servation comme preuve de la conclusion effective de la r\u00e9servation. Nous traitons ces donn\u00e9es pour la sauvegarde et la d\u00e9fense de nos droits. C&rsquo;est en cela que r\u00e9side notre int\u00e9r\u00eat l\u00e9gitime au sens de l&rsquo;art. 6, al. 1, let. f du RGPD.<br\/>Veuillez \u00e9galement consulter les informations relatives \u00e0 la protection des donn\u00e9es du fournisseur concern\u00e9.             <\/p>\n\n\n\n<p><br\/><strong>8. Stockage centralis\u00e9 et couplage des donn\u00e9es<\/strong><br\/>Nous enregistrons les donn\u00e9es indiqu\u00e9es aux points 2-3 et 5-7 dans un syst\u00e8me de traitement \u00e9lectronique centralis\u00e9 des donn\u00e9es. Les donn\u00e9es vous concernant sont alors syst\u00e9matiquement saisies et coupl\u00e9es pour le traitement de vos r\u00e9servations et l&rsquo;ex\u00e9cution des prestations contractuelles. Nous fondons le traitement de ces donn\u00e9es dans le cadre du logiciel sur notre int\u00e9r\u00eat l\u00e9gitime au sens de l&rsquo;art. 6, al. 1, let. f du RGPD \u00e0 une gestion des donn\u00e9es clients efficace et conviviale. <strong>9. Dur\u00e9e de conservation<\/strong><br\/>Nous ne conservons les donn\u00e9es \u00e0 caract\u00e8re personnel qu&rsquo;aussi longtemps que n\u00e9cessaire pour utiliser les services de suivi mentionn\u00e9s ci-dessus ainsi que les autres traitements dans le cadre de notre int\u00e9r\u00eat l\u00e9gitime. Les donn\u00e9es contractuelles sont conserv\u00e9es plus longtemps par nos soins, car cela est prescrit par des obligations l\u00e9gales de conservation. Les obligations de conservation qui nous imposent de conserver des donn\u00e9es d\u00e9coulent des prescriptions sur le droit de d\u00e9claration, sur la comptabilit\u00e9 et du droit fiscal. Selon ces prescriptions, la communication commerciale, les contrats conclus et les pi\u00e8ces comptables doivent \u00eatre conserv\u00e9s jusqu&rsquo;\u00e0 10 ans. Dans la mesure o\u00f9 nous n&rsquo;avons plus besoin de ces donn\u00e9es pour l&rsquo;ex\u00e9cution des services \u00e0 votre \u00e9gard, les donn\u00e9es sont verrouill\u00e9es. Cela signifie que les donn\u00e9es ne peuvent plus \u00eatre utilis\u00e9es qu&rsquo;\u00e0 des fins comptables et fiscales. <strong>10. Transmission des donn\u00e9es \u00e0 des tiers<\/strong><br\/>Nous ne transmettons vos donn\u00e9es \u00e0 caract\u00e8re personnel que si vous y avez express\u00e9ment consenti, s&rsquo;il existe une obligation l\u00e9gale \u00e0 cet effet ou si cela est n\u00e9cessaire pour faire valoir nos droits, en particulier pour faire valoir des pr\u00e9tentions d\u00e9coulant de la relation contractuelle. En outre, nous transmettons vos donn\u00e9es \u00e0 des tiers dans la mesure o\u00f9 cela est n\u00e9cessaire dans le cadre de l&rsquo;utilisation du site web et de l&rsquo;ex\u00e9cution du contrat (\u00e9galement en dehors du site web), notamment pour le traitement de vos r\u00e9servations.<br\/>Un prestataire de services auquel les donn\u00e9es \u00e0 caract\u00e8re personnel collect\u00e9es via le site web sont transmises ou qui y a ou peut y avoir acc\u00e8s est notre h\u00e9bergeur web netfuchs gmbh, untere B\u00f6nigstrasse 10a, 3800 Interlaken. Le site web est h\u00e9berg\u00e9 sur des serveurs en Allemagne. La transmission des donn\u00e9es a pour but la mise \u00e0 disposition et le maintien des fonctionnalit\u00e9s de notre site web. C&rsquo;est en cela que r\u00e9side notre int\u00e9r\u00eat l\u00e9gitime au sens de l&rsquo;art. 6, al. 1, let. f du RGPD.<br\/>Enfin, lors d&rsquo;un paiement par carte de cr\u00e9dit sur le site web, nous transmettons vos informations de carte de cr\u00e9dit \u00e0 l&rsquo;\u00e9metteur de votre carte de cr\u00e9dit ainsi qu&rsquo;\u00e0 l&rsquo;acqu\u00e9reur de la carte de cr\u00e9dit. Si vous optez pour un paiement par carte de cr\u00e9dit, il vous sera demand\u00e9 de saisir toutes les informations imp\u00e9rativement n\u00e9cessaires. La base juridique de la transmission des donn\u00e9es r\u00e9side dans l&rsquo;ex\u00e9cution d&rsquo;un contrat selon l&rsquo;art. 6, al. 1, let. b du RGPD.                    Concernant le traitement de vos informations de carte de cr\u00e9dit par ces tiers, nous vous prions de lire \u00e9galement les conditions g\u00e9n\u00e9rales ainsi que la d\u00e9claration de confidentialit\u00e9 de l&rsquo;\u00e9metteur de votre carte de cr\u00e9dit.<strong><br\/>11. Transmission de donn\u00e9es \u00e0 caract\u00e8re personnel \u00e0 l&rsquo;\u00e9tranger<\/strong><br\/>Nous sommes en droit de transmettre vos donn\u00e9es personnelles \u00e0 des entreprises tierces (prestataires de services mandat\u00e9s) \u00e0 l&rsquo;\u00e9tranger aux fins des traitements de donn\u00e9es d\u00e9crits dans la pr\u00e9sente d\u00e9claration de confidentialit\u00e9. Celles-ci sont soumises \u00e0 la protection des donn\u00e9es dans la m\u00eame mesure que nous-m\u00eames. Si le niveau de protection des donn\u00e9es dans un pays ne correspond pas au niveau suisse ou europ\u00e9en, nous garantissons par contrat que la protection de vos donn\u00e9es \u00e0 caract\u00e8re personnel correspond \u00e0 tout moment \u00e0 celle en vigueur en Suisse ou dans l&rsquo;UE.  <\/p>\n\n\n\n<h3 class=\"wp-block-heading\">D. Informations compl\u00e9mentaires<\/h3>\n\n\n\n<p><strong>12. Droit \u00e0 l&rsquo;information, \u00e0 la rectification, \u00e0 l&rsquo;effacement et \u00e0 la limitation du traitement ; droit \u00e0 la portabilit\u00e9 des donn\u00e9es<\/strong><br\/>Vous avez le droit d&rsquo;obtenir, sur demande, des informations sur les donn\u00e9es \u00e0 caract\u00e8re personnel que nous stockons \u00e0 votre sujet. En outre, vous avez le droit de rectifier des donn\u00e9es inexactes et le droit \u00e0 l&rsquo;effacement de vos donn\u00e9es \u00e0 caract\u00e8re personnel, pour autant qu&rsquo;aucune obligation l\u00e9gale de conservation ou qu&rsquo;aucun motif d&rsquo;autorisation nous permettant de traiter les donn\u00e9es ne s&rsquo;y oppose. <\/p>\n\n\n\n<p>Vous avez \u00e9galement le droit de nous demander de vous restituer les donn\u00e9es que vous nous avez transmises (droit \u00e0 la portabilit\u00e9 des donn\u00e9es). Sur demande, nous transmettons \u00e9galement les donn\u00e9es \u00e0 un tiers de votre choix. Vous avez le droit de recevoir les donn\u00e9es dans un format de fichier courant.  <\/p>\n\n\n\n<p>Vous pouvez nous contacter aux fins susmentionn\u00e9es via l&rsquo;adresse e-mail abegglen(at)dulac-iseltwald.c. Pour le traitement de vos demandes, nous pouvons, \u00e0 notre enti\u00e8re discr\u00e9tion, exiger une preuve d&rsquo;identit\u00e9. <\/p>\n\n\n\n<p><strong>13. S\u00e9curit\u00e9 des donn\u00e9es<\/strong><\/p>\n\n\n\n<p>Nous utilisons des mesures de s\u00e9curit\u00e9 techniques et organisationnelles appropri\u00e9es afin de prot\u00e9ger vos donn\u00e9es personnelles enregistr\u00e9es chez nous contre toute manipulation, perte partielle ou totale et contre tout acc\u00e8s non autoris\u00e9 par des tiers. Nos mesures de s\u00e9curit\u00e9 sont continuellement am\u00e9lior\u00e9es en fonction de l&rsquo;\u00e9volution technologique. <\/p>\n\n\n\n<p>Vous devez toujours traiter vos donn\u00e9es d&rsquo;acc\u00e8s de mani\u00e8re confidentielle et fermer la fen\u00eatre du navigateur lorsque vous avez termin\u00e9 la communication avec nous, en particulier si vous partagez l&rsquo;ordinateur avec d&rsquo;autres personnes.<\/p>\n\n\n\n<p>Nous prenons \u00e9galement la protection des donn\u00e9es au sein de l&rsquo;entreprise tr\u00e8s au s\u00e9rieux. Nos collaborateurs et les entreprises de services que nous avons mandat\u00e9es ont \u00e9t\u00e9 tenus par nos soins au secret et au respect des dispositions relatives \u00e0 la protection des donn\u00e9es.  <\/p>\n\n\n\n<p><strong>14. Remarque sur les transferts de donn\u00e9es vers les \u00c9tats-Unis<\/strong><br\/>Par souci d&rsquo;exhaustivit\u00e9, nous attirons l&rsquo;attention des utilisateurs domicili\u00e9s ou ayant leur si\u00e8ge en Suisse sur le fait qu&rsquo;il existe aux \u00c9tats-Unis des mesures de surveillance de la part des autorit\u00e9s am\u00e9ricaines qui permettent de mani\u00e8re g\u00e9n\u00e9rale le stockage de toutes les donn\u00e9es \u00e0 caract\u00e8re personnel de toutes les personnes dont les donn\u00e9es ont \u00e9t\u00e9 transmises de la Suisse vers les \u00c9tats-Unis. Cela se fait sans diff\u00e9renciation, limitation ou exception en fonction de l&rsquo;objectif poursuivi et sans crit\u00e8re objectif permettant de limiter l&rsquo;acc\u00e8s des autorit\u00e9s am\u00e9ricaines aux donn\u00e9es et leur utilisation ult\u00e9rieure \u00e0 des fins bien pr\u00e9cises et strictement limit\u00e9es, de nature \u00e0 justifier l&rsquo;ing\u00e9rence li\u00e9e tant \u00e0 l&rsquo;acc\u00e8s \u00e0 ces donn\u00e9es qu&rsquo;\u00e0 leur utilisation. En outre, nous signalons qu&rsquo;il n&rsquo;existe aux \u00c9tats-Unis aucun recours juridique pour les personnes concern\u00e9es de Suisse leur permettant d&rsquo;acc\u00e9der aux donn\u00e9es les concernant et d&rsquo;en obtenir la rectification ou l&rsquo;effacement, ou qu&rsquo;il n&rsquo;existe pas de protection juridictionnelle efficace contre les droits d&rsquo;acc\u00e8s g\u00e9n\u00e9raux des autorit\u00e9s am\u00e9ricaines. Nous attirons explicitement l&rsquo;attention de la personne concern\u00e9e sur cette situation juridique et factuelle afin qu&rsquo;elle puisse prendre une d\u00e9cision inform\u00e9e quant au consentement \u00e0 l&rsquo;utilisation de ses donn\u00e9es.   <\/p>\n\n\n\n<p>Nous informons les utilisateurs r\u00e9sidant dans un \u00c9tat membre de l&rsquo;UE que les \u00c9tats-Unis ne disposent pas d&rsquo;un niveau de protection des donn\u00e9es suffisant du point de vue de l&rsquo;Union europ\u00e9enne \u2013 entre autres en raison des th\u00e8mes mentionn\u00e9s dans cette section. Dans la mesure o\u00f9 nous avons expliqu\u00e9 dans cette d\u00e9claration de confidentialit\u00e9 que les destinataires des donn\u00e9es (comme par exemple Google) ont leur si\u00e8ge aux \u00c9tats-Unis, nous nous assurerons, soit par des dispositions contractuelles avec ces entreprises, soit en garantissant la certification de ces entreprises sous le bouclier de protection des donn\u00e9es UE-\u00c9tats-Unis ou Suisse-\u00c9tats-Unis (Privacy Shield), que vos donn\u00e9es sont prot\u00e9g\u00e9es \u00e0 un niveau ad\u00e9quat chez nos partenaires.  <\/p>\n\n\n\n<p><strong>15. Droit de recours aupr\u00e8s d&rsquo;une autorit\u00e9 de surveillance de la protection des donn\u00e9es<\/strong><br\/>Vous avez le droit de d\u00e9poser une plainte \u00e0 tout moment aupr\u00e8s d&rsquo;une autorit\u00e9 de surveillance de la protection des donn\u00e9es.<\/p>\n\n\n\n<p><strong>16. En notre nom propre<\/strong><\/p>\n\n\n\n<p>Cette d\u00e9claration de confidentialit\u00e9 a \u00e9t\u00e9 \u00e9tablie en toute bonne foi sur la base des recommandations de Hotelleriesuisse. \u00c9tat : janvier 2019 <\/p>\n<\/div><\/div>\n","protected":false},"excerpt":{"rendered":"<p>Sascha Abegglen, Hotel Ch\u00e2let Du Lac, g\u00e8re l&rsquo;h\u00f4tel Hotel Ch\u00e2let Du Lac \u00e0 Iseltwald et est l&rsquo;exploitant du site web dulac-iseltwald.c. \u00c0 ce titre, il est responsable de la collecte, du traitement et de l&rsquo;utilisation de vos donn\u00e9es personnelles ainsi que de la conformit\u00e9 du traitement des donn\u00e9es avec le droit applicable en mati\u00e8re de &#8230; <a title=\"D\u00c9CLARATION DE CONFIDENTIALIT\u00c9\" class=\"read-more\" href=\"https:\/\/dulac-iseltwald.ch\/fr\/declaration-de-confidentialite\/\" aria-label=\"En savoir plus sur D\u00c9CLARATION DE CONFIDENTIALIT\u00c9\">Lire plus<\/a><\/p>\n","protected":false},"author":2,"featured_media":0,"parent":0,"menu_order":0,"comment_status":"closed","ping_status":"closed","template":"","meta":{"footnotes":""},"class_list":["post-5865","page","type-page","status-publish"],"_links":{"self":[{"href":"https:\/\/dulac-iseltwald.ch\/fr\/wp-json\/wp\/v2\/pages\/5865","targetHints":{"allow":["GET"]}}],"collection":[{"href":"https:\/\/dulac-iseltwald.ch\/fr\/wp-json\/wp\/v2\/pages"}],"about":[{"href":"https:\/\/dulac-iseltwald.ch\/fr\/wp-json\/wp\/v2\/types\/page"}],"author":[{"embeddable":true,"href":"https:\/\/dulac-iseltwald.ch\/fr\/wp-json\/wp\/v2\/users\/2"}],"replies":[{"embeddable":true,"href":"https:\/\/dulac-iseltwald.ch\/fr\/wp-json\/wp\/v2\/comments?post=5865"}],"version-history":[{"count":1,"href":"https:\/\/dulac-iseltwald.ch\/fr\/wp-json\/wp\/v2\/pages\/5865\/revisions"}],"predecessor-version":[{"id":5866,"href":"https:\/\/dulac-iseltwald.ch\/fr\/wp-json\/wp\/v2\/pages\/5865\/revisions\/5866"}],"wp:attachment":[{"href":"https:\/\/dulac-iseltwald.ch\/fr\/wp-json\/wp\/v2\/media?parent=5865"}],"curies":[{"name":"wp","href":"https:\/\/api.w.org\/{rel}","templated":true}]}}