{"id":5873,"date":"2020-02-13T13:17:50","date_gmt":"2020-02-13T12:17:50","guid":{"rendered":"https:\/\/dulac-iseltwald.ch\/accueil\/"},"modified":"2026-04-03T10:24:21","modified_gmt":"2026-04-03T08:24:21","slug":"accueil","status":"publish","type":"page","link":"https:\/\/dulac-iseltwald.ch\/fr\/","title":{"rendered":"Accueil"},"content":{"rendered":"<div class=\"gb-container gb-container-b8d386f3\"><div class=\"gb-inside-container\">\n\n<h2 class=\"gb-headline gb-headline-f7a170d4\"><span class=\"gb-icon\"><svg xmlns:xlink=\"https:\/\/www.w3.org\/1999\/xlink\" xmlns=\"https:\/\/www.w3.org\/2000\/svg\" version=\"1.1\" viewbox=\"0 0 356 75\" height=\"75px\" width=\"356px\">     <title>XMLID_5119_<\/title>     <g fill-rule=\"evenodd\" fill=\"none\" stroke-width=\"1\" stroke=\"none\" id=\"Page-1\">         <g fill-rule=\"nonzero\" transform=\"translate(-5.000000, -184.000000)\" id=\"Hotel-Chalet-Du-Lac-Logo\">             <g transform=\"translate(5.000000, 184.000000)\" id=\"XMLID_5119_\">                 <path fill=\"#0070AD\" id=\"XMLID_5122_\" d=\"M0.8,52.8 C0.8,52.8 5.6,50.7 14.2,46.9 C22.9,43.1 35.4,37.6 51.3,31.7 C59.3,28.7 68.1,25.7 77.8,22.9 C87.5,20.1 98.1,17.6 109.4,15.9 C110.8,15.7 112.3,15.5 113.7,15.3 C115.1,15.1 116.6,15 118.1,14.8 C118.8,14.7 119.6,14.6 120.3,14.6 C121,14.5 121.8,14.4 122.5,14.4 C124,14.3 125.5,14.2 127.1,14.1 C133.2,13.8 139.5,14 145.9,14.6 C158.6,15.8 171.4,18.8 183.9,22.7 C196.5,26.6 208.3,31.2 219.6,35.4 C230.9,39.6 241.7,43.5 252.2,46.5 C257.4,48 262.6,49.2 267.6,50.2 C272.6,51.2 277.5,51.9 282.3,52.4 C291.9,53.3 300.9,53.2 308.9,52 C317,50.9 324.1,48.8 330.1,46.2 C333.1,44.9 335.8,43.5 338.1,42 C340.5,40.5 342.6,39.1 344.4,37.6 C348,34.7 350.6,32.2 352.2,30.4 C353,29.5 353.6,28.8 354,28.3 C354.4,27.8 354.6,27.6 354.6,27.6 C354.6,27.6 354.4,27.9 354.1,28.4 C353.8,28.9 353.3,29.7 352.6,30.8 C351.2,32.8 349.1,35.8 345.8,39.2 C342.5,42.6 338,46.5 332,49.9 C326.1,53.4 318.7,56.5 310.1,58.5 C301.6,60.6 291.9,61.6 281.6,61.4 C276.4,61.3 271.1,60.9 265.7,60.2 C260.3,59.5 254.7,58.5 249.1,57.3 C237.9,54.8 226.5,51.3 214.9,47.3 C203.3,43.4 191.6,39.1 179.6,35.3 C167.6,31.5 155.8,28.6 144.3,27.1 C138.5,26.4 132.9,26 127.3,26 C125.9,26 124.5,26.1 123.2,26.1 C122.5,26.1 121.8,26.2 121.1,26.2 C120.4,26.2 119.7,26.3 119,26.3 C117.6,26.4 116.2,26.5 114.9,26.5 C113.5,26.6 112.2,26.8 110.8,26.9 C100,27.9 89.6,29.6 80,31.5 C70.4,33.4 61.5,35.6 53.4,37.8 C37.2,42.1 24,46.1 14.9,48.7 C5.8,51.4 0.8,52.8 0.8,52.8 Z\"><\/path>                 <path fill=\"#99C6DE\" id=\"XMLID_5121_\" d=\"M40.6,53.8 C40.6,53.8 41.3,53.5 42.6,52.9 C43.9,52.3 45.9,51.5 48.5,50.5 C53.7,48.5 61.2,45.7 70.8,42.9 C80.4,40.1 92,37.3 105.3,35.8 C107,35.6 108.6,35.4 110.4,35.3 C111.3,35.2 112.1,35.2 113,35.1 C113.9,35 114.8,35 115.6,35 C116.5,35 117.4,34.9 118.3,34.9 C119.2,34.9 120.1,34.9 121,34.9 C121.9,34.9 122.8,34.9 123.7,34.9 C124.6,34.9 125.5,35 126.5,35 C128.3,35.1 130.2,35.3 132.1,35.4 C134,35.6 135.8,35.8 137.7,36 C141.5,36.6 145.2,37.2 149,38 C156.6,39.6 163.8,41.7 170.6,44 C177.4,46.3 183.9,48.8 189.9,51.2 C196,53.6 201.7,56 207,58.2 C212.3,60.4 217.3,62.4 221.9,64.2 C226.5,66 230.6,67.5 234.3,68.8 C236.1,69.4 237.9,70 239.5,70.5 C241.1,71 242.5,71.5 243.9,71.9 C245.2,72.3 246.4,72.7 247.4,73 C248.4,73.3 249.3,73.5 250,73.7 C251.4,74.1 252.1,74.3 252.1,74.3 C252.1,74.3 251.3,74.2 249.9,74.1 C249.2,74 248.3,74 247.2,73.9 C246.1,73.8 244.9,73.6 243.5,73.5 C242.1,73.3 240.6,73.1 238.9,72.8 C237.2,72.5 235.4,72.2 233.5,71.9 C229.6,71.1 225.2,70.2 220.4,69 C215.6,67.8 210.3,66.3 204.7,64.7 C199.1,63 193.2,61.2 187,59.2 C174.6,55.3 161.1,50.9 146.8,47.8 C143.2,47 139.7,46.4 136.2,45.8 C134.4,45.6 132.7,45.3 131,45.1 C129.3,44.9 127.6,44.7 125.8,44.5 C124.9,44.4 124.1,44.4 123.3,44.3 C122.5,44.2 121.6,44.2 120.8,44.1 C120,44.1 119.1,44 118.3,44 C117.5,44 116.6,44 115.8,43.9 C115,43.9 114.2,43.8 113.3,43.9 C112.5,43.9 111.7,43.9 110.9,43.9 C109.3,43.9 107.7,44 106.1,44 C93.3,44.5 81.7,46 72.1,47.6 C62.4,49.1 54.6,50.7 49.1,51.8 C43.7,53.2 40.6,53.8 40.6,53.8 Z\"><\/path>                 <path fill=\"#99C6DE\" id=\"XMLID_5120_\" d=\"M122.6,1.7 C122.6,1.7 123.5,1.6 125.1,1.4 C125.5,1.4 126,1.3 126.5,1.3 C127,1.2 127.6,1.2 128.2,1.2 C129.4,1.1 130.8,1.1 132.4,1 C134,1 135.7,0.9 137.6,0.9 C139.5,0.9 141.6,0.9 143.8,1.1 C146,1.2 148.4,1.4 151,1.7 C152.3,1.9 153.6,2 154.9,2.2 C156.2,2.4 157.6,2.6 159,2.8 C164.6,3.7 170.7,5 177.1,6.6 C183.5,8.2 190.3,10.3 197.4,12.6 C204.5,14.9 211.8,17.5 219.4,20.1 C227,22.7 234.8,25.3 242.9,27.7 C251,30.1 258.9,32 266.7,33.5 C274.5,34.9 282,35.7 289.3,35.9 C292.9,36 296.4,35.9 299.9,35.7 C303.3,35.5 306.6,35.1 309.8,34.6 C313,34.1 316,33.4 318.9,32.7 C321.8,31.9 324.5,31 327,30 C327.6,29.7 328.3,29.5 328.9,29.2 C329.5,28.9 330.1,28.7 330.7,28.4 C331,28.3 331.3,28.1 331.6,28 C331.9,27.9 332.2,27.7 332.5,27.6 C333.1,27.3 333.6,27 334.2,26.8 C334.7,26.5 335.3,26.2 335.8,25.9 C336.3,25.6 336.8,25.3 337.3,25 C338.3,24.4 339.3,23.8 340.1,23.2 C343.7,20.8 346.6,18.3 348.8,16.2 C351,14.1 352.6,12.3 353.7,11 C354.7,9.8 355.3,9.1 355.3,9.1 C355.3,9.1 354.8,9.8 354,11.2 C353.1,12.6 351.7,14.5 349.7,16.9 C347.7,19.3 345,22 341.5,24.8 C340.6,25.5 339.7,26.2 338.7,26.9 C338.2,27.3 337.7,27.6 337.2,27.9 C336.7,28.2 336.2,28.6 335.6,28.9 C335.1,29.2 334.5,29.6 333.9,29.9 C333.6,30.1 333.3,30.2 333,30.4 C332.7,30.6 332.4,30.7 332.1,30.9 C331.5,31.2 330.9,31.6 330.3,31.9 C329.7,32.2 329,32.5 328.4,32.8 C325.8,34 323.1,35.2 320.1,36.2 C317.1,37.2 314,38.1 310.7,38.8 C307.4,39.5 304,40.1 300.4,40.5 C296.8,40.9 293.1,41.1 289.3,41.2 C281.7,41.3 273.8,40.8 265.6,39.5 C257.5,38.2 249.2,36.3 240.9,33.8 C232.6,31.4 224.7,28.6 217.1,25.8 C209.5,23 202.3,20.2 195.4,17.6 C188.5,15 182,12.7 175.7,10.7 C169.5,8.7 163.7,7.1 158.3,5.8 C156.9,5.5 155.6,5.2 154.3,4.9 C153,4.6 151.7,4.4 150.5,4.1 C148,3.7 145.7,3.2 143.5,3 C141.3,2.7 139.3,2.5 137.4,2.2 C135.5,2 133.8,1.9 132.2,1.8 C130.6,1.7 129.3,1.7 128,1.6 C127.4,1.6 126.8,1.6 126.3,1.6 C125.8,1.6 125.3,1.6 124.9,1.6 C123.5,1.8 122.6,1.7 122.6,1.7 Z\"><\/path>             <\/g>         <\/g>     <\/g> <\/svg><\/span><span class=\"gb-headline-text\">Bienvenue au Chalet Du Lac<\/span><\/h2>\n\n\n\n<h3 class=\"gb-headline gb-headline-1e68d5a5 gb-headline-text\">\u00c0 seulement quelques minutes en voiture de la station de vacances anim\u00e9e d\u2019Interlaken, \u00e0 la lisi\u00e8re du pittoresque village de p\u00eacheurs d\u2019Iseltwald, l\u2019h\u00f4tel Chalet Du Lac se situe directement sur les rives du lac de Brienz.<\/h3>\n\n<\/div><\/div><div class=\"gb-container gb-container-c7cab77a\"><div class=\"gb-inside-container\">\n\n<div id=\"spiderBooking\"><\/div>\n<link rel=\"stylesheet\" href=\"https:\/\/wbe-static.hotel-spider.com\/widget\/spiderBooking4.css\"\/>\n    <script src=\"https:\/\/code.jquery.com\/jquery-1.12.4.min.js\" integrity=\"sha256-ZosEbRLbNQzLpnKIkEdrPv7lOy9C27hHQ+Xp8a4MxAQ=\" crossorigin=\"anonymous\"><\/script>\n    <script src=\"https:\/\/wbe-static.hotel-spider.com\/widget\/spiderBooking4.js\"><\/script>\n    <script>\n        $(function() {\n            $('#spiderBooking').SpiderBooking4({\n                hotelId: '01558302ca6a7698',\nlang: 'de',\ntemplate: 'homepage'\n\n            });\n        });\n    <\/script>\n\n<\/div><\/div><div class=\"gb-container gb-container-3e0ca671\"><div class=\"gb-inside-container\">\n<div class=\"gb-grid-wrapper gb-grid-wrapper-67a184d7\">\n<div class=\"gb-grid-column gb-grid-column-6211b6bb\"><div class=\"gb-container gb-container-6211b6bb\"><div class=\"gb-inside-container\">\n\n<figure class=\"wp-block-image size-large\"><img loading=\"lazy\" decoding=\"async\" width=\"1024\" height=\"683\" src=\"https:\/\/dulac-iseltwald.ch\/wp-content\/uploads\/2020\/11\/Zimmer-Aussicht-Brienzersee-Hotel-Chalet-Du-Lac-1024x683.jpg\" alt=\"Chambre-vue-lac-de-Brienz-h&#xF4;tel-Chalet-Du-Lac\" class=\"wp-image-5272\" srcset=\"https:\/\/dulac-iseltwald.ch\/wp-content\/uploads\/2020\/11\/Zimmer-Aussicht-Brienzersee-Hotel-Chalet-Du-Lac-1024x683.jpg 1024w, https:\/\/dulac-iseltwald.ch\/wp-content\/uploads\/2020\/11\/Zimmer-Aussicht-Brienzersee-Hotel-Chalet-Du-Lac-300x200.jpg 300w, https:\/\/dulac-iseltwald.ch\/wp-content\/uploads\/2020\/11\/Zimmer-Aussicht-Brienzersee-Hotel-Chalet-Du-Lac-1536x1024.jpg 1536w, https:\/\/dulac-iseltwald.ch\/wp-content\/uploads\/2020\/11\/Zimmer-Aussicht-Brienzersee-Hotel-Chalet-Du-Lac-745x497.jpg 745w, https:\/\/dulac-iseltwald.ch\/wp-content\/uploads\/2020\/11\/Zimmer-Aussicht-Brienzersee-Hotel-Chalet-Du-Lac-735x490.jpg 735w, https:\/\/dulac-iseltwald.ch\/wp-content\/uploads\/2020\/11\/Zimmer-Aussicht-Brienzersee-Hotel-Chalet-Du-Lac-295x197.jpg 295w, https:\/\/dulac-iseltwald.ch\/wp-content\/uploads\/2020\/11\/Zimmer-Aussicht-Brienzersee-Hotel-Chalet-Du-Lac-375x250.jpg 375w, https:\/\/dulac-iseltwald.ch\/wp-content\/uploads\/2020\/11\/Zimmer-Aussicht-Brienzersee-Hotel-Chalet-Du-Lac.jpg 1920w\" sizes=\"auto, (max-width: 1024px) 100vw, 1024px\" \/><\/figure>\n\n<\/div><\/div><\/div>\n\n<div class=\"gb-grid-column gb-grid-column-323c89de\"><div class=\"gb-container gb-container-323c89de\"><div class=\"gb-inside-container\">\n\n<h2 class=\"gb-headline gb-headline-0d369e97 gb-headline-text\"><strong>Nos chambres<\/strong><\/h2>\n\n\n\n<p class=\"gb-headline gb-headline-585209bd gb-headline-text\">Profitez de la meilleure vue sur le lac de Brienz depuis votre chambre, que ce soit depuis la fen\u00eatre ou le balcon.<\/p>\n\n\n<div class=\"gb-button-wrapper gb-button-wrapper-46c93aa5\">\n\n<a class=\"gb-button gb-button-9a4920c0 gb-button-text\" href=\"https:\/\/dulac-iseltwald.ch\/unsere-zimmer\/\">En savoir plus<\/a>\n\n<\/div>\n<\/div><\/div><\/div>\n<\/div>\n<\/div><\/div><div class=\"gb-container gb-container-eea810fc\"><div class=\"gb-inside-container\">\n<div class=\"gb-grid-wrapper gb-grid-wrapper-706e7ecc\">\n<div class=\"gb-grid-column gb-grid-column-96677918\"><div class=\"gb-container gb-container-96677918\"><div class=\"gb-inside-container\">\n\n<h2 class=\"gb-headline gb-headline-23d5bff4 gb-headline-text\"><strong>Id\u00e9es d\u2019excursions<\/strong><\/h2>\n\n\n\n<p class=\"gb-headline gb-headline-f3ca7c51 gb-headline-text\">Depuis notre h\u00f4tel, vous avez la possibilit\u00e9 de d\u00e9couvrir et de profiter de notre r\u00e9gion. Nous vous aidons volontiers avec des id\u00e9es d\u2019excursions. <\/p>\n\n\n<div class=\"gb-button-wrapper gb-button-wrapper-9b76c337\">\n\n<a class=\"gb-button gb-button-645e7325 gb-button-text\" href=\"https:\/\/dulac-iseltwald.ch\/fr\/idees-dexcursions\/\">En savoir plus<\/a>\n\n<\/div>\n<\/div><\/div><\/div>\n\n<div class=\"gb-grid-column gb-grid-column-772ca2bf\"><div class=\"gb-container gb-container-772ca2bf\"><div class=\"gb-inside-container\">\n\n<figure class=\"wp-block-image size-large\"><img loading=\"lazy\" decoding=\"async\" width=\"1024\" height=\"671\" src=\"https:\/\/dulac-iseltwald.ch\/wp-content\/uploads\/2020\/11\/Ausflugstipps-1024x671.jpg\" alt=\"Id&#xE9;es d&#x2019;excursions\" class=\"wp-image-5271\" srcset=\"https:\/\/dulac-iseltwald.ch\/wp-content\/uploads\/2020\/11\/Ausflugstipps-1024x671.jpg 1024w, https:\/\/dulac-iseltwald.ch\/wp-content\/uploads\/2020\/11\/Ausflugstipps-300x197.jpg 300w, https:\/\/dulac-iseltwald.ch\/wp-content\/uploads\/2020\/11\/Ausflugstipps-1536x1007.jpg 1536w, https:\/\/dulac-iseltwald.ch\/wp-content\/uploads\/2020\/11\/Ausflugstipps-745x488.jpg 745w, https:\/\/dulac-iseltwald.ch\/wp-content\/uploads\/2020\/11\/Ausflugstipps-735x482.jpg 735w, https:\/\/dulac-iseltwald.ch\/wp-content\/uploads\/2020\/11\/Ausflugstipps-295x193.jpg 295w, https:\/\/dulac-iseltwald.ch\/wp-content\/uploads\/2020\/11\/Ausflugstipps-375x246.jpg 375w, https:\/\/dulac-iseltwald.ch\/wp-content\/uploads\/2020\/11\/Ausflugstipps.jpg 1763w\" sizes=\"auto, (max-width: 1024px) 100vw, 1024px\" \/><\/figure>\n\n<\/div><\/div><\/div>\n<\/div>\n<\/div><\/div><div class=\"gb-container gb-container-fc87484b\"><div class=\"gb-inside-container\">\n\n<h2 class=\"gb-headline gb-headline-68ad9a71\"><span class=\"gb-icon\"><svg width=\"356px\" height=\"75px\" viewbox=\"0 0 356 75\" version=\"1.1\" xmlns=\"https:\/\/www.w3.org\/2000\/svg\" xmlns:xlink=\"https:\/\/www.w3.org\/1999\/xlink\">     <title>XMLID_5119_<\/title>     <g id=\"Page-1\" stroke=\"none\" stroke-width=\"1\" fill=\"none\" fill-rule=\"evenodd\">         <g id=\"Hotel-Chalet-Du-Lac-Logo\" transform=\"translate(-5.000000, -184.000000)\" fill-rule=\"nonzero\">             <g id=\"XMLID_5119_\" transform=\"translate(5.000000, 184.000000)\">                 <path d=\"M0.8,52.8 C0.8,52.8 5.6,50.7 14.2,46.9 C22.9,43.1 35.4,37.6 51.3,31.7 C59.3,28.7 68.1,25.7 77.8,22.9 C87.5,20.1 98.1,17.6 109.4,15.9 C110.8,15.7 112.3,15.5 113.7,15.3 C115.1,15.1 116.6,15 118.1,14.8 C118.8,14.7 119.6,14.6 120.3,14.6 C121,14.5 121.8,14.4 122.5,14.4 C124,14.3 125.5,14.2 127.1,14.1 C133.2,13.8 139.5,14 145.9,14.6 C158.6,15.8 171.4,18.8 183.9,22.7 C196.5,26.6 208.3,31.2 219.6,35.4 C230.9,39.6 241.7,43.5 252.2,46.5 C257.4,48 262.6,49.2 267.6,50.2 C272.6,51.2 277.5,51.9 282.3,52.4 C291.9,53.3 300.9,53.2 308.9,52 C317,50.9 324.1,48.8 330.1,46.2 C333.1,44.9 335.8,43.5 338.1,42 C340.5,40.5 342.6,39.1 344.4,37.6 C348,34.7 350.6,32.2 352.2,30.4 C353,29.5 353.6,28.8 354,28.3 C354.4,27.8 354.6,27.6 354.6,27.6 C354.6,27.6 354.4,27.9 354.1,28.4 C353.8,28.9 353.3,29.7 352.6,30.8 C351.2,32.8 349.1,35.8 345.8,39.2 C342.5,42.6 338,46.5 332,49.9 C326.1,53.4 318.7,56.5 310.1,58.5 C301.6,60.6 291.9,61.6 281.6,61.4 C276.4,61.3 271.1,60.9 265.7,60.2 C260.3,59.5 254.7,58.5 249.1,57.3 C237.9,54.8 226.5,51.3 214.9,47.3 C203.3,43.4 191.6,39.1 179.6,35.3 C167.6,31.5 155.8,28.6 144.3,27.1 C138.5,26.4 132.9,26 127.3,26 C125.9,26 124.5,26.1 123.2,26.1 C122.5,26.1 121.8,26.2 121.1,26.2 C120.4,26.2 119.7,26.3 119,26.3 C117.6,26.4 116.2,26.5 114.9,26.5 C113.5,26.6 112.2,26.8 110.8,26.9 C100,27.9 89.6,29.6 80,31.5 C70.4,33.4 61.5,35.6 53.4,37.8 C37.2,42.1 24,46.1 14.9,48.7 C5.8,51.4 0.8,52.8 0.8,52.8 Z\" id=\"XMLID_5122_\" fill=\"#0070AD\"><\/path>                 <path d=\"M40.6,53.8 C40.6,53.8 41.3,53.5 42.6,52.9 C43.9,52.3 45.9,51.5 48.5,50.5 C53.7,48.5 61.2,45.7 70.8,42.9 C80.4,40.1 92,37.3 105.3,35.8 C107,35.6 108.6,35.4 110.4,35.3 C111.3,35.2 112.1,35.2 113,35.1 C113.9,35 114.8,35 115.6,35 C116.5,35 117.4,34.9 118.3,34.9 C119.2,34.9 120.1,34.9 121,34.9 C121.9,34.9 122.8,34.9 123.7,34.9 C124.6,34.9 125.5,35 126.5,35 C128.3,35.1 130.2,35.3 132.1,35.4 C134,35.6 135.8,35.8 137.7,36 C141.5,36.6 145.2,37.2 149,38 C156.6,39.6 163.8,41.7 170.6,44 C177.4,46.3 183.9,48.8 189.9,51.2 C196,53.6 201.7,56 207,58.2 C212.3,60.4 217.3,62.4 221.9,64.2 C226.5,66 230.6,67.5 234.3,68.8 C236.1,69.4 237.9,70 239.5,70.5 C241.1,71 242.5,71.5 243.9,71.9 C245.2,72.3 246.4,72.7 247.4,73 C248.4,73.3 249.3,73.5 250,73.7 C251.4,74.1 252.1,74.3 252.1,74.3 C252.1,74.3 251.3,74.2 249.9,74.1 C249.2,74 248.3,74 247.2,73.9 C246.1,73.8 244.9,73.6 243.5,73.5 C242.1,73.3 240.6,73.1 238.9,72.8 C237.2,72.5 235.4,72.2 233.5,71.9 C229.6,71.1 225.2,70.2 220.4,69 C215.6,67.8 210.3,66.3 204.7,64.7 C199.1,63 193.2,61.2 187,59.2 C174.6,55.3 161.1,50.9 146.8,47.8 C143.2,47 139.7,46.4 136.2,45.8 C134.4,45.6 132.7,45.3 131,45.1 C129.3,44.9 127.6,44.7 125.8,44.5 C124.9,44.4 124.1,44.4 123.3,44.3 C122.5,44.2 121.6,44.2 120.8,44.1 C120,44.1 119.1,44 118.3,44 C117.5,44 116.6,44 115.8,43.9 C115,43.9 114.2,43.8 113.3,43.9 C112.5,43.9 111.7,43.9 110.9,43.9 C109.3,43.9 107.7,44 106.1,44 C93.3,44.5 81.7,46 72.1,47.6 C62.4,49.1 54.6,50.7 49.1,51.8 C43.7,53.2 40.6,53.8 40.6,53.8 Z\" id=\"XMLID_5121_\" fill=\"#99C6DE\"><\/path>                 <path d=\"M122.6,1.7 C122.6,1.7 123.5,1.6 125.1,1.4 C125.5,1.4 126,1.3 126.5,1.3 C127,1.2 127.6,1.2 128.2,1.2 C129.4,1.1 130.8,1.1 132.4,1 C134,1 135.7,0.9 137.6,0.9 C139.5,0.9 141.6,0.9 143.8,1.1 C146,1.2 148.4,1.4 151,1.7 C152.3,1.9 153.6,2 154.9,2.2 C156.2,2.4 157.6,2.6 159,2.8 C164.6,3.7 170.7,5 177.1,6.6 C183.5,8.2 190.3,10.3 197.4,12.6 C204.5,14.9 211.8,17.5 219.4,20.1 C227,22.7 234.8,25.3 242.9,27.7 C251,30.1 258.9,32 266.7,33.5 C274.5,34.9 282,35.7 289.3,35.9 C292.9,36 296.4,35.9 299.9,35.7 C303.3,35.5 306.6,35.1 309.8,34.6 C313,34.1 316,33.4 318.9,32.7 C321.8,31.9 324.5,31 327,30 C327.6,29.7 328.3,29.5 328.9,29.2 C329.5,28.9 330.1,28.7 330.7,28.4 C331,28.3 331.3,28.1 331.6,28 C331.9,27.9 332.2,27.7 332.5,27.6 C333.1,27.3 333.6,27 334.2,26.8 C334.7,26.5 335.3,26.2 335.8,25.9 C336.3,25.6 336.8,25.3 337.3,25 C338.3,24.4 339.3,23.8 340.1,23.2 C343.7,20.8 346.6,18.3 348.8,16.2 C351,14.1 352.6,12.3 353.7,11 C354.7,9.8 355.3,9.1 355.3,9.1 C355.3,9.1 354.8,9.8 354,11.2 C353.1,12.6 351.7,14.5 349.7,16.9 C347.7,19.3 345,22 341.5,24.8 C340.6,25.5 339.7,26.2 338.7,26.9 C338.2,27.3 337.7,27.6 337.2,27.9 C336.7,28.2 336.2,28.6 335.6,28.9 C335.1,29.2 334.5,29.6 333.9,29.9 C333.6,30.1 333.3,30.2 333,30.4 C332.7,30.6 332.4,30.7 332.1,30.9 C331.5,31.2 330.9,31.6 330.3,31.9 C329.7,32.2 329,32.5 328.4,32.8 C325.8,34 323.1,35.2 320.1,36.2 C317.1,37.2 314,38.1 310.7,38.8 C307.4,39.5 304,40.1 300.4,40.5 C296.8,40.9 293.1,41.1 289.3,41.2 C281.7,41.3 273.8,40.8 265.6,39.5 C257.5,38.2 249.2,36.3 240.9,33.8 C232.6,31.4 224.7,28.6 217.1,25.8 C209.5,23 202.3,20.2 195.4,17.6 C188.5,15 182,12.7 175.7,10.7 C169.5,8.7 163.7,7.1 158.3,5.8 C156.9,5.5 155.6,5.2 154.3,4.9 C153,4.6 151.7,4.4 150.5,4.1 C148,3.7 145.7,3.2 143.5,3 C141.3,2.7 139.3,2.5 137.4,2.2 C135.5,2 133.8,1.9 132.2,1.8 C130.6,1.7 129.3,1.7 128,1.6 C127.4,1.6 126.8,1.6 126.3,1.6 C125.8,1.6 125.3,1.6 124.9,1.6 C123.5,1.8 122.6,1.7 122.6,1.7 Z\" id=\"XMLID_5120_\" fill=\"#99C6DE\"><\/path>             <\/g>         <\/g>     <\/g> <\/svg><\/span><span class=\"gb-headline-text\">Chalet Du Lac<br>Depuis 1897<\/span><\/h2>\n\n<\/div><div class=\"gb-shapes\"><div class=\"gb-shape gb-shape-1\"><svg xmlns=\"http:\/\/www.w3.org\/2000\/svg\" viewBox=\"0 0 1200 96.2\" preserveAspectRatio=\"none\"><path d=\"M0 96.2h1200V72.9l-50-8.9c-50-8.6-150-26.9-250-22.2C800 46.2 700 72.9 600 64 500 55.4 400 10.4 300 1.8 200-7.1 100 19.5 50 32.9L0 46.2v50z\"\/><\/svg><\/div><div class=\"gb-shape gb-shape-2\"><svg xmlns=\"http:\/\/www.w3.org\/2000\/svg\" viewBox=\"0 0 1200 217.3\" preserveAspectRatio=\"none\"><path d=\"M1200 195.6l-25-22.2c-25-21.9-75-66.9-125-75.5-50-8.9-100 17.8-150 26.7-50 8.6-100 .2-150-13.3-50-13.1-100-31.4-150-26.7-50 4.4-100 31.1-150 26.7-50-4.8-100-39.8-150-66.7C250 18.1 200-.2 150 0 100-.2 50 18.1 25 26.7L0 35.6v181.7h1200v-21.7z\"\/><\/svg><\/div><\/div><\/div><div class=\"gb-container gb-container-ba20a0b3\"><div class=\"gb-inside-container\">\n\n<h2 class=\"gb-headline gb-headline-4e6e6de2 gb-headline-text\">Actualit\u00e9s<\/h2>\n\n\n<style>.wp-show-posts-columns#wpsp-5336 {margin-left: -2em; }.wp-show-posts-columns#wpsp-5336 .wp-show-posts-inner {margin: 0 0 2em 2em; }<\/style><section id=\"wpsp-5336\" class=\" wp-show-posts-columns wp-show-posts\" style=\"\"><article class=\" wp-show-posts-single post-5739 post type-post status-publish format-standard has-post-thumbnail hentry category-excursion-dune-journee wpsp-col-4\"><div class=\"wp-show-posts-inner\" style=\"\">\t\t<div class=\"wp-show-posts-image  wpsp-image-center \">\n\t\t\t<a href=\"https:\/\/dulac-iseltwald.ch\/fr\/randonnee-diseltwald-au-point-de-vue-de-senggflue\/\"  title=\"Randonn\u00e9e : d&rsquo;Iseltwald au point de vue de Senggflue\"><img loading=\"lazy\" decoding=\"async\" width=\"768\" height=\"512\" src=\"https:\/\/dulac-iseltwald.ch\/wp-content\/uploads\/2020\/11\/aussichtspunkt-sengg-Iseltwald.jpg\" class=\"attachment-medium_large size-medium_large wp-post-image\" alt=\"aussichtspunkt-sengg Iseltwald\" srcset=\"https:\/\/dulac-iseltwald.ch\/wp-content\/uploads\/2020\/11\/aussichtspunkt-sengg-Iseltwald.jpg 1920w, https:\/\/dulac-iseltwald.ch\/wp-content\/uploads\/2020\/11\/aussichtspunkt-sengg-Iseltwald-300x200.jpg 300w, https:\/\/dulac-iseltwald.ch\/wp-content\/uploads\/2020\/11\/aussichtspunkt-sengg-Iseltwald-1024x683.jpg 1024w, https:\/\/dulac-iseltwald.ch\/wp-content\/uploads\/2020\/11\/aussichtspunkt-sengg-Iseltwald-1536x1024.jpg 1536w, https:\/\/dulac-iseltwald.ch\/wp-content\/uploads\/2020\/11\/aussichtspunkt-sengg-Iseltwald-745x497.jpg 745w, https:\/\/dulac-iseltwald.ch\/wp-content\/uploads\/2020\/11\/aussichtspunkt-sengg-Iseltwald-735x490.jpg 735w, https:\/\/dulac-iseltwald.ch\/wp-content\/uploads\/2020\/11\/aussichtspunkt-sengg-Iseltwald-295x197.jpg 295w, https:\/\/dulac-iseltwald.ch\/wp-content\/uploads\/2020\/11\/aussichtspunkt-sengg-Iseltwald-375x250.jpg 375w\" sizes=\"auto, (max-width: 768px) 100vw, 768px\" \/><\/a>\t\t<\/div>\n\t\t\t\t\t\t\t\t<header class=\"wp-show-posts-entry-header\">\n\t\t\t\t\t\t\t<h2 class=\"wp-show-posts-entry-title\"><a href=\"https:\/\/dulac-iseltwald.ch\/fr\/randonnee-diseltwald-au-point-de-vue-de-senggflue\/\" rel=\"bookmark\">Randonn\u00e9e : d&rsquo;Iseltwald au point de vue de Senggflue<\/a><\/h2>\t\t\t\t\t\t<\/header><!-- .entry-header -->\n\t\t\t\t\t<\/div><!-- wp-show-posts-inner --><\/article><article class=\" wp-show-posts-single post-5753 post type-post status-publish format-standard has-post-thumbnail hentry category-excursion-dune-journee wpsp-col-4\"><div class=\"wp-show-posts-inner\" style=\"\">\t\t<div class=\"wp-show-posts-image  wpsp-image-center \">\n\t\t\t<a href=\"https:\/\/dulac-iseltwald.ch\/fr\/randonnee-diseltwald-aux-chutes-du-giessbach\/\"  title=\"Randonn\u00e9e : d\u2019Iseltwald aux chutes du Giessbach\"><img loading=\"lazy\" decoding=\"async\" width=\"768\" height=\"513\" src=\"https:\/\/dulac-iseltwald.ch\/wp-content\/uploads\/2020\/11\/Giesbach-Wasserfall-Iseltwald.jpg\" class=\"attachment-medium_large size-medium_large wp-post-image\" alt=\"Chutes du Giessbach\" srcset=\"https:\/\/dulac-iseltwald.ch\/wp-content\/uploads\/2020\/11\/Giesbach-Wasserfall-Iseltwald.jpg 1920w, https:\/\/dulac-iseltwald.ch\/wp-content\/uploads\/2020\/11\/Giesbach-Wasserfall-Iseltwald-300x200.jpg 300w, https:\/\/dulac-iseltwald.ch\/wp-content\/uploads\/2020\/11\/Giesbach-Wasserfall-Iseltwald-1024x684.jpg 1024w, https:\/\/dulac-iseltwald.ch\/wp-content\/uploads\/2020\/11\/Giesbach-Wasserfall-Iseltwald-1536x1026.jpg 1536w, https:\/\/dulac-iseltwald.ch\/wp-content\/uploads\/2020\/11\/Giesbach-Wasserfall-Iseltwald-745x497.jpg 745w, https:\/\/dulac-iseltwald.ch\/wp-content\/uploads\/2020\/11\/Giesbach-Wasserfall-Iseltwald-735x491.jpg 735w, https:\/\/dulac-iseltwald.ch\/wp-content\/uploads\/2020\/11\/Giesbach-Wasserfall-Iseltwald-295x197.jpg 295w, https:\/\/dulac-iseltwald.ch\/wp-content\/uploads\/2020\/11\/Giesbach-Wasserfall-Iseltwald-375x250.jpg 375w\" sizes=\"auto, (max-width: 768px) 100vw, 768px\" \/><\/a>\t\t<\/div>\n\t\t\t\t\t\t\t\t<header class=\"wp-show-posts-entry-header\">\n\t\t\t\t\t\t\t<h2 class=\"wp-show-posts-entry-title\"><a href=\"https:\/\/dulac-iseltwald.ch\/fr\/randonnee-diseltwald-aux-chutes-du-giessbach\/\" rel=\"bookmark\">Randonn\u00e9e : d\u2019Iseltwald aux chutes du Giessbach<\/a><\/h2>\t\t\t\t\t\t<\/header><!-- .entry-header -->\n\t\t\t\t\t<\/div><!-- wp-show-posts-inner --><\/article><article class=\" wp-show-posts-single post-5773 post type-post status-publish format-standard has-post-thumbnail hentry category-iseltwald wpsp-col-4\"><div class=\"wp-show-posts-inner\" style=\"\">\t\t<div class=\"wp-show-posts-image  wpsp-image-center \">\n\t\t\t<a href=\"https:\/\/dulac-iseltwald.ch\/fr\/sur-les-traces-de-crash-landing-on-you-a-iseltwald\/\"  title=\"Sur les traces de \u00ab Crash Landing on You \u00bb \u00e0 Iseltwald\"><img loading=\"lazy\" decoding=\"async\" width=\"768\" height=\"512\" src=\"https:\/\/dulac-iseltwald.ch\/wp-content\/uploads\/2020\/11\/Crash-Landing-on-You-Steg-Iseltwald.jpg\" class=\"attachment-medium_large size-medium_large wp-post-image\" alt=\"Embarcad\u00e8re Crash Landing on You Iseltwald\" srcset=\"https:\/\/dulac-iseltwald.ch\/wp-content\/uploads\/2020\/11\/Crash-Landing-on-You-Steg-Iseltwald.jpg 1920w, https:\/\/dulac-iseltwald.ch\/wp-content\/uploads\/2020\/11\/Crash-Landing-on-You-Steg-Iseltwald-300x200.jpg 300w, https:\/\/dulac-iseltwald.ch\/wp-content\/uploads\/2020\/11\/Crash-Landing-on-You-Steg-Iseltwald-1024x683.jpg 1024w, https:\/\/dulac-iseltwald.ch\/wp-content\/uploads\/2020\/11\/Crash-Landing-on-You-Steg-Iseltwald-1536x1024.jpg 1536w, https:\/\/dulac-iseltwald.ch\/wp-content\/uploads\/2020\/11\/Crash-Landing-on-You-Steg-Iseltwald-745x497.jpg 745w, https:\/\/dulac-iseltwald.ch\/wp-content\/uploads\/2020\/11\/Crash-Landing-on-You-Steg-Iseltwald-735x490.jpg 735w, https:\/\/dulac-iseltwald.ch\/wp-content\/uploads\/2020\/11\/Crash-Landing-on-You-Steg-Iseltwald-295x197.jpg 295w, https:\/\/dulac-iseltwald.ch\/wp-content\/uploads\/2020\/11\/Crash-Landing-on-You-Steg-Iseltwald-375x250.jpg 375w\" sizes=\"auto, (max-width: 768px) 100vw, 768px\" \/><\/a>\t\t<\/div>\n\t\t\t\t\t\t\t\t<header class=\"wp-show-posts-entry-header\">\n\t\t\t\t\t\t\t<h2 class=\"wp-show-posts-entry-title\"><a href=\"https:\/\/dulac-iseltwald.ch\/fr\/sur-les-traces-de-crash-landing-on-you-a-iseltwald\/\" rel=\"bookmark\">Sur les traces de \u00ab Crash Landing on You \u00bb \u00e0 Iseltwald<\/a><\/h2>\t\t\t\t\t\t<\/header><!-- .entry-header -->\n\t\t\t\t\t<\/div><!-- wp-show-posts-inner --><\/article><div class=\"wpsp-clear\"><\/div><\/section><!-- .wp-show-posts -->\n\n<\/div><\/div>","protected":false},"excerpt":{"rendered":"<p>XMLID_5119_ Bienvenue au Chalet Du Lac \u00c0 seulement quelques minutes en voiture de la station de vacances anim\u00e9e d\u2019Interlaken, \u00e0 la lisi\u00e8re du pittoresque village de p\u00eacheurs d\u2019Iseltwald, l\u2019h\u00f4tel Chalet Du Lac se situe directement sur les rives du lac de Brienz. XMLID_5119_ Chalet Du LacDepuis 1897 Actualit\u00e9s<\/p>\n","protected":false},"author":2,"featured_media":0,"parent":0,"menu_order":0,"comment_status":"closed","ping_status":"closed","template":"","meta":{"footnotes":""},"class_list":["post-5873","page","type-page","status-publish","hentry","generate-columns","tablet-grid-50","mobile-grid-100","grid-parent","grid-50","resize-featured-image"],"_links":{"self":[{"href":"https:\/\/dulac-iseltwald.ch\/fr\/wp-json\/wp\/v2\/pages\/5873","targetHints":{"allow":["GET"]}}],"collection":[{"href":"https:\/\/dulac-iseltwald.ch\/fr\/wp-json\/wp\/v2\/pages"}],"about":[{"href":"https:\/\/dulac-iseltwald.ch\/fr\/wp-json\/wp\/v2\/types\/page"}],"author":[{"embeddable":true,"href":"https:\/\/dulac-iseltwald.ch\/fr\/wp-json\/wp\/v2\/users\/2"}],"replies":[{"embeddable":true,"href":"https:\/\/dulac-iseltwald.ch\/fr\/wp-json\/wp\/v2\/comments?post=5873"}],"version-history":[{"count":1,"href":"https:\/\/dulac-iseltwald.ch\/fr\/wp-json\/wp\/v2\/pages\/5873\/revisions"}],"predecessor-version":[{"id":5876,"href":"https:\/\/dulac-iseltwald.ch\/fr\/wp-json\/wp\/v2\/pages\/5873\/revisions\/5876"}],"wp:attachment":[{"href":"https:\/\/dulac-iseltwald.ch\/fr\/wp-json\/wp\/v2\/media?parent=5873"}],"curies":[{"name":"wp","href":"https:\/\/api.w.org\/{rel}","templated":true}]}}