{"id":5887,"date":"2020-10-12T16:51:42","date_gmt":"2020-10-12T14:51:42","guid":{"rendered":"https:\/\/dulac-iseltwald.ch\/clause-de-non-responsabilite\/"},"modified":"2026-04-03T10:24:55","modified_gmt":"2026-04-03T08:24:55","slug":"clause-de-non-responsabilite","status":"publish","type":"page","link":"https:\/\/dulac-iseltwald.ch\/fr\/clause-de-non-responsabilite\/","title":{"rendered":"Clause de non-responsabilit\u00e9"},"content":{"rendered":"\n<div class=\"gb-container gb-container-b37f660d\"><div class=\"gb-inside-container\">\n<h3 class=\"wp-block-heading\"><strong>Responsabilit\u00e9 du contenu<\/strong><\/h3>\n\n\n\n<p>Le contenu de nos pages a \u00e9t\u00e9 \u00e9labor\u00e9 avec le plus grand soin. Cependant, nous ne pouvons garantir l&rsquo;exactitude, l&rsquo;exhaustivit\u00e9 et l&rsquo;actualit\u00e9 de ce contenu. Notre offre contient des liens vers des sites web externes de tiers, sur le contenu desquels nous n&rsquo;avons aucune influence. Par cons\u00e9quent, nous ne pouvons pas non plus garantir ces contenus externes. Le fournisseur ou l&rsquo;exploitant respectif des pages est toujours responsable du contenu des pages li\u00e9es. Les pages li\u00e9es ont \u00e9t\u00e9 v\u00e9rifi\u00e9es au moment de la cr\u00e9ation du lien pour d\u00e9tecter d&rsquo;\u00e9ventuelles violations l\u00e9gales. Aucun contenu ill\u00e9gal n&rsquo;\u00e9tait reconnaissable au moment de la cr\u00e9ation du lien. Un contr\u00f4le permanent du contenu des pages li\u00e9es n&rsquo;est cependant pas raisonnable sans indices concrets d&rsquo;une violation l\u00e9gale. En cas de connaissance de violations l\u00e9gales, nous supprimerons imm\u00e9diatement ces liens.        <\/p>\n\n\n\n<h3 class=\"wp-block-heading\"><strong>Protection des donn\u00e9es<\/strong><\/h3>\n\n\n\n<p>L&rsquo;utilisation de notre site web est g\u00e9n\u00e9ralement possible sans fournir de donn\u00e9es personnelles. Dans la mesure o\u00f9 des donn\u00e9es personnelles (par exemple, nom, adresse ou adresses e-mail) sont collect\u00e9es sur nos pages, cela se fait, dans la mesure du possible, toujours sur une base volontaire. Ces donn\u00e9es ne seront pas transmises \u00e0 des tiers sans votre consentement explicite.  <\/p>\n\n\n\n<p>Nous attirons votre attention sur le fait que la transmission de donn\u00e9es sur Internet (par exemple, lors de la communication par e-mail) peut pr\u00e9senter des failles de s\u00e9curit\u00e9. Une protection compl\u00e8te des donn\u00e9es contre l&rsquo;acc\u00e8s par des tiers n&rsquo;est pas possible. <\/p>\n\n\n\n<p>L&rsquo;utilisation par des tiers des coordonn\u00e9es publi\u00e9es dans le cadre de l&rsquo;obligation de mention l\u00e9gale pour l&rsquo;envoi de publicit\u00e9s et de mat\u00e9riel d&rsquo;information non express\u00e9ment sollicit\u00e9s est express\u00e9ment interdite. Les exploitants des pages se r\u00e9servent express\u00e9ment le droit d&rsquo;engager des poursuites judiciaires en cas d&rsquo;envoi non sollicit\u00e9 d&rsquo;informations publicitaires, par exemple par des spams. <\/p>\n<\/div><\/div>\n","protected":false},"excerpt":{"rendered":"<p>Responsabilit\u00e9 du contenu Le contenu de nos pages a \u00e9t\u00e9 \u00e9labor\u00e9 avec le plus grand soin. Cependant, nous ne pouvons garantir l&rsquo;exactitude, l&rsquo;exhaustivit\u00e9 et l&rsquo;actualit\u00e9 de ce contenu. Notre offre contient des liens vers des sites web externes de tiers, sur le contenu desquels nous n&rsquo;avons aucune influence. Par cons\u00e9quent, nous ne pouvons pas non &#8230; <a title=\"Clause de non-responsabilit\u00e9\" class=\"read-more\" href=\"https:\/\/dulac-iseltwald.ch\/fr\/clause-de-non-responsabilite\/\" aria-label=\"En savoir plus sur Clause de non-responsabilit\u00e9\">Lire plus<\/a><\/p>\n","protected":false},"author":2,"featured_media":0,"parent":0,"menu_order":0,"comment_status":"closed","ping_status":"closed","template":"","meta":{"footnotes":""},"class_list":["post-5887","page","type-page","status-publish"],"_links":{"self":[{"href":"https:\/\/dulac-iseltwald.ch\/fr\/wp-json\/wp\/v2\/pages\/5887","targetHints":{"allow":["GET"]}}],"collection":[{"href":"https:\/\/dulac-iseltwald.ch\/fr\/wp-json\/wp\/v2\/pages"}],"about":[{"href":"https:\/\/dulac-iseltwald.ch\/fr\/wp-json\/wp\/v2\/types\/page"}],"author":[{"embeddable":true,"href":"https:\/\/dulac-iseltwald.ch\/fr\/wp-json\/wp\/v2\/users\/2"}],"replies":[{"embeddable":true,"href":"https:\/\/dulac-iseltwald.ch\/fr\/wp-json\/wp\/v2\/comments?post=5887"}],"version-history":[{"count":1,"href":"https:\/\/dulac-iseltwald.ch\/fr\/wp-json\/wp\/v2\/pages\/5887\/revisions"}],"predecessor-version":[{"id":5888,"href":"https:\/\/dulac-iseltwald.ch\/fr\/wp-json\/wp\/v2\/pages\/5887\/revisions\/5888"}],"wp:attachment":[{"href":"https:\/\/dulac-iseltwald.ch\/fr\/wp-json\/wp\/v2\/media?parent=5887"}],"curies":[{"name":"wp","href":"https:\/\/api.w.org\/{rel}","templated":true}]}}