{"id":5899,"date":"2020-10-12T16:47:23","date_gmt":"2020-10-12T14:47:23","guid":{"rendered":"https:\/\/dulac-iseltwald.ch\/mentions-legales\/"},"modified":"2026-04-03T10:25:13","modified_gmt":"2026-04-03T08:25:13","slug":"mentions-legales","status":"publish","type":"page","link":"https:\/\/dulac-iseltwald.ch\/fr\/mentions-legales\/","title":{"rendered":"Mentions l\u00e9gales"},"content":{"rendered":"<div class=\"gb-container gb-container-d6251388\"><div class=\"gb-inside-container\">\n\n<h2 class=\"wp-block-heading\" id=\"h-verantwortlich-f-r-den-inhalt-owner\">Responsable du contenu \/ Propri\u00e9taire<\/h2>\n\n\n\n<p class=\"gb-headline gb-headline-f0054483 gb-headline-text\"><strong>Hotel Chalet Du Lac<\/strong><br>Sascha Abegglen &amp; Susanne Abegglen-Frewein<br>3807 Iseltwald am Brienzersee<br>T\u00e9l\u00e9phone : +41 (0)33 845 84 58<br>Fax : +41 (0)33 845 84 59<br>E-mail : <a href=\"mailto:abegglen@dulac-iseltwald.ch\">abegglen@dulac-iseltwald.ch<\/a><\/p>\n\n\n\n<h2 class=\"gb-headline gb-headline-96ba3f14 gb-headline-text\">Conception &amp; Design<\/h2>\n\n\n\n<p class=\"gb-headline gb-headline-0cd0d629 gb-headline-text\"><strong>this:matters<\/strong><br><a href=\"https:\/\/thismatters.agency\" target=\"_blank\" rel=\"noreferrer noopener\">https:\/\/thismatters.agency<br><\/a>hello@thismatters.agency<\/p>\n\n\n\n<h2 class=\"gb-headline gb-headline-ce3b53ca gb-headline-text\">Images<\/h2>\n\n\n\n<p class=\"gb-headline gb-headline-8c55b07e gb-headline-text\"><strong>Michel Photography<br><\/strong>Case postale<br>3855 Brienz<br><a href=\"https:\/\/michelphotography.ch\/\" target=\"_blank\" rel=\"noreferrer noopener nofollow\">https:\/\/michelphotography.ch\/<br><\/a>booking@michelphotography.ch<\/p>\n\n<\/div><\/div>","protected":false},"excerpt":{"rendered":"<p>Responsable du contenu \/ Propri\u00e9taire Hotel Chalet Du LacSascha Abegglen &amp; Susanne Abegglen-Frewein3807 Iseltwald am BrienzerseeT\u00e9l\u00e9phone : +41 (0)33 845 84 58Fax : +41 (0)33 845 84 59E-mail : abegglen@dulac-iseltwald.ch Conception &amp; Design this:mattershttps:\/\/thismatters.agencyhello@thismatters.agency Images Michel PhotographyCase postale3855 Brienzhttps:\/\/michelphotography.ch\/booking@michelphotography.ch<\/p>\n","protected":false},"author":2,"featured_media":0,"parent":0,"menu_order":0,"comment_status":"closed","ping_status":"closed","template":"","meta":{"footnotes":""},"class_list":["post-5899","page","type-page","status-publish"],"_links":{"self":[{"href":"https:\/\/dulac-iseltwald.ch\/fr\/wp-json\/wp\/v2\/pages\/5899","targetHints":{"allow":["GET"]}}],"collection":[{"href":"https:\/\/dulac-iseltwald.ch\/fr\/wp-json\/wp\/v2\/pages"}],"about":[{"href":"https:\/\/dulac-iseltwald.ch\/fr\/wp-json\/wp\/v2\/types\/page"}],"author":[{"embeddable":true,"href":"https:\/\/dulac-iseltwald.ch\/fr\/wp-json\/wp\/v2\/users\/2"}],"replies":[{"embeddable":true,"href":"https:\/\/dulac-iseltwald.ch\/fr\/wp-json\/wp\/v2\/comments?post=5899"}],"version-history":[{"count":1,"href":"https:\/\/dulac-iseltwald.ch\/fr\/wp-json\/wp\/v2\/pages\/5899\/revisions"}],"predecessor-version":[{"id":5900,"href":"https:\/\/dulac-iseltwald.ch\/fr\/wp-json\/wp\/v2\/pages\/5899\/revisions\/5900"}],"wp:attachment":[{"href":"https:\/\/dulac-iseltwald.ch\/fr\/wp-json\/wp\/v2\/media?parent=5899"}],"curies":[{"name":"wp","href":"https:\/\/api.w.org\/{rel}","templated":true}]}}