{"id":5914,"date":"2020-11-02T12:02:38","date_gmt":"2020-11-02T11:02:38","guid":{"rendered":"https:\/\/dulac-iseltwald.ch\/chambres-petit-budget\/"},"modified":"2026-04-03T10:26:15","modified_gmt":"2026-04-03T08:26:15","slug":"chambres-petit-budget","status":"publish","type":"page","link":"https:\/\/dulac-iseltwald.ch\/fr\/chambres-petit-budget\/","title":{"rendered":"Chambres petit budget"},"content":{"rendered":"\n<div id='gallery-1' class='gallery galleryid-5914 gallery-columns-3 gallery-size-thumbnail'><figure class='gallery-item'>\n\t\t\t<div class='gallery-icon landscape'>\n\t\t\t\t<a href='https:\/\/dulac-iseltwald.ch\/fr\/chambres-petit-budget\/low-budget-zimmer-bad-hotel-chalet-du-lac-2\/#main'><img loading=\"lazy\" decoding=\"async\" width=\"150\" height=\"150\" src=\"https:\/\/dulac-iseltwald.ch\/wp-content\/uploads\/2020\/11\/Low-Budget-Zimmer-Bad-Hotel-Chalet-Du-Lac-150x150.jpg\" class=\"attachment-thumbnail size-thumbnail\" alt=\"Chambre-petit-budget-salle-de-bains-Hotel-Chalet-Du-Lac\" \/><\/a>\n\t\t\t<\/div><\/figure><figure class='gallery-item'>\n\t\t\t<div class='gallery-icon landscape'>\n\t\t\t\t<a href='https:\/\/dulac-iseltwald.ch\/fr\/chambre-standard\/chambre-standard-hotel-chalet-du-lac\/#main'><img loading=\"lazy\" decoding=\"async\" width=\"150\" height=\"150\" src=\"https:\/\/dulac-iseltwald.ch\/wp-content\/uploads\/2020\/11\/Standard-Zimmer-Hotel-Chalet-Du-Lac-150x150.jpg\" class=\"attachment-thumbnail size-thumbnail\" alt=\"\" \/><\/a>\n\t\t\t<\/div><\/figure>\n\t\t<\/div>\n\n<div class=\"gb-container gb-container-5a885469\"><div class=\"gb-inside-container\">\n\n<p class=\"gb-headline gb-headline-862d1ed1 gb-headline-text\">En tant que client dans nos chambres individuelles et doubles petit budget, vous profitez du m\u00eame confort que dans toutes nos autres chambres, mais sans la vue.<br><br>Nos chambres sont \u00e9quip\u00e9es d\u2019un lit boxspring, vous offrent une salle de bains avec douche et sans balcon.<\/p>\n\n\n<div class=\"gb-container gb-container-bcf192b7\">\n\n<a class=\"gb-button gb-button-fb5a8d69 gb-button-text\" href=\"https:\/\/reservations.hotel-spider.com\/01558302ca6a7698\" target=\"_blank\" rel=\"noopener\">R\u00e9server une chambre maintenant<\/a>\n\n<\/div>\n<\/div><\/div><div class=\"gb-container gb-container-14e83e1b\"><div class=\"gb-inside-container\">\n\n<h2 class=\"gb-headline gb-headline-ac8b41e6 gb-headline-text\">\u00c9quipements de la chambre<\/h2>\n\n\n\n<p class=\"gb-headline gb-headline-9a41d77d\"><span class=\"gb-icon\"><svg xmlns=\"http:\/\/www.w3.org\/2000\/svg\" xmlns:xlink=\"http:\/\/www.w3.org\/1999\/xlink\" height=\"100%\" style=\"shape-rendering:geometricPrecision; text-rendering:geometricPrecision; image-rendering:optimizeQuality; fill-rule:evenodd; clip-rule:evenodd\" viewbox=\"0 0 20.9998 20.9998\" width=\"100%\" xml:space=\"preserve\"><defs><style type=\"text\/css\"> .fil0 {fill:none} .fil1 {fill:#FFCC00} <\/style><\/defs><g id=\"\u56fe\u5c42_x0020_1\"><rect class=\"fil0\" height=\"20.9998\" width=\"20.9998\"><\/rect><path class=\"fil1\" d=\"M11.0723 2.33295l2.14875 5.25818 5.66462 0.41867c0.2558,0.01885 0.46332,0.18156 0.54252,0.42545 0.07937,0.24406 0.00728,0.49771 -0.18867,0.66323l-4.33668 3.66833 1.35208 5.51696c0.06101,0.24902 -0.0296,0.49672 -0.23695,0.64752 -0.20768,0.15064 -0.47109,0.16023 -0.68919,0.02513l-4.82877 -2.99088 -4.82893 2.99088c-0.2181,0.13509 -0.48167,0.1255 -0.68919,-0.0253 -0.20735,-0.1508 -0.29796,-0.3985 -0.23695,-0.64735l1.35225 -5.51696 -4.33685 -3.66833c-0.19578,-0.16552 -0.26787,-0.41917 -0.1885,-0.66306 0.0792,-0.24389 0.28655,-0.4066 0.54219,-0.42562l5.66495 -0.41867 2.14858 -5.25818c0.0969,-0.23745 0.31582,-0.38411 0.57228,-0.38444 0.2563,0 0.47522,0.147 0.57245,0.38444l1e-005 0z\"><\/path><\/g><\/svg><\/span><span class=\"gb-headline-text\"><span class=\"gb-icon\"><\/span><span class=\"gb-headline-text\">Douche<\/span><\/span><\/p>\n\n\n\n<p class=\"gb-headline gb-headline-dd521a7a\"><span class=\"gb-icon\"><svg xmlns=\"http:\/\/www.w3.org\/2000\/svg\" xmlns:xlink=\"http:\/\/www.w3.org\/1999\/xlink\" height=\"100%\" style=\"shape-rendering:geometricPrecision; text-rendering:geometricPrecision; image-rendering:optimizeQuality; fill-rule:evenodd; clip-rule:evenodd\" viewbox=\"0 0 20.9998 20.9998\" width=\"100%\" xml:space=\"preserve\"><defs><style type=\"text\/css\"> .fil0 {fill:none} .fil1 {fill:#FFCC00} <\/style><\/defs><g id=\"\u56fe\u5c42_x0020_1\"><rect class=\"fil0\" height=\"20.9998\" width=\"20.9998\"><\/rect><path class=\"fil1\" d=\"M11.0723 2.33295l2.14875 5.25818 5.66462 0.41867c0.2558,0.01885 0.46332,0.18156 0.54252,0.42545 0.07937,0.24406 0.00728,0.49771 -0.18867,0.66323l-4.33668 3.66833 1.35208 5.51696c0.06101,0.24902 -0.0296,0.49672 -0.23695,0.64752 -0.20768,0.15064 -0.47109,0.16023 -0.68919,0.02513l-4.82877 -2.99088 -4.82893 2.99088c-0.2181,0.13509 -0.48167,0.1255 -0.68919,-0.0253 -0.20735,-0.1508 -0.29796,-0.3985 -0.23695,-0.64735l1.35225 -5.51696 -4.33685 -3.66833c-0.19578,-0.16552 -0.26787,-0.41917 -0.1885,-0.66306 0.0792,-0.24389 0.28655,-0.4066 0.54219,-0.42562l5.66495 -0.41867 2.14858 -5.25818c0.0969,-0.23745 0.31582,-0.38411 0.57228,-0.38444 0.2563,0 0.47522,0.147 0.57245,0.38444l1e-005 0z\"><\/path><\/g><\/svg><\/span><span class=\"gb-headline-text\"><span class=\"gb-icon\"><\/span><span class=\"gb-headline-text\">WC<\/span><\/span><\/p>\n\n\n\n<p class=\"gb-headline gb-headline-95f5c08c\"><span class=\"gb-icon\"><svg xmlns=\"http:\/\/www.w3.org\/2000\/svg\" xmlns:xlink=\"http:\/\/www.w3.org\/1999\/xlink\" height=\"100%\" style=\"shape-rendering:geometricPrecision; text-rendering:geometricPrecision; image-rendering:optimizeQuality; fill-rule:evenodd; clip-rule:evenodd\" viewbox=\"0 0 20.9998 20.9998\" width=\"100%\" xml:space=\"preserve\"><defs><style type=\"text\/css\"> .fil0 {fill:none} .fil1 {fill:#FFCC00} <\/style><\/defs><g id=\"\u56fe\u5c42_x0020_1\"><rect class=\"fil0\" height=\"20.9998\" width=\"20.9998\"><\/rect><path class=\"fil1\" d=\"M11.0723 2.33295l2.14875 5.25818 5.66462 0.41867c0.2558,0.01885 0.46332,0.18156 0.54252,0.42545 0.07937,0.24406 0.00728,0.49771 -0.18867,0.66323l-4.33668 3.66833 1.35208 5.51696c0.06101,0.24902 -0.0296,0.49672 -0.23695,0.64752 -0.20768,0.15064 -0.47109,0.16023 -0.68919,0.02513l-4.82877 -2.99088 -4.82893 2.99088c-0.2181,0.13509 -0.48167,0.1255 -0.68919,-0.0253 -0.20735,-0.1508 -0.29796,-0.3985 -0.23695,-0.64735l1.35225 -5.51696 -4.33685 -3.66833c-0.19578,-0.16552 -0.26787,-0.41917 -0.1885,-0.66306 0.0792,-0.24389 0.28655,-0.4066 0.54219,-0.42562l5.66495 -0.41867 2.14858 -5.25818c0.0969,-0.23745 0.31582,-0.38411 0.57228,-0.38444 0.2563,0 0.47522,0.147 0.57245,0.38444l1e-005 0z\"><\/path><\/g><\/svg><\/span><span class=\"gb-headline-text\"><span class=\"gb-icon\"><\/span><span class=\"gb-headline-text\">Divers produits de soins<\/span><\/span><\/p>\n\n\n\n<p class=\"gb-headline gb-headline-45d31cb6\"><span class=\"gb-icon\"><svg xmlns=\"http:\/\/www.w3.org\/2000\/svg\" xmlns:xlink=\"http:\/\/www.w3.org\/1999\/xlink\" height=\"100%\" style=\"shape-rendering:geometricPrecision; text-rendering:geometricPrecision; image-rendering:optimizeQuality; fill-rule:evenodd; clip-rule:evenodd\" viewbox=\"0 0 20.9998 20.9998\" width=\"100%\" xml:space=\"preserve\"><defs><style type=\"text\/css\"> .fil0 {fill:none} .fil1 {fill:#FFCC00} <\/style><\/defs><g id=\"\u56fe\u5c42_x0020_1\"><rect class=\"fil0\" height=\"20.9998\" width=\"20.9998\"><\/rect><path class=\"fil1\" d=\"M11.0723 2.33295l2.14875 5.25818 5.66462 0.41867c0.2558,0.01885 0.46332,0.18156 0.54252,0.42545 0.07937,0.24406 0.00728,0.49771 -0.18867,0.66323l-4.33668 3.66833 1.35208 5.51696c0.06101,0.24902 -0.0296,0.49672 -0.23695,0.64752 -0.20768,0.15064 -0.47109,0.16023 -0.68919,0.02513l-4.82877 -2.99088 -4.82893 2.99088c-0.2181,0.13509 -0.48167,0.1255 -0.68919,-0.0253 -0.20735,-0.1508 -0.29796,-0.3985 -0.23695,-0.64735l1.35225 -5.51696 -4.33685 -3.66833c-0.19578,-0.16552 -0.26787,-0.41917 -0.1885,-0.66306 0.0792,-0.24389 0.28655,-0.4066 0.54219,-0.42562l5.66495 -0.41867 2.14858 -5.25818c0.0969,-0.23745 0.31582,-0.38411 0.57228,-0.38444 0.2563,0 0.47522,0.147 0.57245,0.38444l1e-005 0z\"><\/path><\/g><\/svg><\/span><span class=\"gb-headline-text\"><span class=\"gb-icon\"><\/span><span class=\"gb-headline-text\">S\u00e8che-cheveux<\/span><\/span><\/p>\n\n\n\n<p class=\"gb-headline gb-headline-cd6be70d\"><span class=\"gb-icon\"><svg xmlns=\"http:\/\/www.w3.org\/2000\/svg\" xmlns:xlink=\"http:\/\/www.w3.org\/1999\/xlink\" height=\"100%\" style=\"shape-rendering:geometricPrecision; text-rendering:geometricPrecision; image-rendering:optimizeQuality; fill-rule:evenodd; clip-rule:evenodd\" viewbox=\"0 0 20.9998 20.9998\" width=\"100%\" xml:space=\"preserve\"><defs><style type=\"text\/css\"> .fil0 {fill:none} .fil1 {fill:#FFCC00} <\/style><\/defs><g id=\"\u56fe\u5c42_x0020_1\"><rect class=\"fil0\" height=\"20.9998\" width=\"20.9998\"><\/rect><path class=\"fil1\" d=\"M11.0723 2.33295l2.14875 5.25818 5.66462 0.41867c0.2558,0.01885 0.46332,0.18156 0.54252,0.42545 0.07937,0.24406 0.00728,0.49771 -0.18867,0.66323l-4.33668 3.66833 1.35208 5.51696c0.06101,0.24902 -0.0296,0.49672 -0.23695,0.64752 -0.20768,0.15064 -0.47109,0.16023 -0.68919,0.02513l-4.82877 -2.99088 -4.82893 2.99088c-0.2181,0.13509 -0.48167,0.1255 -0.68919,-0.0253 -0.20735,-0.1508 -0.29796,-0.3985 -0.23695,-0.64735l1.35225 -5.51696 -4.33685 -3.66833c-0.19578,-0.16552 -0.26787,-0.41917 -0.1885,-0.66306 0.0792,-0.24389 0.28655,-0.4066 0.54219,-0.42562l5.66495 -0.41867 2.14858 -5.25818c0.0969,-0.23745 0.31582,-0.38411 0.57228,-0.38444 0.2563,0 0.47522,0.147 0.57245,0.38444l1e-005 0z\"><\/path><\/g><\/svg><\/span><span class=\"gb-headline-text\"><span class=\"gb-icon\"><\/span><span class=\"gb-headline-text\">T\u00e9l\u00e9vision \u00e0 \u00e9cran plat avec t\u00e9l\u00e9vision par c\u00e2ble<\/span><\/span><\/p>\n\n\n\n<p class=\"gb-headline gb-headline-6f9b7d21\"><span class=\"gb-icon\"><svg xmlns=\"http:\/\/www.w3.org\/2000\/svg\" xmlns:xlink=\"http:\/\/www.w3.org\/1999\/xlink\" height=\"100%\" style=\"shape-rendering:geometricPrecision; text-rendering:geometricPrecision; image-rendering:optimizeQuality; fill-rule:evenodd; clip-rule:evenodd\" viewbox=\"0 0 20.9998 20.9998\" width=\"100%\" xml:space=\"preserve\"><defs><style type=\"text\/css\"> .fil0 {fill:none} .fil1 {fill:#FFCC00} <\/style><\/defs><g id=\"\u56fe\u5c42_x0020_1\"><rect class=\"fil0\" height=\"20.9998\" width=\"20.9998\"><\/rect><path class=\"fil1\" d=\"M11.0723 2.33295l2.14875 5.25818 5.66462 0.41867c0.2558,0.01885 0.46332,0.18156 0.54252,0.42545 0.07937,0.24406 0.00728,0.49771 -0.18867,0.66323l-4.33668 3.66833 1.35208 5.51696c0.06101,0.24902 -0.0296,0.49672 -0.23695,0.64752 -0.20768,0.15064 -0.47109,0.16023 -0.68919,0.02513l-4.82877 -2.99088 -4.82893 2.99088c-0.2181,0.13509 -0.48167,0.1255 -0.68919,-0.0253 -0.20735,-0.1508 -0.29796,-0.3985 -0.23695,-0.64735l1.35225 -5.51696 -4.33685 -3.66833c-0.19578,-0.16552 -0.26787,-0.41917 -0.1885,-0.66306 0.0792,-0.24389 0.28655,-0.4066 0.54219,-0.42562l5.66495 -0.41867 2.14858 -5.25818c0.0969,-0.23745 0.31582,-0.38411 0.57228,-0.38444 0.2563,0 0.47522,0.147 0.57245,0.38444l1e-005 0z\"><\/path><\/g><\/svg><\/span><span class=\"gb-headline-text\"><span class=\"gb-icon\"><\/span><span class=\"gb-headline-text\">Radio<\/span><\/span><\/p>\n\n\n\n<p class=\"gb-headline gb-headline-8c0265ea\"><span class=\"gb-icon\"><svg xmlns=\"http:\/\/www.w3.org\/2000\/svg\" xmlns:xlink=\"http:\/\/www.w3.org\/1999\/xlink\" height=\"100%\" style=\"shape-rendering:geometricPrecision; text-rendering:geometricPrecision; image-rendering:optimizeQuality; fill-rule:evenodd; clip-rule:evenodd\" viewbox=\"0 0 20.9998 20.9998\" width=\"100%\" xml:space=\"preserve\"><defs><style type=\"text\/css\"> .fil0 {fill:none} .fil1 {fill:#FFCC00} <\/style><\/defs><g id=\"\u56fe\u5c42_x0020_1\"><rect class=\"fil0\" height=\"20.9998\" width=\"20.9998\"><\/rect><path class=\"fil1\" d=\"M11.0723 2.33295l2.14875 5.25818 5.66462 0.41867c0.2558,0.01885 0.46332,0.18156 0.54252,0.42545 0.07937,0.24406 0.00728,0.49771 -0.18867,0.66323l-4.33668 3.66833 1.35208 5.51696c0.06101,0.24902 -0.0296,0.49672 -0.23695,0.64752 -0.20768,0.15064 -0.47109,0.16023 -0.68919,0.02513l-4.82877 -2.99088 -4.82893 2.99088c-0.2181,0.13509 -0.48167,0.1255 -0.68919,-0.0253 -0.20735,-0.1508 -0.29796,-0.3985 -0.23695,-0.64735l1.35225 -5.51696 -4.33685 -3.66833c-0.19578,-0.16552 -0.26787,-0.41917 -0.1885,-0.66306 0.0792,-0.24389 0.28655,-0.4066 0.54219,-0.42562l5.66495 -0.41867 2.14858 -5.25818c0.0969,-0.23745 0.31582,-0.38411 0.57228,-0.38444 0.2563,0 0.47522,0.147 0.57245,0.38444l1e-005 0z\"><\/path><\/g><\/svg><\/span><span class=\"gb-headline-text\"><span class=\"gb-icon\"><\/span><span class=\"gb-headline-text\">T\u00e9l\u00e9phone<\/span><\/span><\/p>\n\n\n\n<p class=\"gb-headline gb-headline-432fb4b9\"><span class=\"gb-icon\"><svg xmlns=\"http:\/\/www.w3.org\/2000\/svg\" xmlns:xlink=\"http:\/\/www.w3.org\/1999\/xlink\" height=\"100%\" style=\"shape-rendering:geometricPrecision; text-rendering:geometricPrecision; image-rendering:optimizeQuality; fill-rule:evenodd; clip-rule:evenodd\" viewbox=\"0 0 20.9998 20.9998\" width=\"100%\" xml:space=\"preserve\"><defs><style type=\"text\/css\"> .fil0 {fill:none} .fil1 {fill:#FFCC00} <\/style><\/defs><g id=\"\u56fe\u5c42_x0020_1\"><rect class=\"fil0\" height=\"20.9998\" width=\"20.9998\"><\/rect><path class=\"fil1\" d=\"M11.0723 2.33295l2.14875 5.25818 5.66462 0.41867c0.2558,0.01885 0.46332,0.18156 0.54252,0.42545 0.07937,0.24406 0.00728,0.49771 -0.18867,0.66323l-4.33668 3.66833 1.35208 5.51696c0.06101,0.24902 -0.0296,0.49672 -0.23695,0.64752 -0.20768,0.15064 -0.47109,0.16023 -0.68919,0.02513l-4.82877 -2.99088 -4.82893 2.99088c-0.2181,0.13509 -0.48167,0.1255 -0.68919,-0.0253 -0.20735,-0.1508 -0.29796,-0.3985 -0.23695,-0.64735l1.35225 -5.51696 -4.33685 -3.66833c-0.19578,-0.16552 -0.26787,-0.41917 -0.1885,-0.66306 0.0792,-0.24389 0.28655,-0.4066 0.54219,-0.42562l5.66495 -0.41867 2.14858 -5.25818c0.0969,-0.23745 0.31582,-0.38411 0.57228,-0.38444 0.2563,0 0.47522,0.147 0.57245,0.38444l1e-005 0z\"><\/path><\/g><\/svg><\/span><span class=\"gb-headline-text\"><span class=\"gb-icon\"><\/span><span class=\"gb-headline-text\">Bureau<\/span><\/span><\/p>\n\n\n\n<p class=\"gb-headline gb-headline-998ec686\"><span class=\"gb-icon\"><svg xmlns=\"http:\/\/www.w3.org\/2000\/svg\" xmlns:xlink=\"http:\/\/www.w3.org\/1999\/xlink\" height=\"100%\" style=\"shape-rendering:geometricPrecision; text-rendering:geometricPrecision; image-rendering:optimizeQuality; fill-rule:evenodd; clip-rule:evenodd\" viewbox=\"0 0 20.9998 20.9998\" width=\"100%\" xml:space=\"preserve\"><defs><style type=\"text\/css\"> .fil0 {fill:none} .fil1 {fill:#FFCC00} <\/style><\/defs><g id=\"\u56fe\u5c42_x0020_1\"><rect class=\"fil0\" height=\"20.9998\" width=\"20.9998\"><\/rect><path class=\"fil1\" d=\"M11.0723 2.33295l2.14875 5.25818 5.66462 0.41867c0.2558,0.01885 0.46332,0.18156 0.54252,0.42545 0.07937,0.24406 0.00728,0.49771 -0.18867,0.66323l-4.33668 3.66833 1.35208 5.51696c0.06101,0.24902 -0.0296,0.49672 -0.23695,0.64752 -0.20768,0.15064 -0.47109,0.16023 -0.68919,0.02513l-4.82877 -2.99088 -4.82893 2.99088c-0.2181,0.13509 -0.48167,0.1255 -0.68919,-0.0253 -0.20735,-0.1508 -0.29796,-0.3985 -0.23695,-0.64735l1.35225 -5.51696 -4.33685 -3.66833c-0.19578,-0.16552 -0.26787,-0.41917 -0.1885,-0.66306 0.0792,-0.24389 0.28655,-0.4066 0.54219,-0.42562l5.66495 -0.41867 2.14858 -5.25818c0.0969,-0.23745 0.31582,-0.38411 0.57228,-0.38444 0.2563,0 0.47522,0.147 0.57245,0.38444l1e-005 0z\"><\/path><\/g><\/svg><\/span><span class=\"gb-headline-text\"><span class=\"gb-icon\"><\/span><span class=\"gb-headline-text\">Acc\u00e8s Wi-Fi gratuit<\/span><\/span><\/p>\n\n\n\n<p class=\"gb-headline gb-headline-f6f9e91d\"><span class=\"gb-icon\"><svg xmlns=\"http:\/\/www.w3.org\/2000\/svg\" xmlns:xlink=\"http:\/\/www.w3.org\/1999\/xlink\" height=\"100%\" style=\"shape-rendering:geometricPrecision; text-rendering:geometricPrecision; image-rendering:optimizeQuality; fill-rule:evenodd; clip-rule:evenodd\" viewbox=\"0 0 20.9998 20.9998\" width=\"100%\" xml:space=\"preserve\"><defs><style type=\"text\/css\"> .fil0 {fill:none} .fil1 {fill:#FFCC00} <\/style><\/defs><g id=\"\u56fe\u5c42_x0020_1\"><rect class=\"fil0\" height=\"20.9998\" width=\"20.9998\"><\/rect><path class=\"fil1\" d=\"M11.0723 2.33295l2.14875 5.25818 5.66462 0.41867c0.2558,0.01885 0.46332,0.18156 0.54252,0.42545 0.07937,0.24406 0.00728,0.49771 -0.18867,0.66323l-4.33668 3.66833 1.35208 5.51696c0.06101,0.24902 -0.0296,0.49672 -0.23695,0.64752 -0.20768,0.15064 -0.47109,0.16023 -0.68919,0.02513l-4.82877 -2.99088 -4.82893 2.99088c-0.2181,0.13509 -0.48167,0.1255 -0.68919,-0.0253 -0.20735,-0.1508 -0.29796,-0.3985 -0.23695,-0.64735l1.35225 -5.51696 -4.33685 -3.66833c-0.19578,-0.16552 -0.26787,-0.41917 -0.1885,-0.66306 0.0792,-0.24389 0.28655,-0.4066 0.54219,-0.42562l5.66495 -0.41867 2.14858 -5.25818c0.0969,-0.23745 0.31582,-0.38411 0.57228,-0.38444 0.2563,0 0.47522,0.147 0.57245,0.38444l1e-005 0z\"><\/path><\/g><\/svg><\/span><span class=\"gb-headline-text\"><span class=\"gb-icon\"><\/span><span class=\"gb-headline-text\">Coffre-fort dans la chambre<\/span><\/span><\/p>\n\n<\/div><\/div>","protected":false},"excerpt":{"rendered":"<p>En tant que client dans nos chambres individuelles et doubles petit budget, vous profitez du m\u00eame confort que dans toutes nos autres chambres, mais sans la vue. Nos chambres sont \u00e9quip\u00e9es d\u2019un lit boxspring, vous offrent une salle de bains avec douche et sans balcon. \u00c9quipements de la chambre Douche WC Divers produits de soins &#8230; <a title=\"Chambres petit budget\" class=\"read-more\" href=\"https:\/\/dulac-iseltwald.ch\/fr\/chambres-petit-budget\/\" aria-label=\"En savoir plus sur Chambres petit budget\">Lire plus<\/a><\/p>\n","protected":false},"author":2,"featured_media":0,"parent":0,"menu_order":0,"comment_status":"closed","ping_status":"closed","template":"","meta":{"footnotes":""},"class_list":["post-5914","page","type-page","status-publish"],"_links":{"self":[{"href":"https:\/\/dulac-iseltwald.ch\/fr\/wp-json\/wp\/v2\/pages\/5914","targetHints":{"allow":["GET"]}}],"collection":[{"href":"https:\/\/dulac-iseltwald.ch\/fr\/wp-json\/wp\/v2\/pages"}],"about":[{"href":"https:\/\/dulac-iseltwald.ch\/fr\/wp-json\/wp\/v2\/types\/page"}],"author":[{"embeddable":true,"href":"https:\/\/dulac-iseltwald.ch\/fr\/wp-json\/wp\/v2\/users\/2"}],"replies":[{"embeddable":true,"href":"https:\/\/dulac-iseltwald.ch\/fr\/wp-json\/wp\/v2\/comments?post=5914"}],"version-history":[{"count":2,"href":"https:\/\/dulac-iseltwald.ch\/fr\/wp-json\/wp\/v2\/pages\/5914\/revisions"}],"predecessor-version":[{"id":5919,"href":"https:\/\/dulac-iseltwald.ch\/fr\/wp-json\/wp\/v2\/pages\/5914\/revisions\/5919"}],"wp:attachment":[{"href":"https:\/\/dulac-iseltwald.ch\/fr\/wp-json\/wp\/v2\/media?parent=5914"}],"curies":[{"name":"wp","href":"https:\/\/api.w.org\/{rel}","templated":true}]}}