{"id":5945,"date":"2020-11-02T12:02:19","date_gmt":"2020-11-02T11:02:19","guid":{"rendered":"https:\/\/dulac-iseltwald.ch\/chambre-standard\/"},"modified":"2026-04-03T10:26:27","modified_gmt":"2026-04-03T08:26:27","slug":"chambre-standard","status":"publish","type":"page","link":"https:\/\/dulac-iseltwald.ch\/fr\/chambre-standard\/","title":{"rendered":"Chambre Standard"},"content":{"rendered":"<div class=\"gb-container gb-container-e7884e0c\"><div class=\"gb-inside-container\">\n\n<div id='gallery-1' class='gallery galleryid-5945 gallery-columns-3 gallery-size-thumbnail'><figure class='gallery-item'>\n\t\t\t<div class='gallery-icon landscape'>\n\t\t\t\t<a href='https:\/\/dulac-iseltwald.ch\/fr\/dulac-zimmer-neues-bad-42-2\/'><img loading=\"lazy\" decoding=\"async\" width=\"150\" height=\"150\" src=\"https:\/\/dulac-iseltwald.ch\/wp-content\/uploads\/2025\/09\/dulac-zimmer-neues-bad-42-150x150.jpg\" class=\"attachment-thumbnail size-thumbnail\" alt=\"\" \/><\/a>\n\t\t\t<\/div><\/figure><figure class='gallery-item'>\n\t\t\t<div class='gallery-icon landscape'>\n\t\t\t\t<a href='https:\/\/dulac-iseltwald.ch\/fr\/dulac-zimmer-neues-bad-51-2\/'><img loading=\"lazy\" decoding=\"async\" width=\"150\" height=\"150\" src=\"https:\/\/dulac-iseltwald.ch\/wp-content\/uploads\/2025\/09\/dulac-zimmer-neues-bad-51-150x150.jpg\" class=\"attachment-thumbnail size-thumbnail\" alt=\"\" \/><\/a>\n\t\t\t<\/div><\/figure><figure class='gallery-item'>\n\t\t\t<div class='gallery-icon landscape'>\n\t\t\t\t<a href='https:\/\/dulac-iseltwald.ch\/fr\/dulac-zimmer-neues-bad-49-2\/'><img loading=\"lazy\" decoding=\"async\" width=\"150\" height=\"150\" src=\"https:\/\/dulac-iseltwald.ch\/wp-content\/uploads\/2025\/09\/dulac-zimmer-neues-bad-49-150x150.jpg\" class=\"attachment-thumbnail size-thumbnail\" alt=\"\" \/><\/a>\n\t\t\t<\/div><\/figure><figure class='gallery-item'>\n\t\t\t<div class='gallery-icon landscape'>\n\t\t\t\t<a href='https:\/\/dulac-iseltwald.ch\/fr\/dulac-zimmer-neues-bad-57-2\/'><img loading=\"lazy\" decoding=\"async\" width=\"150\" height=\"150\" src=\"https:\/\/dulac-iseltwald.ch\/wp-content\/uploads\/2025\/09\/dulac-zimmer-neues-bad-57-150x150.jpg\" class=\"attachment-thumbnail size-thumbnail\" alt=\"\" \/><\/a>\n\t\t\t<\/div><\/figure><figure class='gallery-item'>\n\t\t\t<div class='gallery-icon landscape'>\n\t\t\t\t<a href='https:\/\/dulac-iseltwald.ch\/fr\/dulac-zimmer-neues-bad-56-2\/'><img loading=\"lazy\" decoding=\"async\" width=\"150\" height=\"150\" src=\"https:\/\/dulac-iseltwald.ch\/wp-content\/uploads\/2025\/09\/dulac-zimmer-neues-bad-56-150x150.jpg\" class=\"attachment-thumbnail size-thumbnail\" alt=\"\" \/><\/a>\n\t\t\t<\/div><\/figure><figure class='gallery-item'>\n\t\t\t<div class='gallery-icon landscape'>\n\t\t\t\t<a href='https:\/\/dulac-iseltwald.ch\/fr\/dulac-zimmer-neues-bad-55-2\/'><img loading=\"lazy\" decoding=\"async\" width=\"150\" height=\"150\" src=\"https:\/\/dulac-iseltwald.ch\/wp-content\/uploads\/2025\/09\/dulac-zimmer-neues-bad-55-150x150.jpg\" class=\"attachment-thumbnail size-thumbnail\" alt=\"\" \/><\/a>\n\t\t\t<\/div><\/figure><figure class='gallery-item'>\n\t\t\t<div class='gallery-icon landscape'>\n\t\t\t\t<a href='https:\/\/dulac-iseltwald.ch\/fr\/dulac-zimmer-neues-bad-54-2\/'><img loading=\"lazy\" decoding=\"async\" width=\"150\" height=\"150\" src=\"https:\/\/dulac-iseltwald.ch\/wp-content\/uploads\/2025\/09\/dulac-zimmer-neues-bad-54-150x150.jpg\" class=\"attachment-thumbnail size-thumbnail\" alt=\"\" \/><\/a>\n\t\t\t<\/div><\/figure><figure class='gallery-item'>\n\t\t\t<div class='gallery-icon landscape'>\n\t\t\t\t<a href='https:\/\/dulac-iseltwald.ch\/fr\/dulac-zimmer-neues-bad-53-2\/'><img loading=\"lazy\" decoding=\"async\" width=\"150\" height=\"150\" src=\"https:\/\/dulac-iseltwald.ch\/wp-content\/uploads\/2025\/09\/dulac-zimmer-neues-bad-53-150x150.jpg\" class=\"attachment-thumbnail size-thumbnail\" alt=\"\" \/><\/a>\n\t\t\t<\/div><\/figure><figure class='gallery-item'>\n\t\t\t<div class='gallery-icon landscape'>\n\t\t\t\t<a href='https:\/\/dulac-iseltwald.ch\/fr\/dulac-zimmer-neues-bad-52-2\/'><img loading=\"lazy\" decoding=\"async\" width=\"150\" height=\"150\" src=\"https:\/\/dulac-iseltwald.ch\/wp-content\/uploads\/2025\/09\/dulac-zimmer-neues-bad-52-150x150.jpg\" class=\"attachment-thumbnail size-thumbnail\" alt=\"\" \/><\/a>\n\t\t\t<\/div><\/figure><figure class='gallery-item'>\n\t\t\t<div class='gallery-icon landscape'>\n\t\t\t\t<a href='https:\/\/dulac-iseltwald.ch\/fr\/dulac-zimmer-neues-bad-48-2\/'><img loading=\"lazy\" decoding=\"async\" width=\"150\" height=\"150\" src=\"https:\/\/dulac-iseltwald.ch\/wp-content\/uploads\/2025\/09\/dulac-zimmer-neues-bad-48-150x150.jpg\" class=\"attachment-thumbnail size-thumbnail\" alt=\"\" \/><\/a>\n\t\t\t<\/div><\/figure><figure class='gallery-item'>\n\t\t\t<div class='gallery-icon landscape'>\n\t\t\t\t<a href='https:\/\/dulac-iseltwald.ch\/fr\/dulac-zimmer-neues-bad-46-2\/'><img loading=\"lazy\" decoding=\"async\" width=\"150\" height=\"150\" src=\"https:\/\/dulac-iseltwald.ch\/wp-content\/uploads\/2025\/09\/dulac-zimmer-neues-bad-46-150x150.jpg\" class=\"attachment-thumbnail size-thumbnail\" alt=\"\" \/><\/a>\n\t\t\t<\/div><\/figure><figure class='gallery-item'>\n\t\t\t<div class='gallery-icon landscape'>\n\t\t\t\t<a href='https:\/\/dulac-iseltwald.ch\/fr\/dulac-zimmer-neues-bad-45-2\/'><img loading=\"lazy\" decoding=\"async\" width=\"150\" height=\"150\" src=\"https:\/\/dulac-iseltwald.ch\/wp-content\/uploads\/2025\/09\/dulac-zimmer-neues-bad-45-150x150.jpg\" class=\"attachment-thumbnail size-thumbnail\" alt=\"\" \/><\/a>\n\t\t\t<\/div><\/figure><figure class='gallery-item'>\n\t\t\t<div class='gallery-icon landscape'>\n\t\t\t\t<a href='https:\/\/dulac-iseltwald.ch\/fr\/dulac-zimmer-neues-bad-44-2\/'><img loading=\"lazy\" decoding=\"async\" width=\"150\" height=\"150\" src=\"https:\/\/dulac-iseltwald.ch\/wp-content\/uploads\/2025\/09\/dulac-zimmer-neues-bad-44-150x150.jpg\" class=\"attachment-thumbnail size-thumbnail\" alt=\"\" \/><\/a>\n\t\t\t<\/div><\/figure><figure class='gallery-item'>\n\t\t\t<div class='gallery-icon landscape'>\n\t\t\t\t<a href='https:\/\/dulac-iseltwald.ch\/fr\/dulac-zimmer-neues-bad-43-2\/'><img loading=\"lazy\" decoding=\"async\" width=\"150\" height=\"150\" src=\"https:\/\/dulac-iseltwald.ch\/wp-content\/uploads\/2025\/09\/dulac-zimmer-neues-bad-43-150x150.jpg\" class=\"attachment-thumbnail size-thumbnail\" alt=\"\" \/><\/a>\n\t\t\t<\/div><\/figure><figure class='gallery-item'>\n\t\t\t<div class='gallery-icon landscape'>\n\t\t\t\t<a href='https:\/\/dulac-iseltwald.ch\/fr\/dulac-zimmer-neues-bad-41-2\/'><img loading=\"lazy\" decoding=\"async\" width=\"150\" height=\"150\" src=\"https:\/\/dulac-iseltwald.ch\/wp-content\/uploads\/2025\/09\/dulac-zimmer-neues-bad-41-150x150.jpg\" class=\"attachment-thumbnail size-thumbnail\" alt=\"\" \/><\/a>\n\t\t\t<\/div><\/figure><figure class='gallery-item'>\n\t\t\t<div class='gallery-icon landscape'>\n\t\t\t\t<a href='https:\/\/dulac-iseltwald.ch\/fr\/dulac-zimmer-neues-bad-40-2\/'><img loading=\"lazy\" decoding=\"async\" width=\"150\" height=\"150\" src=\"https:\/\/dulac-iseltwald.ch\/wp-content\/uploads\/2025\/09\/dulac-zimmer-neues-bad-40-150x150.jpg\" class=\"attachment-thumbnail size-thumbnail\" alt=\"\" \/><\/a>\n\t\t\t<\/div><\/figure><figure class='gallery-item'>\n\t\t\t<div class='gallery-icon landscape'>\n\t\t\t\t<a href='https:\/\/dulac-iseltwald.ch\/fr\/dulac-zimmer-neues-bad-39-2\/'><img loading=\"lazy\" decoding=\"async\" width=\"150\" height=\"150\" src=\"https:\/\/dulac-iseltwald.ch\/wp-content\/uploads\/2025\/09\/dulac-zimmer-neues-bad-39-150x150.jpg\" class=\"attachment-thumbnail size-thumbnail\" alt=\"\" \/><\/a>\n\t\t\t<\/div><\/figure><figure class='gallery-item'>\n\t\t\t<div class='gallery-icon landscape'>\n\t\t\t\t<a href='https:\/\/dulac-iseltwald.ch\/fr\/dulac-zimmer-neues-bad-38-2\/'><img loading=\"lazy\" decoding=\"async\" width=\"150\" height=\"150\" src=\"https:\/\/dulac-iseltwald.ch\/wp-content\/uploads\/2025\/09\/dulac-zimmer-neues-bad-38-150x150.jpg\" class=\"attachment-thumbnail size-thumbnail\" alt=\"\" \/><\/a>\n\t\t\t<\/div><\/figure><figure class='gallery-item'>\n\t\t\t<div class='gallery-icon landscape'>\n\t\t\t\t<a href='https:\/\/dulac-iseltwald.ch\/fr\/dulac-zimmer-neues-bad-37-2\/'><img loading=\"lazy\" decoding=\"async\" width=\"150\" height=\"150\" src=\"https:\/\/dulac-iseltwald.ch\/wp-content\/uploads\/2025\/09\/dulac-zimmer-neues-bad-37-150x150.jpg\" class=\"attachment-thumbnail size-thumbnail\" alt=\"\" \/><\/a>\n\t\t\t<\/div><\/figure>\n\t\t<\/div>\n\n\n<\/div><\/div><div class=\"gb-container gb-container-5a885469\"><div class=\"gb-inside-container\">\n\n<p class=\"gb-headline gb-headline-862d1ed1 gb-headline-text\">Nos chambres Standard sont situ\u00e9es au 1er \u00e9tage et offrent une vue sur le lac ou la montagne. Comme toutes nos chambres, les chambres Standard sont am\u00e9nag\u00e9es dans un style chalet.  <br><br>Votre chambre dispose d&rsquo;un lit boxspring avec matelas s\u00e9par\u00e9s, ainsi que d&rsquo;une salle de bain avec douche ou baignoire. En plus d&rsquo;un canap\u00e9, nos chambres Standard disposent \u00e9galement d&rsquo;un balcon. <\/p>\n\n\n<div class=\"gb-container gb-container-cb26dc8a\">\n\n<a class=\"gb-button gb-button-a373fcaa gb-button-text\" href=\"https:\/\/reservations.hotel-spider.com\/01558302ca6a7698\" target=\"_blank\" rel=\"noopener\">R\u00e9server maintenant<\/a>\n\n<\/div>\n<\/div><\/div><div class=\"gb-container gb-container-14e83e1b\"><div class=\"gb-inside-container\">\n\n<h2 class=\"gb-headline gb-headline-ac8b41e6 gb-headline-text\">\u00c9quipements de la chambre<\/h2>\n\n\n\n<p class=\"gb-headline gb-headline-9a41d77d\"><span class=\"gb-icon\"><svg xmlns=\"http:\/\/www.w3.org\/2000\/svg\" xmlns:xlink=\"http:\/\/www.w3.org\/1999\/xlink\" height=\"100%\" style=\"shape-rendering:geometricPrecision; text-rendering:geometricPrecision; image-rendering:optimizeQuality; fill-rule:evenodd; clip-rule:evenodd\" viewbox=\"0 0 20.9998 20.9998\" width=\"100%\" xml:space=\"preserve\"><defs><style type=\"text\/css\"> .fil0 {fill:none} .fil1 {fill:#FFCC00} <\/style><\/defs><g id=\"\u56fe\u5c42_x0020_1\"><rect class=\"fil0\" height=\"20.9998\" width=\"20.9998\"><\/rect><path class=\"fil1\" d=\"M11.0723 2.33295l2.14875 5.25818 5.66462 0.41867c0.2558,0.01885 0.46332,0.18156 0.54252,0.42545 0.07937,0.24406 0.00728,0.49771 -0.18867,0.66323l-4.33668 3.66833 1.35208 5.51696c0.06101,0.24902 -0.0296,0.49672 -0.23695,0.64752 -0.20768,0.15064 -0.47109,0.16023 -0.68919,0.02513l-4.82877 -2.99088 -4.82893 2.99088c-0.2181,0.13509 -0.48167,0.1255 -0.68919,-0.0253 -0.20735,-0.1508 -0.29796,-0.3985 -0.23695,-0.64735l1.35225 -5.51696 -4.33685 -3.66833c-0.19578,-0.16552 -0.26787,-0.41917 -0.1885,-0.66306 0.0792,-0.24389 0.28655,-0.4066 0.54219,-0.42562l5.66495 -0.41867 2.14858 -5.25818c0.0969,-0.23745 0.31582,-0.38411 0.57228,-0.38444 0.2563,0 0.47522,0.147 0.57245,0.38444l1e-005 0z\"><\/path><\/g><\/svg><\/span><span class=\"gb-headline-text\"><span class=\"gb-icon\"><\/span><span class=\"gb-headline-text\">Douche<\/span><\/span><\/p>\n\n\n\n<p class=\"gb-headline gb-headline-dd521a7a\"><span class=\"gb-icon\"><svg xmlns=\"http:\/\/www.w3.org\/2000\/svg\" xmlns:xlink=\"http:\/\/www.w3.org\/1999\/xlink\" height=\"100%\" style=\"shape-rendering:geometricPrecision; text-rendering:geometricPrecision; image-rendering:optimizeQuality; fill-rule:evenodd; clip-rule:evenodd\" viewbox=\"0 0 20.9998 20.9998\" width=\"100%\" xml:space=\"preserve\"><defs><style type=\"text\/css\"> .fil0 {fill:none} .fil1 {fill:#FFCC00} <\/style><\/defs><g id=\"\u56fe\u5c42_x0020_1\"><rect class=\"fil0\" height=\"20.9998\" width=\"20.9998\"><\/rect><path class=\"fil1\" d=\"M11.0723 2.33295l2.14875 5.25818 5.66462 0.41867c0.2558,0.01885 0.46332,0.18156 0.54252,0.42545 0.07937,0.24406 0.00728,0.49771 -0.18867,0.66323l-4.33668 3.66833 1.35208 5.51696c0.06101,0.24902 -0.0296,0.49672 -0.23695,0.64752 -0.20768,0.15064 -0.47109,0.16023 -0.68919,0.02513l-4.82877 -2.99088 -4.82893 2.99088c-0.2181,0.13509 -0.48167,0.1255 -0.68919,-0.0253 -0.20735,-0.1508 -0.29796,-0.3985 -0.23695,-0.64735l1.35225 -5.51696 -4.33685 -3.66833c-0.19578,-0.16552 -0.26787,-0.41917 -0.1885,-0.66306 0.0792,-0.24389 0.28655,-0.4066 0.54219,-0.42562l5.66495 -0.41867 2.14858 -5.25818c0.0969,-0.23745 0.31582,-0.38411 0.57228,-0.38444 0.2563,0 0.47522,0.147 0.57245,0.38444l1e-005 0z\"><\/path><\/g><\/svg><\/span><span class=\"gb-headline-text\"><span class=\"gb-icon\"><\/span><span class=\"gb-headline-text\">WC<\/span><\/span><\/p>\n\n\n\n<p class=\"gb-headline gb-headline-95f5c08c\"><span class=\"gb-icon\"><svg xmlns=\"http:\/\/www.w3.org\/2000\/svg\" xmlns:xlink=\"http:\/\/www.w3.org\/1999\/xlink\" height=\"100%\" style=\"shape-rendering:geometricPrecision; text-rendering:geometricPrecision; image-rendering:optimizeQuality; fill-rule:evenodd; clip-rule:evenodd\" viewbox=\"0 0 20.9998 20.9998\" width=\"100%\" xml:space=\"preserve\"><defs><style type=\"text\/css\"> .fil0 {fill:none} .fil1 {fill:#FFCC00} <\/style><\/defs><g id=\"\u56fe\u5c42_x0020_1\"><rect class=\"fil0\" height=\"20.9998\" width=\"20.9998\"><\/rect><path class=\"fil1\" d=\"M11.0723 2.33295l2.14875 5.25818 5.66462 0.41867c0.2558,0.01885 0.46332,0.18156 0.54252,0.42545 0.07937,0.24406 0.00728,0.49771 -0.18867,0.66323l-4.33668 3.66833 1.35208 5.51696c0.06101,0.24902 -0.0296,0.49672 -0.23695,0.64752 -0.20768,0.15064 -0.47109,0.16023 -0.68919,0.02513l-4.82877 -2.99088 -4.82893 2.99088c-0.2181,0.13509 -0.48167,0.1255 -0.68919,-0.0253 -0.20735,-0.1508 -0.29796,-0.3985 -0.23695,-0.64735l1.35225 -5.51696 -4.33685 -3.66833c-0.19578,-0.16552 -0.26787,-0.41917 -0.1885,-0.66306 0.0792,-0.24389 0.28655,-0.4066 0.54219,-0.42562l5.66495 -0.41867 2.14858 -5.25818c0.0969,-0.23745 0.31582,-0.38411 0.57228,-0.38444 0.2563,0 0.47522,0.147 0.57245,0.38444l1e-005 0z\"><\/path><\/g><\/svg><\/span><span class=\"gb-headline-text\"><span class=\"gb-icon\"><\/span><span class=\"gb-headline-text\">Produits de toilette vari\u00e9s<\/span><\/span><\/p>\n\n\n\n<p class=\"gb-headline gb-headline-45d31cb6\"><span class=\"gb-icon\"><svg xmlns=\"http:\/\/www.w3.org\/2000\/svg\" xmlns:xlink=\"http:\/\/www.w3.org\/1999\/xlink\" height=\"100%\" style=\"shape-rendering:geometricPrecision; text-rendering:geometricPrecision; image-rendering:optimizeQuality; fill-rule:evenodd; clip-rule:evenodd\" viewbox=\"0 0 20.9998 20.9998\" width=\"100%\" xml:space=\"preserve\"><defs><style type=\"text\/css\"> .fil0 {fill:none} .fil1 {fill:#FFCC00} <\/style><\/defs><g id=\"\u56fe\u5c42_x0020_1\"><rect class=\"fil0\" height=\"20.9998\" width=\"20.9998\"><\/rect><path class=\"fil1\" d=\"M11.0723 2.33295l2.14875 5.25818 5.66462 0.41867c0.2558,0.01885 0.46332,0.18156 0.54252,0.42545 0.07937,0.24406 0.00728,0.49771 -0.18867,0.66323l-4.33668 3.66833 1.35208 5.51696c0.06101,0.24902 -0.0296,0.49672 -0.23695,0.64752 -0.20768,0.15064 -0.47109,0.16023 -0.68919,0.02513l-4.82877 -2.99088 -4.82893 2.99088c-0.2181,0.13509 -0.48167,0.1255 -0.68919,-0.0253 -0.20735,-0.1508 -0.29796,-0.3985 -0.23695,-0.64735l1.35225 -5.51696 -4.33685 -3.66833c-0.19578,-0.16552 -0.26787,-0.41917 -0.1885,-0.66306 0.0792,-0.24389 0.28655,-0.4066 0.54219,-0.42562l5.66495 -0.41867 2.14858 -5.25818c0.0969,-0.23745 0.31582,-0.38411 0.57228,-0.38444 0.2563,0 0.47522,0.147 0.57245,0.38444l1e-005 0z\"><\/path><\/g><\/svg><\/span><span class=\"gb-headline-text\"><span class=\"gb-icon\"><\/span><span class=\"gb-headline-text\">S\u00e8che-cheveux<\/span><\/span><\/p>\n\n\n\n<p class=\"gb-headline gb-headline-cd6be70d\"><span class=\"gb-icon\"><svg xmlns=\"http:\/\/www.w3.org\/2000\/svg\" xmlns:xlink=\"http:\/\/www.w3.org\/1999\/xlink\" height=\"100%\" style=\"shape-rendering:geometricPrecision; text-rendering:geometricPrecision; image-rendering:optimizeQuality; fill-rule:evenodd; clip-rule:evenodd\" viewbox=\"0 0 20.9998 20.9998\" width=\"100%\" xml:space=\"preserve\"><defs><style type=\"text\/css\"> .fil0 {fill:none} .fil1 {fill:#FFCC00} <\/style><\/defs><g id=\"\u56fe\u5c42_x0020_1\"><rect class=\"fil0\" height=\"20.9998\" width=\"20.9998\"><\/rect><path class=\"fil1\" d=\"M11.0723 2.33295l2.14875 5.25818 5.66462 0.41867c0.2558,0.01885 0.46332,0.18156 0.54252,0.42545 0.07937,0.24406 0.00728,0.49771 -0.18867,0.66323l-4.33668 3.66833 1.35208 5.51696c0.06101,0.24902 -0.0296,0.49672 -0.23695,0.64752 -0.20768,0.15064 -0.47109,0.16023 -0.68919,0.02513l-4.82877 -2.99088 -4.82893 2.99088c-0.2181,0.13509 -0.48167,0.1255 -0.68919,-0.0253 -0.20735,-0.1508 -0.29796,-0.3985 -0.23695,-0.64735l1.35225 -5.51696 -4.33685 -3.66833c-0.19578,-0.16552 -0.26787,-0.41917 -0.1885,-0.66306 0.0792,-0.24389 0.28655,-0.4066 0.54219,-0.42562l5.66495 -0.41867 2.14858 -5.25818c0.0969,-0.23745 0.31582,-0.38411 0.57228,-0.38444 0.2563,0 0.47522,0.147 0.57245,0.38444l1e-005 0z\"><\/path><\/g><\/svg><\/span><span class=\"gb-headline-text\"><span class=\"gb-icon\"><\/span><span class=\"gb-headline-text\">T\u00e9l\u00e9vision \u00e0 \u00e9cran plat avec cha\u00eenes c\u00e2bl\u00e9es<\/span><\/span><\/p>\n\n\n\n<p class=\"gb-headline gb-headline-6f9b7d21\"><span class=\"gb-icon\"><svg xmlns=\"http:\/\/www.w3.org\/2000\/svg\" xmlns:xlink=\"http:\/\/www.w3.org\/1999\/xlink\" height=\"100%\" style=\"shape-rendering:geometricPrecision; text-rendering:geometricPrecision; image-rendering:optimizeQuality; fill-rule:evenodd; clip-rule:evenodd\" viewbox=\"0 0 20.9998 20.9998\" width=\"100%\" xml:space=\"preserve\"><defs><style type=\"text\/css\"> .fil0 {fill:none} .fil1 {fill:#FFCC00} <\/style><\/defs><g id=\"\u56fe\u5c42_x0020_1\"><rect class=\"fil0\" height=\"20.9998\" width=\"20.9998\"><\/rect><path class=\"fil1\" d=\"M11.0723 2.33295l2.14875 5.25818 5.66462 0.41867c0.2558,0.01885 0.46332,0.18156 0.54252,0.42545 0.07937,0.24406 0.00728,0.49771 -0.18867,0.66323l-4.33668 3.66833 1.35208 5.51696c0.06101,0.24902 -0.0296,0.49672 -0.23695,0.64752 -0.20768,0.15064 -0.47109,0.16023 -0.68919,0.02513l-4.82877 -2.99088 -4.82893 2.99088c-0.2181,0.13509 -0.48167,0.1255 -0.68919,-0.0253 -0.20735,-0.1508 -0.29796,-0.3985 -0.23695,-0.64735l1.35225 -5.51696 -4.33685 -3.66833c-0.19578,-0.16552 -0.26787,-0.41917 -0.1885,-0.66306 0.0792,-0.24389 0.28655,-0.4066 0.54219,-0.42562l5.66495 -0.41867 2.14858 -5.25818c0.0969,-0.23745 0.31582,-0.38411 0.57228,-0.38444 0.2563,0 0.47522,0.147 0.57245,0.38444l1e-005 0z\"><\/path><\/g><\/svg><\/span><span class=\"gb-headline-text\"><span class=\"gb-icon\"><\/span><span class=\"gb-headline-text\">Radio<\/span><\/span><\/p>\n\n\n\n<p class=\"gb-headline gb-headline-8c0265ea\"><span class=\"gb-icon\"><svg xmlns=\"http:\/\/www.w3.org\/2000\/svg\" xmlns:xlink=\"http:\/\/www.w3.org\/1999\/xlink\" height=\"100%\" style=\"shape-rendering:geometricPrecision; text-rendering:geometricPrecision; image-rendering:optimizeQuality; fill-rule:evenodd; clip-rule:evenodd\" viewbox=\"0 0 20.9998 20.9998\" width=\"100%\" xml:space=\"preserve\"><defs><style type=\"text\/css\"> .fil0 {fill:none} .fil1 {fill:#FFCC00} <\/style><\/defs><g id=\"\u56fe\u5c42_x0020_1\"><rect class=\"fil0\" height=\"20.9998\" width=\"20.9998\"><\/rect><path class=\"fil1\" d=\"M11.0723 2.33295l2.14875 5.25818 5.66462 0.41867c0.2558,0.01885 0.46332,0.18156 0.54252,0.42545 0.07937,0.24406 0.00728,0.49771 -0.18867,0.66323l-4.33668 3.66833 1.35208 5.51696c0.06101,0.24902 -0.0296,0.49672 -0.23695,0.64752 -0.20768,0.15064 -0.47109,0.16023 -0.68919,0.02513l-4.82877 -2.99088 -4.82893 2.99088c-0.2181,0.13509 -0.48167,0.1255 -0.68919,-0.0253 -0.20735,-0.1508 -0.29796,-0.3985 -0.23695,-0.64735l1.35225 -5.51696 -4.33685 -3.66833c-0.19578,-0.16552 -0.26787,-0.41917 -0.1885,-0.66306 0.0792,-0.24389 0.28655,-0.4066 0.54219,-0.42562l5.66495 -0.41867 2.14858 -5.25818c0.0969,-0.23745 0.31582,-0.38411 0.57228,-0.38444 0.2563,0 0.47522,0.147 0.57245,0.38444l1e-005 0z\"><\/path><\/g><\/svg><\/span><span class=\"gb-headline-text\"><span class=\"gb-icon\"><\/span><span class=\"gb-headline-text\">T\u00e9l\u00e9phone<\/span><\/span><\/p>\n\n\n\n<p class=\"gb-headline gb-headline-432fb4b9\"><span class=\"gb-icon\"><svg xmlns=\"http:\/\/www.w3.org\/2000\/svg\" xmlns:xlink=\"http:\/\/www.w3.org\/1999\/xlink\" height=\"100%\" style=\"shape-rendering:geometricPrecision; text-rendering:geometricPrecision; image-rendering:optimizeQuality; fill-rule:evenodd; clip-rule:evenodd\" viewbox=\"0 0 20.9998 20.9998\" width=\"100%\" xml:space=\"preserve\"><defs><style type=\"text\/css\"> .fil0 {fill:none} .fil1 {fill:#FFCC00} <\/style><\/defs><g id=\"\u56fe\u5c42_x0020_1\"><rect class=\"fil0\" height=\"20.9998\" width=\"20.9998\"><\/rect><path class=\"fil1\" d=\"M11.0723 2.33295l2.14875 5.25818 5.66462 0.41867c0.2558,0.01885 0.46332,0.18156 0.54252,0.42545 0.07937,0.24406 0.00728,0.49771 -0.18867,0.66323l-4.33668 3.66833 1.35208 5.51696c0.06101,0.24902 -0.0296,0.49672 -0.23695,0.64752 -0.20768,0.15064 -0.47109,0.16023 -0.68919,0.02513l-4.82877 -2.99088 -4.82893 2.99088c-0.2181,0.13509 -0.48167,0.1255 -0.68919,-0.0253 -0.20735,-0.1508 -0.29796,-0.3985 -0.23695,-0.64735l1.35225 -5.51696 -4.33685 -3.66833c-0.19578,-0.16552 -0.26787,-0.41917 -0.1885,-0.66306 0.0792,-0.24389 0.28655,-0.4066 0.54219,-0.42562l5.66495 -0.41867 2.14858 -5.25818c0.0969,-0.23745 0.31582,-0.38411 0.57228,-0.38444 0.2563,0 0.47522,0.147 0.57245,0.38444l1e-005 0z\"><\/path><\/g><\/svg><\/span><span class=\"gb-headline-text\"><span class=\"gb-icon\"><\/span><span class=\"gb-headline-text\">Bureau<\/span><\/span><\/p>\n\n\n\n<p class=\"gb-headline gb-headline-998ec686\"><span class=\"gb-icon\"><svg xmlns=\"http:\/\/www.w3.org\/2000\/svg\" xmlns:xlink=\"http:\/\/www.w3.org\/1999\/xlink\" height=\"100%\" style=\"shape-rendering:geometricPrecision; text-rendering:geometricPrecision; image-rendering:optimizeQuality; fill-rule:evenodd; clip-rule:evenodd\" viewbox=\"0 0 20.9998 20.9998\" width=\"100%\" xml:space=\"preserve\"><defs><style type=\"text\/css\"> .fil0 {fill:none} .fil1 {fill:#FFCC00} <\/style><\/defs><g id=\"\u56fe\u5c42_x0020_1\"><rect class=\"fil0\" height=\"20.9998\" width=\"20.9998\"><\/rect><path class=\"fil1\" d=\"M11.0723 2.33295l2.14875 5.25818 5.66462 0.41867c0.2558,0.01885 0.46332,0.18156 0.54252,0.42545 0.07937,0.24406 0.00728,0.49771 -0.18867,0.66323l-4.33668 3.66833 1.35208 5.51696c0.06101,0.24902 -0.0296,0.49672 -0.23695,0.64752 -0.20768,0.15064 -0.47109,0.16023 -0.68919,0.02513l-4.82877 -2.99088 -4.82893 2.99088c-0.2181,0.13509 -0.48167,0.1255 -0.68919,-0.0253 -0.20735,-0.1508 -0.29796,-0.3985 -0.23695,-0.64735l1.35225 -5.51696 -4.33685 -3.66833c-0.19578,-0.16552 -0.26787,-0.41917 -0.1885,-0.66306 0.0792,-0.24389 0.28655,-0.4066 0.54219,-0.42562l5.66495 -0.41867 2.14858 -5.25818c0.0969,-0.23745 0.31582,-0.38411 0.57228,-0.38444 0.2563,0 0.47522,0.147 0.57245,0.38444l1e-005 0z\"><\/path><\/g><\/svg><\/span><span class=\"gb-headline-text\"><span class=\"gb-icon\"><\/span><span class=\"gb-headline-text\">Acc\u00e8s Wi-Fi gratuit<\/span><\/span><\/p>\n\n\n\n<p class=\"gb-headline gb-headline-f6f9e91d\"><span class=\"gb-icon\"><svg xmlns=\"http:\/\/www.w3.org\/2000\/svg\" xmlns:xlink=\"http:\/\/www.w3.org\/1999\/xlink\" height=\"100%\" style=\"shape-rendering:geometricPrecision; text-rendering:geometricPrecision; image-rendering:optimizeQuality; fill-rule:evenodd; clip-rule:evenodd\" viewbox=\"0 0 20.9998 20.9998\" width=\"100%\" xml:space=\"preserve\"><defs><style type=\"text\/css\"> .fil0 {fill:none} .fil1 {fill:#FFCC00} <\/style><\/defs><g id=\"\u56fe\u5c42_x0020_1\"><rect class=\"fil0\" height=\"20.9998\" width=\"20.9998\"><\/rect><path class=\"fil1\" d=\"M11.0723 2.33295l2.14875 5.25818 5.66462 0.41867c0.2558,0.01885 0.46332,0.18156 0.54252,0.42545 0.07937,0.24406 0.00728,0.49771 -0.18867,0.66323l-4.33668 3.66833 1.35208 5.51696c0.06101,0.24902 -0.0296,0.49672 -0.23695,0.64752 -0.20768,0.15064 -0.47109,0.16023 -0.68919,0.02513l-4.82877 -2.99088 -4.82893 2.99088c-0.2181,0.13509 -0.48167,0.1255 -0.68919,-0.0253 -0.20735,-0.1508 -0.29796,-0.3985 -0.23695,-0.64735l1.35225 -5.51696 -4.33685 -3.66833c-0.19578,-0.16552 -0.26787,-0.41917 -0.1885,-0.66306 0.0792,-0.24389 0.28655,-0.4066 0.54219,-0.42562l5.66495 -0.41867 2.14858 -5.25818c0.0969,-0.23745 0.31582,-0.38411 0.57228,-0.38444 0.2563,0 0.47522,0.147 0.57245,0.38444l1e-005 0z\"><\/path><\/g><\/svg><\/span><span class=\"gb-headline-text\"><span class=\"gb-icon\"><\/span><span class=\"gb-headline-text\">Coffre-fort<\/span><\/span><\/p>\n\n<\/div><\/div>","protected":false},"excerpt":{"rendered":"<p>Nos chambres Standard sont situ\u00e9es au 1er \u00e9tage et offrent une vue sur le lac ou la montagne. Comme toutes nos chambres, les chambres Standard sont am\u00e9nag\u00e9es dans un style chalet. Votre chambre dispose d&rsquo;un lit boxspring avec matelas s\u00e9par\u00e9s, ainsi que d&rsquo;une salle de bain avec douche ou baignoire. En plus d&rsquo;un canap\u00e9, nos &#8230; <a title=\"Chambre Standard\" class=\"read-more\" href=\"https:\/\/dulac-iseltwald.ch\/fr\/chambre-standard\/\" aria-label=\"En savoir plus sur Chambre Standard\">Lire plus<\/a><\/p>\n","protected":false},"author":2,"featured_media":0,"parent":0,"menu_order":0,"comment_status":"closed","ping_status":"closed","template":"","meta":{"footnotes":""},"class_list":["post-5945","page","type-page","status-publish"],"_links":{"self":[{"href":"https:\/\/dulac-iseltwald.ch\/fr\/wp-json\/wp\/v2\/pages\/5945","targetHints":{"allow":["GET"]}}],"collection":[{"href":"https:\/\/dulac-iseltwald.ch\/fr\/wp-json\/wp\/v2\/pages"}],"about":[{"href":"https:\/\/dulac-iseltwald.ch\/fr\/wp-json\/wp\/v2\/types\/page"}],"author":[{"embeddable":true,"href":"https:\/\/dulac-iseltwald.ch\/fr\/wp-json\/wp\/v2\/users\/2"}],"replies":[{"embeddable":true,"href":"https:\/\/dulac-iseltwald.ch\/fr\/wp-json\/wp\/v2\/comments?post=5945"}],"version-history":[{"count":2,"href":"https:\/\/dulac-iseltwald.ch\/fr\/wp-json\/wp\/v2\/pages\/5945\/revisions"}],"predecessor-version":[{"id":5971,"href":"https:\/\/dulac-iseltwald.ch\/fr\/wp-json\/wp\/v2\/pages\/5945\/revisions\/5971"}],"wp:attachment":[{"href":"https:\/\/dulac-iseltwald.ch\/fr\/wp-json\/wp\/v2\/media?parent=5945"}],"curies":[{"name":"wp","href":"https:\/\/api.w.org\/{rel}","templated":true}]}}