{"id":6044,"date":"2020-10-12T16:51:58","date_gmt":"2020-10-12T14:51:58","guid":{"rendered":"https:\/\/dulac-iseltwald.ch\/cgv\/"},"modified":"2026-04-03T10:26:48","modified_gmt":"2026-04-03T08:26:48","slug":"cgv","status":"publish","type":"page","link":"https:\/\/dulac-iseltwald.ch\/fr\/cgv\/","title":{"rendered":"CGV"},"content":{"rendered":"<div class=\"gb-container gb-container-c9a858da\"><div class=\"gb-inside-container\">\n\n<h2 class=\"gb-headline gb-headline-4c1bf9ea gb-headline-text\">Conditions d\u2019annulation<\/h2>\n\n\n\n<p class=\"gb-headline gb-headline-b09760f2 gb-headline-text\"><em>(Toutes les r\u00e9servations effectu\u00e9es via www.booking.com<br>sont exclues de ces conditions d\u2019annulation<br>celles-ci sont r\u00e9gl\u00e9es s\u00e9par\u00e9ment sur www.booking.com)<\/em><\/p>\n\n\n\n<p class=\"gb-headline gb-headline-a7ccd12f gb-headline-text\"><strong>Valable d\u00e8s le 29 novembre 2020<\/strong><\/p>\n\n\n\n<hr class=\"wp-block-separator\"\/>\n\n\n\n<h4 class=\"gb-headline gb-headline-1becd478 gb-headline-text\">Conditions d\u2019annulation pour les voyageurs individuels<\/h4>\n\n\n\n<p class=\"has-text-align-center\">En cas d\u2019annulation de r\u00e9servations fermes, les frais suivants s\u2019appliquent :<\/p>\n\n\n\n<ul class=\"wp-block-list\"><li><span style=\"font-size: inherit;background-color: initial\">Annulations jusqu\u2019\u00e0 14 jours avant l\u2019arriv\u00e9e : gratuit<\/span><\/li><li>Annulations 13 \u00e0 5 jours avant l\u2019arriv\u00e9e : 1 nuit par chambre (base chambre et petit-d\u00e9jeuner)<\/li><li>Annulations \u00e0 moins de 5 jours avant l\u2019arriv\u00e9e : 100 % des prestations confirm\u00e9es, au maximum 3 nuits (base chambre et petit-d\u00e9jeuner) par chambre r\u00e9serv\u00e9e.<\/li><\/ul>\n\n\n\n<h4 class=\"gb-headline gb-headline-4bfe6e55 gb-headline-text\">Conditions d\u2019annulation pour les petits groupes (\u00e0 partir de 8 chambres)<\/h4>\n\n\n\n<p class=\"has-text-align-center\">En cas d\u2019annulation de r\u00e9servations fermes, les frais suivants s\u2019appliquent :<\/p>\n\n\n\n<ul class=\"wp-block-list\"><li><span style=\"font-size: inherit;background-color: initial\">Annulations jusqu\u2019\u00e0 30 jours avant l\u2019arriv\u00e9e : gratuit<\/span><\/li><li>Annulations 29 \u00e0 5 jours avant l\u2019arriv\u00e9e : 1 nuit par chambre (base chambre et petit-d\u00e9jeuner)<\/li><li>Annulations \u00e0 moins de 5 jours avant l\u2019arriv\u00e9e : 100 % des prestations confirm\u00e9es, au maximum 3 nuits (base chambre et petit-d\u00e9jeuner) par chambre r\u00e9serv\u00e9e.<\/li><\/ul>\n\n\n\n<h4 class=\"gb-headline gb-headline-2facb6d5 gb-headline-text\">Conditions de paiement<\/h4>\n\n\n\n<p>Pour les factures d\u2019h\u00f4tel ou de restaurant, nous acceptons les moyens de paiement suivants :<\/p>\n\n\n\n<ul class=\"wp-block-list\"><li>Paiement en esp\u00e8ces<\/li><li>Postcard<\/li><li>EC-Direct<\/li><li>EC-Maestro<\/li><li>V-pay<\/li><li>Cartes de cr\u00e9dit : Eurocard\/Mastercard, VISA, American Express, Diners<\/li><li>\u00c0 partir de 500,00 CHF, vous pouvez payer sur facture avec bulletin de versement<\/li><\/ul>\n\n\n\n<p>Tant que la situation li\u00e9e au Covid-19 perdure, les annulations de derni\u00e8re minute imputables au Covid-19 sont possibles sans frais. Veuillez nous contacter. <\/p>\n\n<\/div><\/div>","protected":false},"excerpt":{"rendered":"<p>Conditions d\u2019annulation (Toutes les r\u00e9servations effectu\u00e9es via www.booking.comsont exclues de ces conditions d\u2019annulationcelles-ci sont r\u00e9gl\u00e9es s\u00e9par\u00e9ment sur www.booking.com) Valable d\u00e8s le 29 novembre 2020 Conditions d\u2019annulation pour les voyageurs individuels En cas d\u2019annulation de r\u00e9servations fermes, les frais suivants s\u2019appliquent : Annulations jusqu\u2019\u00e0 14 jours avant l\u2019arriv\u00e9e : gratuit Annulations 13 \u00e0 5 jours avant &#8230; <a title=\"CGV\" class=\"read-more\" href=\"https:\/\/dulac-iseltwald.ch\/fr\/cgv\/\" aria-label=\"En savoir plus sur CGV\">Lire plus<\/a><\/p>\n","protected":false},"author":2,"featured_media":0,"parent":0,"menu_order":0,"comment_status":"closed","ping_status":"closed","template":"","meta":{"footnotes":""},"class_list":["post-6044","page","type-page","status-publish"],"_links":{"self":[{"href":"https:\/\/dulac-iseltwald.ch\/fr\/wp-json\/wp\/v2\/pages\/6044","targetHints":{"allow":["GET"]}}],"collection":[{"href":"https:\/\/dulac-iseltwald.ch\/fr\/wp-json\/wp\/v2\/pages"}],"about":[{"href":"https:\/\/dulac-iseltwald.ch\/fr\/wp-json\/wp\/v2\/types\/page"}],"author":[{"embeddable":true,"href":"https:\/\/dulac-iseltwald.ch\/fr\/wp-json\/wp\/v2\/users\/2"}],"replies":[{"embeddable":true,"href":"https:\/\/dulac-iseltwald.ch\/fr\/wp-json\/wp\/v2\/comments?post=6044"}],"version-history":[{"count":1,"href":"https:\/\/dulac-iseltwald.ch\/fr\/wp-json\/wp\/v2\/pages\/6044\/revisions"}],"predecessor-version":[{"id":6045,"href":"https:\/\/dulac-iseltwald.ch\/fr\/wp-json\/wp\/v2\/pages\/6044\/revisions\/6045"}],"wp:attachment":[{"href":"https:\/\/dulac-iseltwald.ch\/fr\/wp-json\/wp\/v2\/media?parent=6044"}],"curies":[{"name":"wp","href":"https:\/\/api.w.org\/{rel}","templated":true}]}}