{"id":6048,"date":"2020-10-12T16:47:06","date_gmt":"2020-10-12T14:47:06","guid":{"rendered":"https:\/\/dulac-iseltwald.ch\/nos-chambres\/"},"modified":"2026-04-03T10:26:57","modified_gmt":"2026-04-03T08:26:57","slug":"nos-chambres","status":"publish","type":"page","link":"https:\/\/dulac-iseltwald.ch\/fr\/nos-chambres\/","title":{"rendered":"Nos chambres"},"content":{"rendered":"<div class=\"gb-container gb-container-7c6d068f\"><div class=\"gb-inside-container\">\n\n<p class=\"has-text-align-center\">Bienvenue dans votre propre chalet ! Bois\u00e9es et dot\u00e9es d\u2019une vue grandiose sur le lac de Brienz, nos 21 chambres au design individuel ainsi que notre appartement de vacances offrent tout ce dont vous avez besoin pour un sommeil parfait. Votre exp\u00e9rience de bien-\u00eatre dans la r\u00e9gion des lacs des Alpes suisses commence ici !  <\/p>\n\n<\/div><\/div><div class=\"gb-container gb-container-c20389c7\"><div class=\"gb-inside-container\">\n<div class=\"gb-grid-wrapper gb-grid-wrapper-8eb66776\">\n<div class=\"gb-grid-column gb-grid-column-18e5cb28\"><div class=\"gb-container gb-container-18e5cb28\"><div class=\"gb-inside-container\">\n\n<figure class=\"wp-block-image size-large\"><img loading=\"lazy\" decoding=\"async\" width=\"1024\" height=\"576\" src=\"https:\/\/dulac-iseltwald.ch\/wp-content\/uploads\/2023\/03\/IMG_20220905_121759_627-1024x576.jpg\" alt=\"\" class=\"wp-image-5479\" srcset=\"https:\/\/dulac-iseltwald.ch\/wp-content\/uploads\/2023\/03\/IMG_20220905_121759_627-1024x576.jpg 1024w, https:\/\/dulac-iseltwald.ch\/wp-content\/uploads\/2023\/03\/IMG_20220905_121759_627-300x169.jpg 300w, https:\/\/dulac-iseltwald.ch\/wp-content\/uploads\/2023\/03\/IMG_20220905_121759_627-768x432.jpg 768w, https:\/\/dulac-iseltwald.ch\/wp-content\/uploads\/2023\/03\/IMG_20220905_121759_627-1536x864.jpg 1536w, https:\/\/dulac-iseltwald.ch\/wp-content\/uploads\/2023\/03\/IMG_20220905_121759_627-2048x1152.jpg 2048w, https:\/\/dulac-iseltwald.ch\/wp-content\/uploads\/2023\/03\/IMG_20220905_121759_627-745x419.jpg 745w, https:\/\/dulac-iseltwald.ch\/wp-content\/uploads\/2023\/03\/IMG_20220905_121759_627-735x413.jpg 735w, https:\/\/dulac-iseltwald.ch\/wp-content\/uploads\/2023\/03\/IMG_20220905_121759_627-295x166.jpg 295w, https:\/\/dulac-iseltwald.ch\/wp-content\/uploads\/2023\/03\/IMG_20220905_121759_627-375x211.jpg 375w\" sizes=\"auto, (max-width: 1024px) 100vw, 1024px\" \/><\/figure>\n\n<\/div><\/div><\/div>\n\n<div class=\"gb-grid-column gb-grid-column-108c45f7\"><div class=\"gb-container gb-container-108c45f7\"><div class=\"gb-inside-container\">\n\n<h2 class=\"gb-headline gb-headline-684d3a00 gb-headline-text\">Chambre Honeymoon Clouy<\/h2>\n\n\n\n<p class=\"gb-headline gb-headline-7f72d761 gb-headline-text\">Sur les traces de CRASH LANDING ON YOU, vous vous trouvez \u00e9galement chez nous.<\/p>\n\n\n<div class=\"gb-button-wrapper gb-button-wrapper-e55b73e3\">\n\n<a class=\"gb-button gb-button-10e8da7c gb-button-text\" href=\"https:\/\/dulac-iseltwald.ch\/fr\/chambre-honeymoon-clouy\/\">Voir la chambre<\/a>\n\n<\/div>\n<\/div><\/div><\/div>\n<\/div>\n<\/div><\/div><div class=\"gb-container gb-container-8099207f\"><div class=\"gb-inside-container\">\n<div class=\"gb-grid-wrapper gb-grid-wrapper-db7bbd5a\">\n<div class=\"gb-grid-column gb-grid-column-33174bff\"><div class=\"gb-container gb-container-33174bff\"><div class=\"gb-inside-container\">\n\n<figure class=\"wp-block-image size-large\"><img loading=\"lazy\" decoding=\"async\" width=\"1024\" height=\"683\" src=\"https:\/\/dulac-iseltwald.ch\/wp-content\/uploads\/2025\/09\/dulac-zimmer-neues-bad-6-1024x683.jpg\" alt=\"\" class=\"wp-image-5604\" srcset=\"https:\/\/dulac-iseltwald.ch\/wp-content\/uploads\/2025\/09\/dulac-zimmer-neues-bad-6-1024x683.jpg 1024w, https:\/\/dulac-iseltwald.ch\/wp-content\/uploads\/2025\/09\/dulac-zimmer-neues-bad-6-300x200.jpg 300w, https:\/\/dulac-iseltwald.ch\/wp-content\/uploads\/2025\/09\/dulac-zimmer-neues-bad-6-768x512.jpg 768w, https:\/\/dulac-iseltwald.ch\/wp-content\/uploads\/2025\/09\/dulac-zimmer-neues-bad-6-1536x1024.jpg 1536w, https:\/\/dulac-iseltwald.ch\/wp-content\/uploads\/2025\/09\/dulac-zimmer-neues-bad-6-2048x1365.jpg 2048w\" sizes=\"auto, (max-width: 1024px) 100vw, 1024px\" \/><\/figure>\n\n<\/div><\/div><\/div>\n\n<div class=\"gb-grid-column gb-grid-column-d26b63bc\"><div class=\"gb-container gb-container-d26b63bc\"><div class=\"gb-inside-container\">\n\n<h2 class=\"gb-headline gb-headline-473fb83b gb-headline-text\">Chambre Rasta <strong>De Luxe<\/strong><\/h2>\n\n\n\n<p class=\"gb-headline gb-headline-9002e517 gb-headline-text\">Dans nos chambres Rasta De Luxe, vous profitez de la meilleure vue sur le magnifique lac de Brienz depuis votre balcon ou votre fen\u00eatre. <\/p>\n\n\n<div class=\"gb-button-wrapper gb-button-wrapper-d021000e\">\n\n<a class=\"gb-button gb-button-a31afff0 gb-button-text\" href=\"https:\/\/dulac-iseltwald.ch\/fr\/chambre-double-de-luxe-cote-lac-rasta\/\">Voir la chambre<\/a>\n\n<\/div>\n<\/div><\/div><\/div>\n<\/div>\n<\/div><\/div><div class=\"gb-container gb-container-737ee408\"><div class=\"gb-inside-container\">\n<div class=\"gb-grid-wrapper gb-grid-wrapper-e039783e\">\n<div class=\"gb-grid-column gb-grid-column-88541e81\"><div class=\"gb-container gb-container-88541e81\"><div class=\"gb-inside-container\">\n\n<figure class=\"wp-block-image size-large\"><img loading=\"lazy\" decoding=\"async\" width=\"1024\" height=\"683\" src=\"https:\/\/dulac-iseltwald.ch\/wp-content\/uploads\/2025\/09\/dulac-zimmer-neues-bad-12-1024x683.jpg\" alt=\"\" class=\"wp-image-5610\" srcset=\"https:\/\/dulac-iseltwald.ch\/wp-content\/uploads\/2025\/09\/dulac-zimmer-neues-bad-12-1024x683.jpg 1024w, https:\/\/dulac-iseltwald.ch\/wp-content\/uploads\/2025\/09\/dulac-zimmer-neues-bad-12-300x200.jpg 300w, https:\/\/dulac-iseltwald.ch\/wp-content\/uploads\/2025\/09\/dulac-zimmer-neues-bad-12-768x512.jpg 768w, https:\/\/dulac-iseltwald.ch\/wp-content\/uploads\/2025\/09\/dulac-zimmer-neues-bad-12-1536x1024.jpg 1536w, https:\/\/dulac-iseltwald.ch\/wp-content\/uploads\/2025\/09\/dulac-zimmer-neues-bad-12-2048x1365.jpg 2048w\" sizes=\"auto, (max-width: 1024px) 100vw, 1024px\" \/><\/figure>\n\n<\/div><\/div><\/div>\n\n<div class=\"gb-grid-column gb-grid-column-fda643ed\"><div class=\"gb-container gb-container-fda643ed\"><div class=\"gb-inside-container\">\n\n<h2 class=\"gb-headline gb-headline-a574a83e gb-headline-text\">Chambre <strong>De Luxe<\/strong><\/h2>\n\n\n\n<p class=\"gb-headline gb-headline-4d1502a0 gb-headline-text\">Dans nos chambres De Luxe, vous profitez de la meilleure vue sur le magnifique lac de Brienz depuis votre balcon ou votre fen\u00eatre. <\/p>\n\n\n<div class=\"gb-button-wrapper gb-button-wrapper-b5463dd7\">\n\n<a class=\"gb-button gb-button-cdbaa604 gb-button-text\" href=\"https:\/\/dulac-iseltwald.ch\/fr\/chambre-de-luxe\/\">Voir la chambre<\/a>\n\n<\/div>\n<\/div><\/div><\/div>\n<\/div>\n<\/div><\/div><div class=\"gb-container gb-container-91318e8b\"><div class=\"gb-inside-container\">\n<div class=\"gb-grid-wrapper gb-grid-wrapper-3a656dfa\">\n<div class=\"gb-grid-column gb-grid-column-69c2fcad\"><div class=\"gb-container gb-container-69c2fcad\"><div class=\"gb-inside-container\">\n\n<figure class=\"wp-block-image size-large\"><img loading=\"lazy\" decoding=\"async\" width=\"1024\" height=\"683\" src=\"https:\/\/dulac-iseltwald.ch\/wp-content\/uploads\/2025\/09\/dulac-zimmer-neues-bad-37-1024x683.jpg\" alt=\"\" class=\"wp-image-5635\" srcset=\"https:\/\/dulac-iseltwald.ch\/wp-content\/uploads\/2025\/09\/dulac-zimmer-neues-bad-37-1024x683.jpg 1024w, https:\/\/dulac-iseltwald.ch\/wp-content\/uploads\/2025\/09\/dulac-zimmer-neues-bad-37-300x200.jpg 300w, https:\/\/dulac-iseltwald.ch\/wp-content\/uploads\/2025\/09\/dulac-zimmer-neues-bad-37-768x512.jpg 768w, https:\/\/dulac-iseltwald.ch\/wp-content\/uploads\/2025\/09\/dulac-zimmer-neues-bad-37-1536x1024.jpg 1536w, https:\/\/dulac-iseltwald.ch\/wp-content\/uploads\/2025\/09\/dulac-zimmer-neues-bad-37-2048x1365.jpg 2048w\" sizes=\"auto, (max-width: 1024px) 100vw, 1024px\" \/><\/figure>\n\n<\/div><\/div><\/div>\n\n<div class=\"gb-grid-column gb-grid-column-e086b32f\"><div class=\"gb-container gb-container-e086b32f\"><div class=\"gb-inside-container\">\n\n<h2 class=\"gb-headline gb-headline-17390c7a gb-headline-text\">Chambre Standard<\/h2>\n\n\n\n<p class=\"gb-headline gb-headline-b04b2906 gb-headline-text\">La vue ne vous importe pas tant que \u00e7a ? Dans nos chambres de cat\u00e9gorie Standard joliment am\u00e9nag\u00e9es, vous profiterez de votre s\u00e9jour chez nous tout autant que dans une chambre De Luxe, mais sans la vue imprenable. <\/p>\n\n\n<div class=\"gb-button-wrapper gb-button-wrapper-93b687ec\">\n\n<a class=\"gb-button gb-button-2ea1dee2 gb-button-text\" href=\"https:\/\/dulac-iseltwald.ch\/fr\/chambre-standard\/\">Voir la chambre<\/a>\n\n<\/div>\n<\/div><\/div><\/div>\n<\/div>\n<\/div><\/div><div class=\"gb-container gb-container-bc60fd29\"><div class=\"gb-inside-container\">\n<div class=\"gb-grid-wrapper gb-grid-wrapper-b1a4f46b\">\n<div class=\"gb-grid-column gb-grid-column-020bd94d\"><div class=\"gb-container gb-container-020bd94d\"><div class=\"gb-inside-container\">\n\n<figure class=\"wp-block-image size-large\"><img loading=\"lazy\" decoding=\"async\" width=\"1024\" height=\"683\" src=\"https:\/\/dulac-iseltwald.ch\/wp-content\/uploads\/2020\/11\/Low-Budget-Zimmer-Hotel-Chalet-Du-Lac-1024x683.jpg\" alt=\"Low-Budget-Zimmer-Hotel-Chalet-Du-Lac\" class=\"wp-image-5231\" srcset=\"https:\/\/dulac-iseltwald.ch\/wp-content\/uploads\/2020\/11\/Low-Budget-Zimmer-Hotel-Chalet-Du-Lac-1024x683.jpg 1024w, https:\/\/dulac-iseltwald.ch\/wp-content\/uploads\/2020\/11\/Low-Budget-Zimmer-Hotel-Chalet-Du-Lac-300x200.jpg 300w, https:\/\/dulac-iseltwald.ch\/wp-content\/uploads\/2020\/11\/Low-Budget-Zimmer-Hotel-Chalet-Du-Lac-1536x1024.jpg 1536w, https:\/\/dulac-iseltwald.ch\/wp-content\/uploads\/2020\/11\/Low-Budget-Zimmer-Hotel-Chalet-Du-Lac-745x497.jpg 745w, https:\/\/dulac-iseltwald.ch\/wp-content\/uploads\/2020\/11\/Low-Budget-Zimmer-Hotel-Chalet-Du-Lac-735x490.jpg 735w, https:\/\/dulac-iseltwald.ch\/wp-content\/uploads\/2020\/11\/Low-Budget-Zimmer-Hotel-Chalet-Du-Lac-295x197.jpg 295w, https:\/\/dulac-iseltwald.ch\/wp-content\/uploads\/2020\/11\/Low-Budget-Zimmer-Hotel-Chalet-Du-Lac-375x250.jpg 375w, https:\/\/dulac-iseltwald.ch\/wp-content\/uploads\/2020\/11\/Low-Budget-Zimmer-Hotel-Chalet-Du-Lac.jpg 1920w\" sizes=\"auto, (max-width: 1024px) 100vw, 1024px\" \/><\/figure>\n\n<\/div><\/div><\/div>\n\n<div class=\"gb-grid-column gb-grid-column-1a4717c4\"><div class=\"gb-container gb-container-1a4717c4\"><div class=\"gb-inside-container\">\n\n<h2 class=\"gb-headline gb-headline-911df99b gb-headline-text\">Chambre Low-Budget<\/h2>\n\n\n\n<p class=\"gb-headline gb-headline-5f9b9ada gb-headline-text\">Vous accordez moins d\u2019importance \u00e0 votre chambre et souhaitez passer plus de temps au village ou dans la nature ? Alors nos chambres Low-Budget sont exactement ce qu\u2019il vous faut. Vous avez la possibilit\u00e9 d\u2019\u00eatre notre h\u00f4te \u00e0 des conditions avantageuses.  <\/p>\n\n\n<div class=\"gb-button-wrapper gb-button-wrapper-4919cf1f\">\n\n<a class=\"gb-button gb-button-5deb4853 gb-button-text\" href=\"https:\/\/dulac-iseltwald.ch\/fr\/chambres-petit-budget\/\">Voir la chambre<\/a>\n\n<\/div>\n<\/div><\/div><\/div>\n<\/div>\n<\/div><\/div>","protected":false},"excerpt":{"rendered":"<p>Bienvenue dans votre propre chalet ! Bois\u00e9es et dot\u00e9es d\u2019une vue grandiose sur le lac de Brienz, nos 21 chambres au design individuel ainsi que notre appartement de vacances offrent tout ce dont vous avez besoin pour un sommeil parfait. Votre exp\u00e9rience de bien-\u00eatre dans la r\u00e9gion des lacs des Alpes suisses commence ici !<\/p>\n","protected":false},"author":2,"featured_media":0,"parent":0,"menu_order":0,"comment_status":"closed","ping_status":"closed","template":"","meta":{"footnotes":""},"class_list":["post-6048","page","type-page","status-publish"],"_links":{"self":[{"href":"https:\/\/dulac-iseltwald.ch\/fr\/wp-json\/wp\/v2\/pages\/6048","targetHints":{"allow":["GET"]}}],"collection":[{"href":"https:\/\/dulac-iseltwald.ch\/fr\/wp-json\/wp\/v2\/pages"}],"about":[{"href":"https:\/\/dulac-iseltwald.ch\/fr\/wp-json\/wp\/v2\/types\/page"}],"author":[{"embeddable":true,"href":"https:\/\/dulac-iseltwald.ch\/fr\/wp-json\/wp\/v2\/users\/2"}],"replies":[{"embeddable":true,"href":"https:\/\/dulac-iseltwald.ch\/fr\/wp-json\/wp\/v2\/comments?post=6048"}],"version-history":[{"count":1,"href":"https:\/\/dulac-iseltwald.ch\/fr\/wp-json\/wp\/v2\/pages\/6048\/revisions"}],"predecessor-version":[{"id":6051,"href":"https:\/\/dulac-iseltwald.ch\/fr\/wp-json\/wp\/v2\/pages\/6048\/revisions\/6051"}],"wp:attachment":[{"href":"https:\/\/dulac-iseltwald.ch\/fr\/wp-json\/wp\/v2\/media?parent=6048"}],"curies":[{"name":"wp","href":"https:\/\/api.w.org\/{rel}","templated":true}]}}