{"id":6054,"date":"2020-10-12T16:46:53","date_gmt":"2020-10-12T14:46:53","guid":{"rendered":"https:\/\/dulac-iseltwald.ch\/hotel\/"},"modified":"2026-04-03T10:27:06","modified_gmt":"2026-04-03T08:27:06","slug":"hotel","status":"publish","type":"page","link":"https:\/\/dulac-iseltwald.ch\/fr\/hotel\/","title":{"rendered":"H\u00f4tel"},"content":{"rendered":"<div class=\"gb-container gb-container-b6774c33\"><div class=\"gb-inside-container\">\n\n<p class=\"has-text-align-center\">L\u2019H\u00f4tel Chalet Du Lac est l\u2019un des plus anciens h\u00f4tels-chalets de l\u2019Oberland bernois. Il a \u00e9t\u00e9 mis en service en ao\u00fbt 1897 et appartient depuis lors \u00e0 la famille Abegglen. <\/p>\n\n\n\n<p class=\"has-text-align-center\">Notre h\u00f4tel dispose de 21 chambres, d\u2019un appartement de vacances, de 3 salles \u00e0 manger et d\u2019une grande terrasse. Les diff\u00e9rentes cat\u00e9gories de chambres offrent suffisamment d\u2019espace pour se d\u00e9tendre, aussi bien aux voyageurs en solo qu\u2019aux familles. <\/p>\n\n<\/div><\/div>\n<p class=\"gb-headline gb-headline-8001236f gb-headline-text\"><span class=\"gb-icon\"><\/span><span class=\"gb-headline-text\">Notre h\u00f4tel accepte les chiens<\/span><\/p>\n<div class=\"gb-container gb-container-44cf6c82 alignfull\"><div class=\"gb-inside-container\">\n\n<div class=\"wp-block-image\"><figure class=\"aligncenter size-large\"><img loading=\"lazy\" decoding=\"async\" width=\"1024\" height=\"683\" src=\"https:\/\/dulac-iseltwald.ch\/wp-content\/uploads\/2020\/11\/Hotel-Chalet-Du-Lac-Panorama-1024x683.jpg\" alt=\"Hotel-Chalet-Du-Lac-Panorama\" class=\"wp-image-5279\" srcset=\"https:\/\/dulac-iseltwald.ch\/wp-content\/uploads\/2020\/11\/Hotel-Chalet-Du-Lac-Panorama-1024x683.jpg 1024w, https:\/\/dulac-iseltwald.ch\/wp-content\/uploads\/2020\/11\/Hotel-Chalet-Du-Lac-Panorama-300x200.jpg 300w, https:\/\/dulac-iseltwald.ch\/wp-content\/uploads\/2020\/11\/Hotel-Chalet-Du-Lac-Panorama-1536x1024.jpg 1536w, https:\/\/dulac-iseltwald.ch\/wp-content\/uploads\/2020\/11\/Hotel-Chalet-Du-Lac-Panorama-745x497.jpg 745w, https:\/\/dulac-iseltwald.ch\/wp-content\/uploads\/2020\/11\/Hotel-Chalet-Du-Lac-Panorama-735x490.jpg 735w, https:\/\/dulac-iseltwald.ch\/wp-content\/uploads\/2020\/11\/Hotel-Chalet-Du-Lac-Panorama-295x197.jpg 295w, https:\/\/dulac-iseltwald.ch\/wp-content\/uploads\/2020\/11\/Hotel-Chalet-Du-Lac-Panorama-375x250.jpg 375w, https:\/\/dulac-iseltwald.ch\/wp-content\/uploads\/2020\/11\/Hotel-Chalet-Du-Lac-Panorama.jpg 1920w\" sizes=\"auto, (max-width: 1024px) 100vw, 1024px\" \/><\/figure><\/div>\n\n<\/div><\/div>","protected":false},"excerpt":{"rendered":"<p>L\u2019H\u00f4tel Chalet Du Lac est l\u2019un des plus anciens h\u00f4tels-chalets de l\u2019Oberland bernois. Il a \u00e9t\u00e9 mis en service en ao\u00fbt 1897 et appartient depuis lors \u00e0 la famille Abegglen. Notre h\u00f4tel dispose de 21 chambres, d\u2019un appartement de vacances, de 3 salles \u00e0 manger et d\u2019une grande terrasse. Les diff\u00e9rentes cat\u00e9gories de chambres offrent &#8230; <a title=\"H\u00f4tel\" class=\"read-more\" href=\"https:\/\/dulac-iseltwald.ch\/fr\/hotel\/\" aria-label=\"En savoir plus sur H\u00f4tel\">Lire plus<\/a><\/p>\n","protected":false},"author":2,"featured_media":0,"parent":0,"menu_order":0,"comment_status":"closed","ping_status":"closed","template":"","meta":{"footnotes":""},"class_list":["post-6054","page","type-page","status-publish"],"_links":{"self":[{"href":"https:\/\/dulac-iseltwald.ch\/fr\/wp-json\/wp\/v2\/pages\/6054","targetHints":{"allow":["GET"]}}],"collection":[{"href":"https:\/\/dulac-iseltwald.ch\/fr\/wp-json\/wp\/v2\/pages"}],"about":[{"href":"https:\/\/dulac-iseltwald.ch\/fr\/wp-json\/wp\/v2\/types\/page"}],"author":[{"embeddable":true,"href":"https:\/\/dulac-iseltwald.ch\/fr\/wp-json\/wp\/v2\/users\/2"}],"replies":[{"embeddable":true,"href":"https:\/\/dulac-iseltwald.ch\/fr\/wp-json\/wp\/v2\/comments?post=6054"}],"version-history":[{"count":1,"href":"https:\/\/dulac-iseltwald.ch\/fr\/wp-json\/wp\/v2\/pages\/6054\/revisions"}],"predecessor-version":[{"id":6055,"href":"https:\/\/dulac-iseltwald.ch\/fr\/wp-json\/wp\/v2\/pages\/6054\/revisions\/6055"}],"wp:attachment":[{"href":"https:\/\/dulac-iseltwald.ch\/fr\/wp-json\/wp\/v2\/media?parent=6054"}],"curies":[{"name":"wp","href":"https:\/\/api.w.org\/{rel}","templated":true}]}}