{"id":6066,"date":"2020-10-12T16:47:01","date_gmt":"2020-10-12T14:47:01","guid":{"rendered":"https:\/\/dulac-iseltwald.ch\/restaurant\/"},"modified":"2026-04-03T10:27:23","modified_gmt":"2026-04-03T08:27:23","slug":"restaurant","status":"publish","type":"page","link":"https:\/\/dulac-iseltwald.ch\/fr\/restaurant\/","title":{"rendered":"Restaurant"},"content":{"rendered":"<div class=\"gb-container gb-container-490c64f6\"><div class=\"gb-inside-container\">\n\n<p class=\"has-text-align-center\">D\u2019une fra\u00eecheur incomparable, pr\u00e9par\u00e9 pour vous dans de nombreuses variations cr\u00e9atives et de saison<\/p>\n\n\n\n<p class=\"has-text-align-center\">M\u00eame si vous ne s\u00e9journez pas dans notre \u00e9tablissement, vous devriez absolument pr\u00e9voir une halte gourmande chez nous \u00e0 Iseltwald. Par beau temps, la terrasse offre une vue splendide sur le lac de Brienz et sur de romantiques couchers de soleil \u2013 le d\u00e9cor id\u00e9al pour un \u00e9v\u00e9nement d\u2019entreprise, une f\u00eate de famille ou une joyeuse f\u00eate d\u2019\u00e9t\u00e9. Nous vous accompagnons volontiers dans la planification avec des id\u00e9es fra\u00eeches et cr\u00e9atives.  <\/p>\n\n\n\n<p class=\"has-text-align-center\"><a href=\"https:\/\/dulac-iseltwald.ch\/fr\/contact\/\">R\u00e9servez<\/a> votre table d\u00e8s aujourd\u2019hui, nous nous r\u00e9jouissons de vous accueillir. <strong>Lundi<\/strong> <strong>et mardi,<\/strong> <strong>jour de repos.<\/strong><\/p>\n\n<\/div><\/div><div class=\"gb-container gb-container-b64329ed\"><div class=\"gb-inside-container\">\n\n<p class=\"has-text-align-center\">Cuisine ouverte : 11h30 \u2013 13h45 et 18h00 \u2013 20h15<br\/>Dimanche : 11h30 \u2013 20h15 cuisine en continu<\/p>\n\n\n\n<p class=\"gb-headline gb-headline-0d7b4c8c gb-headline-text\"><span class=\"gb-icon\"><\/span><span class=\"gb-headline-text\">Les personnes en fauteuil roulant acc\u00e8dent au restaurant par l\u2019entr\u00e9e sans marches.<\/span><\/p>\n\n<\/div><\/div><div class=\"gb-container gb-container-785fa953\"><div class=\"gb-inside-container\">\n<div class=\"gb-grid-wrapper gb-grid-wrapper-7c58364b\">\n<div class=\"gb-grid-column gb-grid-column-43e609f6\"><div class=\"gb-container gb-container-43e609f6\"><div class=\"gb-inside-container\">\n\n<figure class=\"wp-block-image size-large\"><img loading=\"lazy\" decoding=\"async\" width=\"1024\" height=\"683\" src=\"https:\/\/dulac-iseltwald.ch\/wp-content\/uploads\/2020\/11\/Hotel-Chalet-Du-Lac-Felchenknusperli-1024x683.jpg\" alt=\"Hotel-Chalet-Du-Lac-Felchenknusperli\" class=\"wp-image-5235\" srcset=\"https:\/\/dulac-iseltwald.ch\/wp-content\/uploads\/2020\/11\/Hotel-Chalet-Du-Lac-Felchenknusperli-1024x683.jpg 1024w, https:\/\/dulac-iseltwald.ch\/wp-content\/uploads\/2020\/11\/Hotel-Chalet-Du-Lac-Felchenknusperli-300x200.jpg 300w, https:\/\/dulac-iseltwald.ch\/wp-content\/uploads\/2020\/11\/Hotel-Chalet-Du-Lac-Felchenknusperli-1536x1024.jpg 1536w, https:\/\/dulac-iseltwald.ch\/wp-content\/uploads\/2020\/11\/Hotel-Chalet-Du-Lac-Felchenknusperli-745x497.jpg 745w, https:\/\/dulac-iseltwald.ch\/wp-content\/uploads\/2020\/11\/Hotel-Chalet-Du-Lac-Felchenknusperli-735x490.jpg 735w, https:\/\/dulac-iseltwald.ch\/wp-content\/uploads\/2020\/11\/Hotel-Chalet-Du-Lac-Felchenknusperli-295x197.jpg 295w, https:\/\/dulac-iseltwald.ch\/wp-content\/uploads\/2020\/11\/Hotel-Chalet-Du-Lac-Felchenknusperli-375x250.jpg 375w, https:\/\/dulac-iseltwald.ch\/wp-content\/uploads\/2020\/11\/Hotel-Chalet-Du-Lac-Felchenknusperli.jpg 1920w\" sizes=\"auto, (max-width: 1024px) 100vw, 1024px\" \/><\/figure>\n\n<\/div><\/div><\/div>\n\n<div class=\"gb-grid-column gb-grid-column-89bdabcb\"><div class=\"gb-container gb-container-89bdabcb\"><div class=\"gb-inside-container\">\n\n<h2 class=\"gb-headline gb-headline-a12be6d2 gb-headline-text\">Carte<\/h2>\n\n\n\n<p class=\"gb-headline gb-headline-9dfa3aae gb-headline-text\">Notre cuisine est r\u00e9put\u00e9e pour ses sp\u00e9cialit\u00e9s de poisson. Rien d\u2019\u00e9tonnant : nombre de nos ingr\u00e9dients proviennent des eaux locales et arrivent ainsi dans votre assiette apr\u00e8s un d\u00e9lai de livraison tr\u00e8s court. Notre fondue de poisson est un secret bien gard\u00e9.  <\/p>\n\n\n<div class=\"gb-button-wrapper gb-button-wrapper-cb643394\">\n\n<a class=\"gb-button gb-button-2a37dc88 gb-button-text\" href=\"https:\/\/dulac-iseltwald.ch\/wp-content\/uploads\/2025\/07\/bassa-risoluzione-MENUKARTE_2025-copertina-ok.pdf\" target=\"_blank\" rel=\"noopener noreferrer\">Voir la carte<\/a>\n\n<\/div>\n<\/div><\/div><\/div>\n<\/div>\n<\/div><\/div><div class=\"gb-container gb-container-1e021067\"><div class=\"gb-inside-container\">\n<div class=\"gb-grid-wrapper gb-grid-wrapper-6ffde70b\">\n<div class=\"gb-grid-column gb-grid-column-b39ab1d9\"><div class=\"gb-container gb-container-b39ab1d9\"><div class=\"gb-inside-container\">\n\n<h2 class=\"gb-headline gb-headline-9996a216 gb-headline-text\">Vins<\/h2>\n\n\n\n<p class=\"gb-headline gb-headline-47ca00ec gb-headline-text\">Nous vous souhaitons beaucoup de plaisir lors de la visite de notre cave \u00e0 vins.<br>Nous avons compos\u00e9 pour vous un grand choix de vins magnifiques.<br>Si vous le souhaitez, nous vous conseillons volontiers.<br>Nous proposons r\u00e9guli\u00e8rement diff\u00e9rents vins de qualit\u00e9 au verre.<\/p>\n\n\n<div class=\"gb-button-wrapper gb-button-wrapper-c3af3ca8\">\n\n<a class=\"gb-button gb-button-01224298 gb-button-text\" href=\"https:\/\/dulac-iseltwald.ch\/wp-content\/uploads\/2025\/06\/Weinkarte-Chalet-du-Lac-05.2025.pdf\" target=\"_blank\" rel=\"noopener noreferrer\">Voir la carte des vins<\/a>\n\n<\/div>\n<\/div><\/div><\/div>\n\n<div class=\"gb-grid-column gb-grid-column-7e6b20f1\"><div class=\"gb-container gb-container-7e6b20f1\"><div class=\"gb-inside-container\">\n\n<figure class=\"wp-block-image size-large\"><img loading=\"lazy\" decoding=\"async\" width=\"1024\" height=\"683\" src=\"https:\/\/dulac-iseltwald.ch\/wp-content\/uploads\/2020\/11\/Wein-Chalet-Du-Lac-1024x683.jpg\" alt=\"Vin-Chalet-Du-Lac\" class=\"wp-image-5236\" srcset=\"https:\/\/dulac-iseltwald.ch\/wp-content\/uploads\/2020\/11\/Wein-Chalet-Du-Lac-1024x683.jpg 1024w, https:\/\/dulac-iseltwald.ch\/wp-content\/uploads\/2020\/11\/Wein-Chalet-Du-Lac-300x200.jpg 300w, https:\/\/dulac-iseltwald.ch\/wp-content\/uploads\/2020\/11\/Wein-Chalet-Du-Lac-1536x1024.jpg 1536w, https:\/\/dulac-iseltwald.ch\/wp-content\/uploads\/2020\/11\/Wein-Chalet-Du-Lac-745x497.jpg 745w, https:\/\/dulac-iseltwald.ch\/wp-content\/uploads\/2020\/11\/Wein-Chalet-Du-Lac-735x490.jpg 735w, https:\/\/dulac-iseltwald.ch\/wp-content\/uploads\/2020\/11\/Wein-Chalet-Du-Lac-295x197.jpg 295w, https:\/\/dulac-iseltwald.ch\/wp-content\/uploads\/2020\/11\/Wein-Chalet-Du-Lac-375x250.jpg 375w, https:\/\/dulac-iseltwald.ch\/wp-content\/uploads\/2020\/11\/Wein-Chalet-Du-Lac.jpg 1620w\" sizes=\"auto, (max-width: 1024px) 100vw, 1024px\" \/><\/figure>\n\n<\/div><\/div><\/div>\n<\/div>\n<\/div><\/div><div class=\"gb-container gb-container-6e999d7e\"><div class=\"gb-inside-container\">\n<div class=\"gb-grid-wrapper gb-grid-wrapper-4e6a378b\">\n<div class=\"gb-grid-column gb-grid-column-52c0b412\"><div class=\"gb-container gb-container-52c0b412\"><div class=\"gb-inside-container\">\n\n<h2 class=\"gb-headline gb-headline-25bbb656 gb-headline-text\">Nos suggestions de menus<\/h2>\n\n\n\n<p class=\"gb-headline gb-headline-cf8dd46e gb-headline-text\">Vous souhaitez organiser un \u00e9v\u00e9nement chez nous ? Nous vous proposons volontiers les suggestions de menus suivantes. <\/p>\n\n\n<div class=\"gb-button-wrapper gb-button-wrapper-81dad967\">\n\n<a class=\"gb-button gb-button-79fc594d gb-button-text\" href=\"https:\/\/dulac-iseltwald.ch\/wp-content\/uploads\/2023\/02\/Menuvorschlaege-2023.pdf\" target=\"_blank\" rel=\"noopener noreferrer\">Suggestions de menus<\/a>\n\n<\/div>\n<\/div><\/div><\/div>\n<\/div>\n<\/div><\/div>","protected":false},"excerpt":{"rendered":"<p>D\u2019une fra\u00eecheur incomparable, pr\u00e9par\u00e9 pour vous dans de nombreuses variations cr\u00e9atives et de saison M\u00eame si vous ne s\u00e9journez pas dans notre \u00e9tablissement, vous devriez absolument pr\u00e9voir une halte gourmande chez nous \u00e0 Iseltwald. Par beau temps, la terrasse offre une vue splendide sur le lac de Brienz et sur de romantiques couchers de soleil &#8230; <a title=\"Restaurant\" class=\"read-more\" href=\"https:\/\/dulac-iseltwald.ch\/fr\/restaurant\/\" aria-label=\"En savoir plus sur Restaurant\">Lire plus<\/a><\/p>\n","protected":false},"author":2,"featured_media":0,"parent":0,"menu_order":0,"comment_status":"closed","ping_status":"closed","template":"","meta":{"footnotes":""},"class_list":["post-6066","page","type-page","status-publish"],"_links":{"self":[{"href":"https:\/\/dulac-iseltwald.ch\/fr\/wp-json\/wp\/v2\/pages\/6066","targetHints":{"allow":["GET"]}}],"collection":[{"href":"https:\/\/dulac-iseltwald.ch\/fr\/wp-json\/wp\/v2\/pages"}],"about":[{"href":"https:\/\/dulac-iseltwald.ch\/fr\/wp-json\/wp\/v2\/types\/page"}],"author":[{"embeddable":true,"href":"https:\/\/dulac-iseltwald.ch\/fr\/wp-json\/wp\/v2\/users\/2"}],"replies":[{"embeddable":true,"href":"https:\/\/dulac-iseltwald.ch\/fr\/wp-json\/wp\/v2\/comments?post=6066"}],"version-history":[{"count":1,"href":"https:\/\/dulac-iseltwald.ch\/fr\/wp-json\/wp\/v2\/pages\/6066\/revisions"}],"predecessor-version":[{"id":6067,"href":"https:\/\/dulac-iseltwald.ch\/fr\/wp-json\/wp\/v2\/pages\/6066\/revisions\/6067"}],"wp:attachment":[{"href":"https:\/\/dulac-iseltwald.ch\/fr\/wp-json\/wp\/v2\/media?parent=6066"}],"curies":[{"name":"wp","href":"https:\/\/api.w.org\/{rel}","templated":true}]}}