{"id":5848,"date":"2020-11-02T15:18:44","date_gmt":"2020-11-02T14:18:44","guid":{"rendered":"https:\/\/dulac-iseltwald.ch\/consigli-per-escursioni\/"},"modified":"2026-04-03T10:22:07","modified_gmt":"2026-04-03T08:22:07","slug":"consigli-per-escursioni","status":"publish","type":"page","link":"https:\/\/dulac-iseltwald.ch\/it\/consigli-per-escursioni\/","title":{"rendered":"Consigli per escursioni"},"content":{"rendered":"<div class=\"gb-container gb-container-334a7efc\"><div class=\"gb-inside-container\">\n\n<p class=\"gb-headline gb-headline-83bb8f80 gb-headline-text\">Il nostro hotel non \u00e8 solo il luogo perfetto per farti coccolare dal punto di vista culinario; anche grazie alla natura circostante siamo il punto di partenza ideale per una gita di un giorno. Come ospite dell\u2019hotel puoi richiedere da noi un tipico picnic e sarai cos\u00ec perfettamente attrezzato per un\u2019escursione o una camminata. <\/p>\n\n<\/div><\/div><div class=\"gb-container gb-container-93ab6d2f\"><div class=\"gb-inside-container\">\n<div class=\"gb-grid-wrapper gb-grid-wrapper-35d5f9ba\">\n<div class=\"gb-grid-column gb-grid-column-4b11026f\"><div class=\"gb-container gb-container-4b11026f\"><div class=\"gb-inside-container\">\n\n<h2 class=\"gb-headline gb-headline-e16840e5 gb-headline-text\">Cascate del Giessbach<\/h2>\n\n\n\n<p class=\"gb-headline gb-headline-9dad4d63 gb-headline-text\">Il Giessbach \u00e8 un torrente di montagna svizzero nell\u2019Oberland bernese che, nel Canton Berna, vicino all\u2019alpeggio di Axalp sopra Brienz, sfocia da sud nella parte nord-orientale del Lago di Brienz.<\/p>\n\n\n<div class=\"gb-button-wrapper gb-button-wrapper-0e3488ce\">\n\n<a class=\"gb-button gb-button-20dff8d4 gb-button-text\" href=\"https:\/\/dulac-iseltwald.ch\/von-iseltwald-zu-den-giessbachfaellen\/\"><strong>Guarda il percorso escursionistico<\/strong><\/a>\n\n<\/div>\n<\/div><\/div><\/div>\n\n<div class=\"gb-grid-column gb-grid-column-e6e5e244\"><div class=\"gb-container gb-container-e6e5e244\"><div class=\"gb-inside-container\">\n\n<figure class=\"wp-block-image size-large\"><img loading=\"lazy\" decoding=\"async\" width=\"1024\" height=\"684\" src=\"https:\/\/dulac-iseltwald.ch\/wp-content\/uploads\/2020\/11\/Giesbach-Wasserfall-Iseltwald-1024x684.jpg\" alt=\"Cascate del Giessbach\" class=\"wp-image-5239\" srcset=\"https:\/\/dulac-iseltwald.ch\/wp-content\/uploads\/2020\/11\/Giesbach-Wasserfall-Iseltwald-1024x684.jpg 1024w, https:\/\/dulac-iseltwald.ch\/wp-content\/uploads\/2020\/11\/Giesbach-Wasserfall-Iseltwald-300x200.jpg 300w, https:\/\/dulac-iseltwald.ch\/wp-content\/uploads\/2020\/11\/Giesbach-Wasserfall-Iseltwald-1536x1026.jpg 1536w, https:\/\/dulac-iseltwald.ch\/wp-content\/uploads\/2020\/11\/Giesbach-Wasserfall-Iseltwald-745x497.jpg 745w, https:\/\/dulac-iseltwald.ch\/wp-content\/uploads\/2020\/11\/Giesbach-Wasserfall-Iseltwald-735x491.jpg 735w, https:\/\/dulac-iseltwald.ch\/wp-content\/uploads\/2020\/11\/Giesbach-Wasserfall-Iseltwald-295x197.jpg 295w, https:\/\/dulac-iseltwald.ch\/wp-content\/uploads\/2020\/11\/Giesbach-Wasserfall-Iseltwald-375x250.jpg 375w, https:\/\/dulac-iseltwald.ch\/wp-content\/uploads\/2020\/11\/Giesbach-Wasserfall-Iseltwald.jpg 1920w\" sizes=\"auto, (max-width: 1024px) 100vw, 1024px\" \/><\/figure>\n\n<\/div><\/div><\/div>\n<\/div>\n<\/div><\/div><div class=\"gb-container gb-container-674f1555\"><div class=\"gb-inside-container\">\n<div class=\"gb-grid-wrapper gb-grid-wrapper-a159c36b\">\n<div class=\"gb-grid-column gb-grid-column-fb773f56\"><div class=\"gb-container gb-container-fb773f56\"><div class=\"gb-inside-container\">\n\n<figure class=\"wp-block-image size-large\"><img loading=\"lazy\" decoding=\"async\" width=\"1024\" height=\"683\" src=\"https:\/\/dulac-iseltwald.ch\/wp-content\/uploads\/2020\/11\/Crash-Landing-on-You-Steg-Iseltwald-1024x683.jpg\" alt=\"Crash Landing on You &#x2013; pontile di Iseltwald\" class=\"wp-image-5240\" srcset=\"https:\/\/dulac-iseltwald.ch\/wp-content\/uploads\/2020\/11\/Crash-Landing-on-You-Steg-Iseltwald-1024x683.jpg 1024w, https:\/\/dulac-iseltwald.ch\/wp-content\/uploads\/2020\/11\/Crash-Landing-on-You-Steg-Iseltwald-300x200.jpg 300w, https:\/\/dulac-iseltwald.ch\/wp-content\/uploads\/2020\/11\/Crash-Landing-on-You-Steg-Iseltwald-1536x1024.jpg 1536w, https:\/\/dulac-iseltwald.ch\/wp-content\/uploads\/2020\/11\/Crash-Landing-on-You-Steg-Iseltwald-745x497.jpg 745w, https:\/\/dulac-iseltwald.ch\/wp-content\/uploads\/2020\/11\/Crash-Landing-on-You-Steg-Iseltwald-735x490.jpg 735w, https:\/\/dulac-iseltwald.ch\/wp-content\/uploads\/2020\/11\/Crash-Landing-on-You-Steg-Iseltwald-295x197.jpg 295w, https:\/\/dulac-iseltwald.ch\/wp-content\/uploads\/2020\/11\/Crash-Landing-on-You-Steg-Iseltwald-375x250.jpg 375w, https:\/\/dulac-iseltwald.ch\/wp-content\/uploads\/2020\/11\/Crash-Landing-on-You-Steg-Iseltwald.jpg 1920w\" sizes=\"auto, (max-width: 1024px) 100vw, 1024px\" \/><\/figure>\n\n<\/div><\/div><\/div>\n\n<div class=\"gb-grid-column gb-grid-column-97c9925f\"><div class=\"gb-container gb-container-97c9925f\"><div class=\"gb-inside-container\">\n\n<h2 class=\"gb-headline gb-headline-d6039765 gb-headline-text\">\u00ab<strong>Crash Landing on You\u00bb pontile<\/strong><\/h2>\n\n\n\n<p class=\"gb-headline gb-headline-873780f9 gb-headline-text\">Sapevi che a Iseltwald \u00e8 stata girata una delle serie coreane Netflix pi\u00f9 famose? Alcuni di questi luoghi sono semplicemente meravigliosi. Saremo felici di raccontarti di pi\u00f9, anche su come raggiungere il pontile.  <\/p>\n\n\n<div class=\"gb-button-wrapper gb-button-wrapper-6329cd87\">\n\n<a class=\"gb-button gb-button-9f97ec31 gb-button-text\" href=\"https:\/\/dulac-iseltwald.ch\/it\/sulle-tracce-di-crash-landing-on-you-a-iseltwald\/\"><strong>Scopri di pi\u00f9<\/strong><\/a>\n\n<\/div>\n<\/div><\/div><\/div>\n<\/div>\n<\/div><\/div><div class=\"gb-container gb-container-e595df39\"><div class=\"gb-inside-container\">\n<div class=\"gb-grid-wrapper gb-grid-wrapper-bf676e1e\">\n<div class=\"gb-grid-column gb-grid-column-9ae51ed1\"><div class=\"gb-container gb-container-9ae51ed1\"><div class=\"gb-inside-container\">\n\n<h2 class=\"gb-headline gb-headline-2c5a3063 gb-headline-text\">Punto panoramico Senggflue<\/h2>\n\n\n\n<p class=\"gb-headline gb-headline-a56fc5e0 gb-headline-text\">Con un tempo di cammino di 45 min raggiungi lo splendido punto panoramico Senggflue. Dall\u2019alto hai una vista mozzafiato su Iseltwald fino a Brienz. <\/p>\n\n\n<div class=\"gb-button-wrapper gb-button-wrapper-0c35bf19\">\n\n<a class=\"gb-button gb-button-716857b6 gb-button-text\" href=\"https:\/\/dulac-iseltwald.ch\/it\/escursione-da-iseltwald-al-punto-panoramico-di-senggflue\/\"><strong>Guarda il percorso escursionistico<\/strong><\/a>\n\n<\/div>\n<\/div><\/div><\/div>\n\n<div class=\"gb-grid-column gb-grid-column-d07e6f21\"><div class=\"gb-container gb-container-d07e6f21\"><div class=\"gb-inside-container\">\n\n<figure class=\"wp-block-image size-large\"><img loading=\"lazy\" decoding=\"async\" width=\"1024\" height=\"683\" src=\"https:\/\/dulac-iseltwald.ch\/wp-content\/uploads\/2020\/11\/aussichtspunkt-sengg-Iseltwald-1024x683.jpg\" alt=\"punto-panoramico-sengg Iseltwald\" class=\"wp-image-5241\" srcset=\"https:\/\/dulac-iseltwald.ch\/wp-content\/uploads\/2020\/11\/aussichtspunkt-sengg-Iseltwald-1024x683.jpg 1024w, https:\/\/dulac-iseltwald.ch\/wp-content\/uploads\/2020\/11\/aussichtspunkt-sengg-Iseltwald-300x200.jpg 300w, https:\/\/dulac-iseltwald.ch\/wp-content\/uploads\/2020\/11\/aussichtspunkt-sengg-Iseltwald-1536x1024.jpg 1536w, https:\/\/dulac-iseltwald.ch\/wp-content\/uploads\/2020\/11\/aussichtspunkt-sengg-Iseltwald-745x497.jpg 745w, https:\/\/dulac-iseltwald.ch\/wp-content\/uploads\/2020\/11\/aussichtspunkt-sengg-Iseltwald-735x490.jpg 735w, https:\/\/dulac-iseltwald.ch\/wp-content\/uploads\/2020\/11\/aussichtspunkt-sengg-Iseltwald-295x197.jpg 295w, https:\/\/dulac-iseltwald.ch\/wp-content\/uploads\/2020\/11\/aussichtspunkt-sengg-Iseltwald-375x250.jpg 375w, https:\/\/dulac-iseltwald.ch\/wp-content\/uploads\/2020\/11\/aussichtspunkt-sengg-Iseltwald.jpg 1920w\" sizes=\"auto, (max-width: 1024px) 100vw, 1024px\" \/><\/figure>\n\n<\/div><\/div><\/div>\n<\/div>\n<\/div><\/div>","protected":false},"excerpt":{"rendered":"<p>Il nostro hotel non \u00e8 solo il luogo perfetto per farti coccolare dal punto di vista culinario; anche grazie alla natura circostante siamo il punto di partenza ideale per una gita di un giorno. Come ospite dell\u2019hotel puoi richiedere da noi un tipico picnic e sarai cos\u00ec perfettamente attrezzato per un\u2019escursione o una camminata.<\/p>\n","protected":false},"author":2,"featured_media":0,"parent":0,"menu_order":0,"comment_status":"closed","ping_status":"closed","template":"","meta":{"footnotes":""},"class_list":["post-5848","page","type-page","status-publish"],"_links":{"self":[{"href":"https:\/\/dulac-iseltwald.ch\/it\/wp-json\/wp\/v2\/pages\/5848","targetHints":{"allow":["GET"]}}],"collection":[{"href":"https:\/\/dulac-iseltwald.ch\/it\/wp-json\/wp\/v2\/pages"}],"about":[{"href":"https:\/\/dulac-iseltwald.ch\/it\/wp-json\/wp\/v2\/types\/page"}],"author":[{"embeddable":true,"href":"https:\/\/dulac-iseltwald.ch\/it\/wp-json\/wp\/v2\/users\/2"}],"replies":[{"embeddable":true,"href":"https:\/\/dulac-iseltwald.ch\/it\/wp-json\/wp\/v2\/comments?post=5848"}],"version-history":[{"count":1,"href":"https:\/\/dulac-iseltwald.ch\/it\/wp-json\/wp\/v2\/pages\/5848\/revisions"}],"predecessor-version":[{"id":5849,"href":"https:\/\/dulac-iseltwald.ch\/it\/wp-json\/wp\/v2\/pages\/5848\/revisions\/5849"}],"wp:attachment":[{"href":"https:\/\/dulac-iseltwald.ch\/it\/wp-json\/wp\/v2\/media?parent=5848"}],"curies":[{"name":"wp","href":"https:\/\/api.w.org\/{rel}","templated":true}]}}