{"id":5903,"date":"2020-10-12T16:51:42","date_gmt":"2020-10-12T14:51:42","guid":{"rendered":"https:\/\/dulac-iseltwald.ch\/disclaimer\/"},"modified":"2026-04-03T10:26:04","modified_gmt":"2026-04-03T08:26:04","slug":"disclaimer","status":"publish","type":"page","link":"https:\/\/dulac-iseltwald.ch\/it\/disclaimer\/","title":{"rendered":"Disclaimer"},"content":{"rendered":"\n<div class=\"gb-container gb-container-b37f660d\"><div class=\"gb-inside-container\">\n<h3 class=\"wp-block-heading\"><strong>Responsabilit\u00e0 per i contenuti<\/strong><\/h3>\n\n\n\n<p>I contenuti delle nostre pagine sono stati redatti con la massima cura. Tuttavia, non possiamo garantire l\u2019esattezza, la completezza e l\u2019attualit\u00e0 dei contenuti. La nostra offerta contiene link a siti web esterni di terzi, sui cui contenuti non abbiamo alcuna influenza. Pertanto, non possiamo assumerci alcuna garanzia per tali contenuti esterni. Per i contenuti delle pagine collegate \u00e8 sempre responsabile il rispettivo fornitore o gestore delle pagine. Le pagine collegate sono state verificate, al momento del collegamento, per eventuali violazioni di legge. Al momento del collegamento non erano riconoscibili contenuti illeciti. Tuttavia, un controllo permanente dei contenuti delle pagine collegate non \u00e8 ragionevole senza indizi concreti di una violazione di legge. In caso venissimo a conoscenza di violazioni di legge, rimuoveremo immediatamente tali link.        <\/p>\n\n\n\n<h3 class=\"wp-block-heading\"><strong>Privacy<\/strong><\/h3>\n\n\n\n<p>Di norma, l\u2019utilizzo del nostro sito web \u00e8 possibile senza fornire dati personali. Qualora sulle nostre pagine vengano raccolti dati personali (ad esempio nome, indirizzo o indirizzi e-mail), ci\u00f2 avviene, ove possibile, sempre su base volontaria. Questi dati non vengono trasmessi a terzi senza il tuo esplicito consenso.  <\/p>\n\n\n\n<p>Ti informiamo che la trasmissione dei dati su Internet (ad es. nella comunicazione via e-mail) pu\u00f2 presentare vulnerabilit\u00e0 di sicurezza. Non \u00e8 possibile garantire una protezione completa dei dati dall\u2019accesso da parte di terzi. <\/p>\n\n\n\n<p>Con la presente si contesta espressamente l\u2019utilizzo, da parte di terzi, dei dati di contatto pubblicati nell\u2019ambito dell\u2019obbligo di indicare i dati legali (Impressum) per l\u2019invio di pubblicit\u00e0 e materiale informativo non espressamente richiesti. I gestori delle pagine si riservano espressamente di intraprendere azioni legali in caso di invio non richiesto di informazioni pubblicitarie, ad esempio tramite e-mail di spam. <\/p>\n<\/div><\/div>\n","protected":false},"excerpt":{"rendered":"<p>Responsabilit\u00e0 per i contenuti I contenuti delle nostre pagine sono stati redatti con la massima cura. Tuttavia, non possiamo garantire l\u2019esattezza, la completezza e l\u2019attualit\u00e0 dei contenuti. La nostra offerta contiene link a siti web esterni di terzi, sui cui contenuti non abbiamo alcuna influenza. Pertanto, non possiamo assumerci alcuna garanzia per tali contenuti esterni. &#8230; <a title=\"Disclaimer\" class=\"read-more\" href=\"https:\/\/dulac-iseltwald.ch\/it\/disclaimer\/\" aria-label=\"Per saperne di pi\u00f9 su Disclaimer\">Leggi tutto<\/a><\/p>\n","protected":false},"author":2,"featured_media":0,"parent":0,"menu_order":0,"comment_status":"closed","ping_status":"closed","template":"","meta":{"footnotes":""},"class_list":["post-5903","page","type-page","status-publish"],"_links":{"self":[{"href":"https:\/\/dulac-iseltwald.ch\/it\/wp-json\/wp\/v2\/pages\/5903","targetHints":{"allow":["GET"]}}],"collection":[{"href":"https:\/\/dulac-iseltwald.ch\/it\/wp-json\/wp\/v2\/pages"}],"about":[{"href":"https:\/\/dulac-iseltwald.ch\/it\/wp-json\/wp\/v2\/types\/page"}],"author":[{"embeddable":true,"href":"https:\/\/dulac-iseltwald.ch\/it\/wp-json\/wp\/v2\/users\/2"}],"replies":[{"embeddable":true,"href":"https:\/\/dulac-iseltwald.ch\/it\/wp-json\/wp\/v2\/comments?post=5903"}],"version-history":[{"count":1,"href":"https:\/\/dulac-iseltwald.ch\/it\/wp-json\/wp\/v2\/pages\/5903\/revisions"}],"predecessor-version":[{"id":5904,"href":"https:\/\/dulac-iseltwald.ch\/it\/wp-json\/wp\/v2\/pages\/5903\/revisions\/5904"}],"wp:attachment":[{"href":"https:\/\/dulac-iseltwald.ch\/it\/wp-json\/wp\/v2\/media?parent=5903"}],"curies":[{"name":"wp","href":"https:\/\/api.w.org\/{rel}","templated":true}]}}