{"id":6068,"date":"2020-10-12T16:47:01","date_gmt":"2020-10-12T14:47:01","guid":{"rendered":"https:\/\/dulac-iseltwald.ch\/ristorante\/"},"modified":"2026-04-03T10:27:31","modified_gmt":"2026-04-03T08:27:31","slug":"ristorante","status":"publish","type":"page","link":"https:\/\/dulac-iseltwald.ch\/it\/ristorante\/","title":{"rendered":"Ristorante"},"content":{"rendered":"<div class=\"gb-container gb-container-490c64f6\"><div class=\"gb-inside-container\">\n\n<p class=\"has-text-align-center\">Appena pescato e preparato per te in tante fantasiose varianti stagionali<\/p>\n\n\n\n<p class=\"has-text-align-center\">Anche se non soggiorni da noi, dovresti assolutamente pianificare una sosta culinaria qui a Iseltwald. Nelle giornate calde, la terrazza offre una vista splendida sul Lago di Brienz e su tramonti romantici: la cornice perfetta per un evento aziendale, una festa di famiglia o una vivace festa estiva. Saremo lieti di aiutarti nella pianificazione con idee fresche e creative.  <\/p>\n\n\n\n<p class=\"has-text-align-center\"><a href=\"https:\/\/dulac-iseltwald.ch\/it\/contatti\/\">Prenota<\/a> oggi stesso il tuo tavolo, ti aspettiamo. <strong>Luned\u00ec<\/strong> <strong>e marted\u00ec,<\/strong> <strong>giorno di riposo.<\/strong><\/p>\n\n<\/div><\/div><div class=\"gb-container gb-container-b64329ed\"><div class=\"gb-inside-container\">\n\n<p class=\"has-text-align-center\">Cucina aperta: 11:30 \u2013 13:45 e 18:00 \u2013 20:15<br\/>Domenica: 11:30 \u2013 20:15 cucina con orario continuato<\/p>\n\n\n\n<p class=\"gb-headline gb-headline-0d7b4c8c gb-headline-text\"><span class=\"gb-icon\"><\/span><span class=\"gb-headline-text\">Le persone in sedia a rotelle possono accedere al ristorante tramite l&#8217;ingresso senza gradini.<\/span><\/p>\n\n<\/div><\/div><div class=\"gb-container gb-container-785fa953\"><div class=\"gb-inside-container\">\n<div class=\"gb-grid-wrapper gb-grid-wrapper-7c58364b\">\n<div class=\"gb-grid-column gb-grid-column-43e609f6\"><div class=\"gb-container gb-container-43e609f6\"><div class=\"gb-inside-container\">\n\n<figure class=\"wp-block-image size-large\"><img loading=\"lazy\" decoding=\"async\" width=\"1024\" height=\"683\" src=\"https:\/\/dulac-iseltwald.ch\/wp-content\/uploads\/2020\/11\/Hotel-Chalet-Du-Lac-Felchenknusperli-1024x683.jpg\" alt=\"Hotel-Chalet-Du-Lac-Felchenknusperli\" class=\"wp-image-5235\" srcset=\"https:\/\/dulac-iseltwald.ch\/wp-content\/uploads\/2020\/11\/Hotel-Chalet-Du-Lac-Felchenknusperli-1024x683.jpg 1024w, https:\/\/dulac-iseltwald.ch\/wp-content\/uploads\/2020\/11\/Hotel-Chalet-Du-Lac-Felchenknusperli-300x200.jpg 300w, https:\/\/dulac-iseltwald.ch\/wp-content\/uploads\/2020\/11\/Hotel-Chalet-Du-Lac-Felchenknusperli-1536x1024.jpg 1536w, https:\/\/dulac-iseltwald.ch\/wp-content\/uploads\/2020\/11\/Hotel-Chalet-Du-Lac-Felchenknusperli-745x497.jpg 745w, https:\/\/dulac-iseltwald.ch\/wp-content\/uploads\/2020\/11\/Hotel-Chalet-Du-Lac-Felchenknusperli-735x490.jpg 735w, https:\/\/dulac-iseltwald.ch\/wp-content\/uploads\/2020\/11\/Hotel-Chalet-Du-Lac-Felchenknusperli-295x197.jpg 295w, https:\/\/dulac-iseltwald.ch\/wp-content\/uploads\/2020\/11\/Hotel-Chalet-Du-Lac-Felchenknusperli-375x250.jpg 375w, https:\/\/dulac-iseltwald.ch\/wp-content\/uploads\/2020\/11\/Hotel-Chalet-Du-Lac-Felchenknusperli.jpg 1920w\" sizes=\"auto, (max-width: 1024px) 100vw, 1024px\" \/><\/figure>\n\n<\/div><\/div><\/div>\n\n<div class=\"gb-grid-column gb-grid-column-89bdabcb\"><div class=\"gb-container gb-container-89bdabcb\"><div class=\"gb-inside-container\">\n\n<h2 class=\"gb-headline gb-headline-a12be6d2 gb-headline-text\">Menu<\/h2>\n\n\n\n<p class=\"gb-headline gb-headline-9dfa3aae gb-headline-text\">La nostra cucina \u00e8 rinomata per le specialit\u00e0 di pesce. Non c&#8217;\u00e8 da stupirsi, dato che molti degli ingredienti provengono dalle acque locali e arrivano nel tuo piatto in pochissimo tempo. La nostra fonduta di pesce \u00e8 un consiglio da veri intenditori.  <\/p>\n\n\n<div class=\"gb-button-wrapper gb-button-wrapper-cb643394\">\n\n<a class=\"gb-button gb-button-2a37dc88 gb-button-text\" href=\"https:\/\/dulac-iseltwald.ch\/wp-content\/uploads\/2025\/07\/bassa-risoluzione-MENUKARTE_2025-copertina-ok.pdf\" target=\"_blank\" rel=\"noopener noreferrer\">Visualizza il menu<\/a>\n\n<\/div>\n<\/div><\/div><\/div>\n<\/div>\n<\/div><\/div><div class=\"gb-container gb-container-1e021067\"><div class=\"gb-inside-container\">\n<div class=\"gb-grid-wrapper gb-grid-wrapper-6ffde70b\">\n<div class=\"gb-grid-column gb-grid-column-b39ab1d9\"><div class=\"gb-container gb-container-b39ab1d9\"><div class=\"gb-inside-container\">\n\n<h2 class=\"gb-headline gb-headline-9996a216 gb-headline-text\">Vini<\/h2>\n\n\n\n<p class=\"gb-headline gb-headline-47ca00ec gb-headline-text\">Buon divertimento alla scoperta della nostra cantina.<br>Abbiamo selezionato per te un&#8217;ampia scelta di ottimi vini.<br>Se desideri, saremo lieti di consigliarti.<br>Offriamo regolarmente diversi vini di qualit\u00e0 anche al calice.<\/p>\n\n\n<div class=\"gb-button-wrapper gb-button-wrapper-c3af3ca8\">\n\n<a class=\"gb-button gb-button-01224298 gb-button-text\" href=\"https:\/\/dulac-iseltwald.ch\/wp-content\/uploads\/2025\/06\/Weinkarte-Chalet-du-Lac-05.2025.pdf\" target=\"_blank\" rel=\"noopener noreferrer\">Visualizza la carta dei vini<\/a>\n\n<\/div>\n<\/div><\/div><\/div>\n\n<div class=\"gb-grid-column gb-grid-column-7e6b20f1\"><div class=\"gb-container gb-container-7e6b20f1\"><div class=\"gb-inside-container\">\n\n<figure class=\"wp-block-image size-large\"><img loading=\"lazy\" decoding=\"async\" width=\"1024\" height=\"683\" src=\"https:\/\/dulac-iseltwald.ch\/wp-content\/uploads\/2020\/11\/Wein-Chalet-Du-Lac-1024x683.jpg\" alt=\"Wein-Chalet-Du-Lac\" class=\"wp-image-5236\" srcset=\"https:\/\/dulac-iseltwald.ch\/wp-content\/uploads\/2020\/11\/Wein-Chalet-Du-Lac-1024x683.jpg 1024w, https:\/\/dulac-iseltwald.ch\/wp-content\/uploads\/2020\/11\/Wein-Chalet-Du-Lac-300x200.jpg 300w, https:\/\/dulac-iseltwald.ch\/wp-content\/uploads\/2020\/11\/Wein-Chalet-Du-Lac-1536x1024.jpg 1536w, https:\/\/dulac-iseltwald.ch\/wp-content\/uploads\/2020\/11\/Wein-Chalet-Du-Lac-745x497.jpg 745w, https:\/\/dulac-iseltwald.ch\/wp-content\/uploads\/2020\/11\/Wein-Chalet-Du-Lac-735x490.jpg 735w, https:\/\/dulac-iseltwald.ch\/wp-content\/uploads\/2020\/11\/Wein-Chalet-Du-Lac-295x197.jpg 295w, https:\/\/dulac-iseltwald.ch\/wp-content\/uploads\/2020\/11\/Wein-Chalet-Du-Lac-375x250.jpg 375w, https:\/\/dulac-iseltwald.ch\/wp-content\/uploads\/2020\/11\/Wein-Chalet-Du-Lac.jpg 1620w\" sizes=\"auto, (max-width: 1024px) 100vw, 1024px\" \/><\/figure>\n\n<\/div><\/div><\/div>\n<\/div>\n<\/div><\/div><div class=\"gb-container gb-container-6e999d7e\"><div class=\"gb-inside-container\">\n<div class=\"gb-grid-wrapper gb-grid-wrapper-4e6a378b\">\n<div class=\"gb-grid-column gb-grid-column-52c0b412\"><div class=\"gb-container gb-container-52c0b412\"><div class=\"gb-inside-container\">\n\n<h2 class=\"gb-headline gb-headline-25bbb656 gb-headline-text\">Le nostre proposte di menu<\/h2>\n\n\n\n<p class=\"gb-headline gb-headline-cf8dd46e gb-headline-text\">Desideri organizzare un evento da noi? Ti proponiamo volentieri le seguenti opzioni di menu. <\/p>\n\n\n<div class=\"gb-button-wrapper gb-button-wrapper-81dad967\">\n\n<a class=\"gb-button gb-button-79fc594d gb-button-text\" href=\"https:\/\/dulac-iseltwald.ch\/wp-content\/uploads\/2023\/02\/Menuvorschlaege-2023.pdf\" target=\"_blank\" rel=\"noopener noreferrer\">Proposte di menu<\/a>\n\n<\/div>\n<\/div><\/div><\/div>\n<\/div>\n<\/div><\/div>","protected":false},"excerpt":{"rendered":"<p>Appena pescato e preparato per te in tante fantasiose varianti stagionali Anche se non soggiorni da noi, dovresti assolutamente pianificare una sosta culinaria qui a Iseltwald. Nelle giornate calde, la terrazza offre una vista splendida sul Lago di Brienz e su tramonti romantici: la cornice perfetta per un evento aziendale, una festa di famiglia o &#8230; <a title=\"Ristorante\" class=\"read-more\" href=\"https:\/\/dulac-iseltwald.ch\/it\/ristorante\/\" aria-label=\"Per saperne di pi\u00f9 su Ristorante\">Leggi tutto<\/a><\/p>\n","protected":false},"author":2,"featured_media":0,"parent":0,"menu_order":0,"comment_status":"closed","ping_status":"closed","template":"","meta":{"footnotes":""},"class_list":["post-6068","page","type-page","status-publish"],"_links":{"self":[{"href":"https:\/\/dulac-iseltwald.ch\/it\/wp-json\/wp\/v2\/pages\/6068","targetHints":{"allow":["GET"]}}],"collection":[{"href":"https:\/\/dulac-iseltwald.ch\/it\/wp-json\/wp\/v2\/pages"}],"about":[{"href":"https:\/\/dulac-iseltwald.ch\/it\/wp-json\/wp\/v2\/types\/page"}],"author":[{"embeddable":true,"href":"https:\/\/dulac-iseltwald.ch\/it\/wp-json\/wp\/v2\/users\/2"}],"replies":[{"embeddable":true,"href":"https:\/\/dulac-iseltwald.ch\/it\/wp-json\/wp\/v2\/comments?post=6068"}],"version-history":[{"count":1,"href":"https:\/\/dulac-iseltwald.ch\/it\/wp-json\/wp\/v2\/pages\/6068\/revisions"}],"predecessor-version":[{"id":6069,"href":"https:\/\/dulac-iseltwald.ch\/it\/wp-json\/wp\/v2\/pages\/6068\/revisions\/6069"}],"wp:attachment":[{"href":"https:\/\/dulac-iseltwald.ch\/it\/wp-json\/wp\/v2\/media?parent=6068"}],"curies":[{"name":"wp","href":"https:\/\/api.w.org\/{rel}","templated":true}]}}